{"id":523,"date":"2026-01-28T07:20:46","date_gmt":"2026-01-28T07:20:46","guid":{"rendered":"https:\/\/vivinaillab.com\/?page_id=523"},"modified":"2026-01-28T07:20:47","modified_gmt":"2026-01-28T07:20:47","slug":"shipping-policy","status":"publish","type":"page","link":"https:\/\/vivinaillab.com\/de\/shipping-policy\/","title":{"rendered":"Versandrichtlinien"},"content":{"rendered":"<p>Wir wissen, wie sehr sich unsere Kunden auf ihre neuen Produkte freuen. Deshalb werden alle Bestellungen innerhalb von zwei Werktagen verpackt und versendet. Die voraussichtliche Lieferzeit und der Versanddienstleister variieren je nach Zielort.<\/p>\n\n\n\n<h2 class=\"wp-block-heading\">Lieferzeit<\/h2>\n\n\n\n<p>K\u00e4ufer sind in den jeweiligen L\u00e4ndern, in denen dies gilt, f\u00fcr lokale Z\u00f6lle, Steuern und Vorauszahlungsgeb\u00fchren bei Lieferung verantwortlich.<\/p>\n\n\n\n<p>Wir \u00fcbernehmen keine Haftung f\u00fcr verloren gegangene, gestohlene, manipulierte oder vom Transportunternehmen versp\u00e4tete Pakete.<\/p>\n\n\n\n<h4 class=\"wp-block-heading\"><strong>Nordamerika<\/strong><\/h4>\n\n\n\n<p>Etwa 7-15 Werktage.<br>Wir nehmen Bestellungen jederzeit entgegen \u2013 rund um die Uhr, 7 Tage die Woche. Bestellungen, die aufgegeben werden am\u00a0<a href=\"https:\/\/vivinaillab.com\/de\/\">vivinaillab.com<\/a>\u00a0Bestellungen werden innerhalb von 2 Werktagen bearbeitet und versendet. Bestellungen, die nach 13:00 Uhr EST eingehen, werden am folgenden Werktag bearbeitet. Alle Bestellungen, die samstags und sonntags eingehen, werden am folgenden Werktag bearbeitet.<\/p>\n\n\n\n<h4 class=\"wp-block-heading\"><strong>Europa und Gro\u00dfbritannien<\/strong><\/h4>\n\n\n\n<p>Etwa 10-20 Werktage.<\/p>\n\n\n\n<h4 class=\"wp-block-heading\"><strong>Asien-Pazifik<\/strong><\/h4>\n\n\n\n<p>Etwa 7-15 Werktage.<\/p>\n\n\n\n<h4 class=\"wp-block-heading\"><strong>Lateinamerika<\/strong><\/h4>\n\n\n\n<p>Etwa 10-20 Werktage.<\/p>\n\n\n\n<p>Nicht alle Optionen sind in allen L\u00e4ndern verf\u00fcgbar. Kosten und kostenloser Versand variieren je nach Land. Bitte pr\u00fcfen Sie dies im Warenkorb! K\u00e4ufer sind gegebenenfalls f\u00fcr anfallende lokale Z\u00f6lle, Steuern und Bearbeitungsgeb\u00fchren bei der Lieferung verantwortlich.<\/p>\n\n\n\n<h2 class=\"wp-block-heading\">Versand in die Feiertage<\/h2>\n\n\n\n<p>Wir m\u00f6chten Sie dar\u00fcber informieren, dass die Lieferung Ihrer Bestellung und die Bearbeitung von R\u00fccksendungen etwas l\u00e4nger als \u00fcblich dauern k\u00f6nnten.<\/p>\n\n\n\n<h2 class=\"wp-block-heading\">Kontaktieren Sie uns<\/h2>\n\n\n\n<p>Wenn Sie Fragen zu diesen Bedingungen haben, wenden Sie sich bitte an uns.\u00a0<a href=\"\/de\/contact\/\">Kontaktieren Sie uns<\/a>.<\/p>","protected":false},"excerpt":{"rendered":"<p>We know how excited our customers are to receive their new products, so all orders are packaged and shipped within 2 business day. Estimated delivery time<span class=\"excerpt-hellip\"> [\u2026]<\/span><\/p>","protected":false},"author":1,"featured_media":0,"parent":0,"menu_order":0,"comment_status":"closed","ping_status":"closed","template":"","meta":{"footnotes":""},"class_list":["post-523","page","type-page","status-publish","hentry"],"yoast_head":"<!-- This site is optimized with the Yoast SEO plugin v26.6 - https:\/\/yoast.com\/wordpress\/plugins\/seo\/ -->\n<title>Shipping Policy - ViviNail - Professional Nail Gel Supply<\/title>\n<meta name=\"robots\" content=\"index, follow, max-snippet:-1, max-image-preview:large, max-video-preview:-1\" \/>\n<link rel=\"canonical\" href=\"https:\/\/vivinaillab.com\/de\/shipping-policy\/\" \/>\n<meta property=\"og:locale\" content=\"de_DE\" \/>\n<meta property=\"og:type\" content=\"article\" \/>\n<meta property=\"og:title\" content=\"Shipping Policy - ViviNail - Professional Nail Gel Supply\" \/>\n<meta property=\"og:description\" content=\"We know how excited our customers are to receive their new products, so all orders are packaged and shipped within 2 business day. Estimated delivery time [\u2026]\" \/>\n<meta property=\"og:url\" content=\"https:\/\/vivinaillab.com\/de\/shipping-policy\/\" \/>\n<meta property=\"og:site_name\" content=\"ViviNail - Professional Nail Gel Supply\" \/>\n<meta property=\"article:modified_time\" content=\"2026-01-28T07:20:47+00:00\" \/>\n<meta name=\"twitter:card\" content=\"summary_large_image\" \/>\n<meta name=\"twitter:label1\" content=\"Gesch\u00e4tzte Lesezeit\" \/>\n\t<meta name=\"twitter:data1\" content=\"1\u00a0Minute\" \/>\n<script type=\"application\/ld+json\" class=\"yoast-schema-graph\">{\"@context\":\"https:\/\/schema.org\",\"@graph\":[{\"@type\":\"WebPage\",\"@id\":\"https:\/\/vivinaillab.com\/shipping-policy\/\",\"url\":\"https:\/\/vivinaillab.com\/shipping-policy\/\",\"name\":\"Shipping Policy - ViviNail - Professional Nail Gel Supply\",\"isPartOf\":{\"@id\":\"https:\/\/vivinaillab.com\/#website\"},\"datePublished\":\"2026-01-28T07:20:46+00:00\",\"dateModified\":\"2026-01-28T07:20:47+00:00\",\"breadcrumb\":{\"@id\":\"https:\/\/vivinaillab.com\/shipping-policy\/#breadcrumb\"},\"inLanguage\":\"de\",\"potentialAction\":[{\"@type\":\"ReadAction\",\"target\":[\"https:\/\/vivinaillab.com\/shipping-policy\/\"]}]},{\"@type\":\"BreadcrumbList\",\"@id\":\"https:\/\/vivinaillab.com\/shipping-policy\/#breadcrumb\",\"itemListElement\":[{\"@type\":\"ListItem\",\"position\":1,\"name\":\"Home\",\"item\":\"https:\/\/vivinaillab.com\/\"},{\"@type\":\"ListItem\",\"position\":2,\"name\":\"Shipping Policy\"}]},{\"@type\":\"WebSite\",\"@id\":\"https:\/\/vivinaillab.com\/#website\",\"url\":\"https:\/\/vivinaillab.com\/\",\"name\":\"ViviNail - Professional Nail Gel Supply\",\"description\":\"ViviNail - Professional Nail Gel Supply\",\"potentialAction\":[{\"@type\":\"SearchAction\",\"target\":{\"@type\":\"EntryPoint\",\"urlTemplate\":\"https:\/\/vivinaillab.com\/?s={search_term_string}\"},\"query-input\":{\"@type\":\"PropertyValueSpecification\",\"valueRequired\":true,\"valueName\":\"search_term_string\"}}],\"inLanguage\":\"de\"}]}<\/script>\n<!-- \/ Yoast SEO plugin. -->","yoast_head_json":{"title":"Shipping Policy - ViviNail - Professional Nail Gel Supply","robots":{"index":"index","follow":"follow","max-snippet":"max-snippet:-1","max-image-preview":"max-image-preview:large","max-video-preview":"max-video-preview:-1"},"canonical":"https:\/\/vivinaillab.com\/de\/shipping-policy\/","og_locale":"de_DE","og_type":"article","og_title":"Shipping Policy - ViviNail - Professional Nail Gel Supply","og_description":"We know how excited our customers are to receive their new products, so all orders are packaged and shipped within 2 business day. Estimated delivery time [\u2026]","og_url":"https:\/\/vivinaillab.com\/de\/shipping-policy\/","og_site_name":"ViviNail - Professional Nail Gel Supply","article_modified_time":"2026-01-28T07:20:47+00:00","twitter_card":"summary_large_image","twitter_misc":{"Gesch\u00e4tzte Lesezeit":"1\u00a0Minute"},"schema":{"@context":"https:\/\/schema.org","@graph":[{"@type":"WebPage","@id":"https:\/\/vivinaillab.com\/shipping-policy\/","url":"https:\/\/vivinaillab.com\/shipping-policy\/","name":"Shipping Policy - ViviNail - Professional Nail Gel Supply","isPartOf":{"@id":"https:\/\/vivinaillab.com\/#website"},"datePublished":"2026-01-28T07:20:46+00:00","dateModified":"2026-01-28T07:20:47+00:00","breadcrumb":{"@id":"https:\/\/vivinaillab.com\/shipping-policy\/#breadcrumb"},"inLanguage":"de","potentialAction":[{"@type":"ReadAction","target":["https:\/\/vivinaillab.com\/shipping-policy\/"]}]},{"@type":"BreadcrumbList","@id":"https:\/\/vivinaillab.com\/shipping-policy\/#breadcrumb","itemListElement":[{"@type":"ListItem","position":1,"name":"Home","item":"https:\/\/vivinaillab.com\/"},{"@type":"ListItem","position":2,"name":"Shipping Policy"}]},{"@type":"WebSite","@id":"https:\/\/vivinaillab.com\/#website","url":"https:\/\/vivinaillab.com\/","name":"ViviNail - Professional Nail Gel Supply","description":"ViviNail - Professional Nail Gel Supply","potentialAction":[{"@type":"SearchAction","target":{"@type":"EntryPoint","urlTemplate":"https:\/\/vivinaillab.com\/?s={search_term_string}"},"query-input":{"@type":"PropertyValueSpecification","valueRequired":true,"valueName":"search_term_string"}}],"inLanguage":"de"}]}},"_links":{"self":[{"href":"https:\/\/vivinaillab.com\/de\/wp-json\/wp\/v2\/pages\/523","targetHints":{"allow":["GET"]}}],"collection":[{"href":"https:\/\/vivinaillab.com\/de\/wp-json\/wp\/v2\/pages"}],"about":[{"href":"https:\/\/vivinaillab.com\/de\/wp-json\/wp\/v2\/types\/page"}],"author":[{"embeddable":true,"href":"https:\/\/vivinaillab.com\/de\/wp-json\/wp\/v2\/users\/1"}],"replies":[{"embeddable":true,"href":"https:\/\/vivinaillab.com\/de\/wp-json\/wp\/v2\/comments?post=523"}],"version-history":[{"count":1,"href":"https:\/\/vivinaillab.com\/de\/wp-json\/wp\/v2\/pages\/523\/revisions"}],"predecessor-version":[{"id":531,"href":"https:\/\/vivinaillab.com\/de\/wp-json\/wp\/v2\/pages\/523\/revisions\/531"}],"wp:attachment":[{"href":"https:\/\/vivinaillab.com\/de\/wp-json\/wp\/v2\/media?parent=523"}],"curies":[{"name":"wp","href":"https:\/\/api.w.org\/{rel}","templated":true}]}}