{"id":524,"date":"2026-01-28T07:19:40","date_gmt":"2026-01-28T07:19:40","guid":{"rendered":"https:\/\/vivinaillab.com\/?page_id=524"},"modified":"2026-01-28T07:19:41","modified_gmt":"2026-01-28T07:19:41","slug":"privacy-policy","status":"publish","type":"page","link":"https:\/\/vivinaillab.com\/de\/privacy-policy\/","title":{"rendered":"Datenschutzrichtlinie"},"content":{"rendered":"<p>Horoscope Crystal (\u201ewir\u201c, \u201euns\u201c oder \u201eunser\u201c) betreibt die Website ViviNail Nail Art Lab (der \u201eDienst\u201c).<\/p>\n\n\n\n<p>Diese Seite informiert Sie \u00fcber unsere Richtlinien hinsichtlich der Erhebung, Verwendung und Weitergabe personenbezogener Daten, wenn Sie unseren Service nutzen.<\/p>\n\n\n\n<p>Wir werden Ihre Daten nur wie in dieser Datenschutzerkl\u00e4rung beschrieben verwenden oder an Dritte weitergeben.<\/p>\n\n\n\n<p>Wir verwenden Ihre personenbezogenen Daten, um den Service bereitzustellen und zu verbessern. Durch die Nutzung des Services stimmen Sie der Erhebung und Verwendung von Daten gem\u00e4\u00df dieser Richtlinie zu. Sofern in dieser Datenschutzrichtlinie nicht anders definiert, haben die hier verwendeten Begriffe dieselbe Bedeutung wie in unseren Allgemeinen Gesch\u00e4ftsbedingungen, die unter https:\/\/vivinaillab.com abrufbar sind.<\/p>\n\n\n\n<h2 class=\"wp-block-heading\">Datenerfassung und -nutzung<\/h2>\n\n\n\n<p>Bei der Nutzung unseres Dienstes bitten wir Sie m\u00f6glicherweise um bestimmte personenbezogene Daten, die zur Kontaktaufnahme oder Identifizierung Ihrer Person verwendet werden k\u00f6nnen. Zu diesen personenbezogenen Daten (\u201ePers\u00f6nliche Informationen\u201c) geh\u00f6ren unter anderem:<\/p>\n\n\n\n<ul class=\"wp-block-list\">\n<li>Name<\/li>\n\n\n\n<li>E-Mail-Adresse<\/li>\n\n\n\n<li>Telefonnummer<\/li>\n\n\n\n<li>Adresse<\/li>\n<\/ul>\n\n\n\n<h2 class=\"wp-block-heading\">Protokolldaten<\/h2>\n\n\n\n<p>Wir erfassen Informationen, die Ihr Browser sendet, wenn Sie unseren Dienst besuchen (\u201eProtokolldaten\u201c). Diese Protokolldaten k\u00f6nnen Informationen wie die IP-Adresse Ihres Computers, Browsertyp, Browserversion, die von Ihnen besuchten Seiten unseres Dienstes, Datum und Uhrzeit Ihres Besuchs, die Verweildauer auf diesen Seiten und weitere Statistiken enthalten.<\/p>\n\n\n\n<h2 class=\"wp-block-heading\">Cookies<\/h2>\n\n\n\n<p>Cookies sind kleine Textdateien, die eine anonyme, eindeutige Kennung enthalten k\u00f6nnen. Sie werden von einer Website an Ihren Browser gesendet und auf der Festplatte Ihres Computers gespeichert.<\/p>\n\n\n\n<p>Wir verwenden Cookies, um Informationen zu sammeln. Sie k\u00f6nnen Ihren Browser so einstellen, dass er alle Cookies ablehnt oder Sie benachrichtigt, wenn ein Cookie gesendet wird. Wenn Sie jedoch keine Cookies akzeptieren, k\u00f6nnen Sie m\u00f6glicherweise einige Bereiche unseres Dienstes nicht nutzen.<\/p>\n\n\n\n<h2 class=\"wp-block-heading\">Dienstleister<\/h2>\n\n\n\n<p>Wir k\u00f6nnen Drittunternehmen und Einzelpersonen beauftragen, unseren Service zu erleichtern, den Service in unserem Namen bereitzustellen, servicebezogene Dienstleistungen zu erbringen oder uns bei der Analyse der Nutzung unseres Services zu unterst\u00fctzen.<\/p>\n\n\n\n<p>Diese Drittparteien haben nur Zugriff auf Ihre personenbezogenen Daten, um diese Aufgaben in unserem Auftrag auszuf\u00fchren, und sind verpflichtet, diese Daten nicht offenzulegen oder f\u00fcr andere Zwecke zu verwenden.<\/p>\n\n\n\n<h2 class=\"wp-block-heading\">Sicherheit<\/h2>\n\n\n\n<p>Die Sicherheit Ihrer personenbezogenen Daten ist uns wichtig. Bitte beachten Sie jedoch, dass keine Methode der Daten\u00fcbertragung \u00fcber das Internet oder der elektronischen Speicherung hundertprozentige Sicherheit gew\u00e4hrleisten kann. Obwohl wir uns bem\u00fchen, Ihre personenbezogenen Daten mit wirtschaftlich vertretbaren Mitteln zu sch\u00fctzen, k\u00f6nnen wir deren absolute Sicherheit nicht garantieren.<\/p>\n\n\n\n<h2 class=\"wp-block-heading\">Links zu anderen Websites<\/h2>\n\n\n\n<p>Unser Service kann Links zu anderen Websites enthalten, die nicht von uns betrieben werden. Wenn Sie auf einen Link eines Drittanbieters klicken, werden Sie auf dessen Website weitergeleitet. Wir empfehlen Ihnen dringend, die Datenschutzrichtlinien jeder Website, die Sie besuchen, zu lesen.<\/p>\n\n\n\n<p>Wir haben keine Kontrolle \u00fcber die Inhalte, Datenschutzrichtlinien oder Praktiken von Websites oder Diensten Dritter und \u00fcbernehmen daf\u00fcr auch keine Verantwortung.<\/p>\n\n\n\n<h2 class=\"wp-block-heading\">Datenschutz f\u00fcr Kinder<\/h2>\n\n\n\n<p>Unser Service richtet sich nicht an Personen unter 18 Jahren (\u201eKinder\u201c).<\/p>\n\n\n\n<p>Wir erfassen wissentlich keine personenbezogenen Daten von Kindern unter 18 Jahren. Sollten Sie als Elternteil oder Erziehungsberechtigter feststellen, dass Ihr Kind uns personenbezogene Daten \u00fcbermittelt hat, kontaktieren Sie uns bitte. Sobald wir Kenntnis davon erlangen, werden wir diese Daten umgehend von unseren Servern l\u00f6schen.<\/p>\n\n\n\n<h2 class=\"wp-block-heading\">Einhaltung der Gesetze<\/h2>\n\n\n\n<p>Wir werden Ihre personenbezogenen Daten offenlegen, wenn dies gesetzlich oder durch eine Vorladung vorgeschrieben ist.<\/p>\n\n\n\n<h2 class=\"wp-block-heading\">\u00c4nderungen dieser Datenschutzrichtlinie<\/h2>\n\n\n\n<p>Wir k\u00f6nnen unsere Datenschutzrichtlinie von Zeit zu Zeit aktualisieren. Wir werden Sie \u00fcber alle \u00c4nderungen informieren, indem wir die neue Datenschutzrichtlinie auf dieser Seite ver\u00f6ffentlichen.<\/p>\n\n\n\n<p>Wir empfehlen Ihnen, diese Datenschutzrichtlinie regelm\u00e4\u00dfig auf \u00c4nderungen zu \u00fcberpr\u00fcfen. \u00c4nderungen an dieser Datenschutzrichtlinie treten mit ihrer Ver\u00f6ffentlichung auf dieser Seite in Kraft.<\/p>\n\n\n\n<h2 class=\"wp-block-heading\">Kontaktieren Sie uns<\/h2>\n\n\n\n<p>Wenn Sie Fragen zu dieser Datenschutzrichtlinie haben, wenden Sie sich bitte an uns.\u00a0<a href=\"\/de\/contact\/\">Kontaktieren Sie uns<\/a>.<\/p>","protected":false},"excerpt":{"rendered":"<p>Horoscope Crystal (\u201cus\u201d, \u201cwe\u201d, or \u201cour\u201d) operates the ViviNail Nail Art Lab website (the \u201cService\u201d). This page informs you of our policies regarding the collection, use<span class=\"excerpt-hellip\"> [\u2026]<\/span><\/p>","protected":false},"author":1,"featured_media":0,"parent":0,"menu_order":0,"comment_status":"closed","ping_status":"closed","template":"","meta":{"footnotes":""},"class_list":["post-524","page","type-page","status-publish","hentry"],"yoast_head":"<!-- This site is optimized with the Yoast SEO plugin v26.6 - https:\/\/yoast.com\/wordpress\/plugins\/seo\/ -->\n<title>Privacy Policy - ViviNail - Professional Nail Gel Supply<\/title>\n<meta name=\"robots\" content=\"index, follow, max-snippet:-1, max-image-preview:large, max-video-preview:-1\" \/>\n<link rel=\"canonical\" href=\"https:\/\/vivinaillab.com\/de\/privacy-policy\/\" \/>\n<meta property=\"og:locale\" content=\"de_DE\" \/>\n<meta property=\"og:type\" content=\"article\" \/>\n<meta property=\"og:title\" content=\"Privacy Policy - ViviNail - Professional Nail Gel Supply\" \/>\n<meta property=\"og:description\" content=\"Horoscope Crystal (\u201cus\u201d, \u201cwe\u201d, or \u201cour\u201d) operates the ViviNail Nail Art Lab website (the \u201cService\u201d). This page informs you of our policies regarding the collection, use [\u2026]\" \/>\n<meta property=\"og:url\" content=\"https:\/\/vivinaillab.com\/de\/privacy-policy\/\" \/>\n<meta property=\"og:site_name\" content=\"ViviNail - Professional Nail Gel Supply\" \/>\n<meta property=\"article:modified_time\" content=\"2026-01-28T07:19:41+00:00\" \/>\n<meta name=\"twitter:card\" content=\"summary_large_image\" \/>\n<meta name=\"twitter:label1\" content=\"Gesch\u00e4tzte Lesezeit\" \/>\n\t<meta name=\"twitter:data1\" content=\"3\u00a0Minuten\" \/>\n<script type=\"application\/ld+json\" class=\"yoast-schema-graph\">{\"@context\":\"https:\/\/schema.org\",\"@graph\":[{\"@type\":\"WebPage\",\"@id\":\"https:\/\/vivinaillab.com\/privacy-policy\/\",\"url\":\"https:\/\/vivinaillab.com\/privacy-policy\/\",\"name\":\"Privacy Policy - ViviNail - Professional Nail Gel Supply\",\"isPartOf\":{\"@id\":\"https:\/\/vivinaillab.com\/#website\"},\"datePublished\":\"2026-01-28T07:19:40+00:00\",\"dateModified\":\"2026-01-28T07:19:41+00:00\",\"breadcrumb\":{\"@id\":\"https:\/\/vivinaillab.com\/privacy-policy\/#breadcrumb\"},\"inLanguage\":\"de\",\"potentialAction\":[{\"@type\":\"ReadAction\",\"target\":[\"https:\/\/vivinaillab.com\/privacy-policy\/\"]}]},{\"@type\":\"BreadcrumbList\",\"@id\":\"https:\/\/vivinaillab.com\/privacy-policy\/#breadcrumb\",\"itemListElement\":[{\"@type\":\"ListItem\",\"position\":1,\"name\":\"Home\",\"item\":\"https:\/\/vivinaillab.com\/\"},{\"@type\":\"ListItem\",\"position\":2,\"name\":\"Privacy Policy\"}]},{\"@type\":\"WebSite\",\"@id\":\"https:\/\/vivinaillab.com\/#website\",\"url\":\"https:\/\/vivinaillab.com\/\",\"name\":\"ViviNail - Professional Nail Gel Supply\",\"description\":\"ViviNail - Professional Nail Gel Supply\",\"potentialAction\":[{\"@type\":\"SearchAction\",\"target\":{\"@type\":\"EntryPoint\",\"urlTemplate\":\"https:\/\/vivinaillab.com\/?s={search_term_string}\"},\"query-input\":{\"@type\":\"PropertyValueSpecification\",\"valueRequired\":true,\"valueName\":\"search_term_string\"}}],\"inLanguage\":\"de\"}]}<\/script>\n<!-- \/ Yoast SEO plugin. -->","yoast_head_json":{"title":"Privacy Policy - ViviNail - Professional Nail Gel Supply","robots":{"index":"index","follow":"follow","max-snippet":"max-snippet:-1","max-image-preview":"max-image-preview:large","max-video-preview":"max-video-preview:-1"},"canonical":"https:\/\/vivinaillab.com\/de\/privacy-policy\/","og_locale":"de_DE","og_type":"article","og_title":"Privacy Policy - ViviNail - Professional Nail Gel Supply","og_description":"Horoscope Crystal (\u201cus\u201d, \u201cwe\u201d, or \u201cour\u201d) operates the ViviNail Nail Art Lab website (the \u201cService\u201d). This page informs you of our policies regarding the collection, use [\u2026]","og_url":"https:\/\/vivinaillab.com\/de\/privacy-policy\/","og_site_name":"ViviNail - Professional Nail Gel Supply","article_modified_time":"2026-01-28T07:19:41+00:00","twitter_card":"summary_large_image","twitter_misc":{"Gesch\u00e4tzte Lesezeit":"3\u00a0Minuten"},"schema":{"@context":"https:\/\/schema.org","@graph":[{"@type":"WebPage","@id":"https:\/\/vivinaillab.com\/privacy-policy\/","url":"https:\/\/vivinaillab.com\/privacy-policy\/","name":"Privacy Policy - ViviNail - Professional Nail Gel Supply","isPartOf":{"@id":"https:\/\/vivinaillab.com\/#website"},"datePublished":"2026-01-28T07:19:40+00:00","dateModified":"2026-01-28T07:19:41+00:00","breadcrumb":{"@id":"https:\/\/vivinaillab.com\/privacy-policy\/#breadcrumb"},"inLanguage":"de","potentialAction":[{"@type":"ReadAction","target":["https:\/\/vivinaillab.com\/privacy-policy\/"]}]},{"@type":"BreadcrumbList","@id":"https:\/\/vivinaillab.com\/privacy-policy\/#breadcrumb","itemListElement":[{"@type":"ListItem","position":1,"name":"Home","item":"https:\/\/vivinaillab.com\/"},{"@type":"ListItem","position":2,"name":"Privacy Policy"}]},{"@type":"WebSite","@id":"https:\/\/vivinaillab.com\/#website","url":"https:\/\/vivinaillab.com\/","name":"ViviNail - Professional Nail Gel Supply","description":"ViviNail - Professional Nail Gel Supply","potentialAction":[{"@type":"SearchAction","target":{"@type":"EntryPoint","urlTemplate":"https:\/\/vivinaillab.com\/?s={search_term_string}"},"query-input":{"@type":"PropertyValueSpecification","valueRequired":true,"valueName":"search_term_string"}}],"inLanguage":"de"}]}},"_links":{"self":[{"href":"https:\/\/vivinaillab.com\/de\/wp-json\/wp\/v2\/pages\/524","targetHints":{"allow":["GET"]}}],"collection":[{"href":"https:\/\/vivinaillab.com\/de\/wp-json\/wp\/v2\/pages"}],"about":[{"href":"https:\/\/vivinaillab.com\/de\/wp-json\/wp\/v2\/types\/page"}],"author":[{"embeddable":true,"href":"https:\/\/vivinaillab.com\/de\/wp-json\/wp\/v2\/users\/1"}],"replies":[{"embeddable":true,"href":"https:\/\/vivinaillab.com\/de\/wp-json\/wp\/v2\/comments?post=524"}],"version-history":[{"count":1,"href":"https:\/\/vivinaillab.com\/de\/wp-json\/wp\/v2\/pages\/524\/revisions"}],"predecessor-version":[{"id":530,"href":"https:\/\/vivinaillab.com\/de\/wp-json\/wp\/v2\/pages\/524\/revisions\/530"}],"wp:attachment":[{"href":"https:\/\/vivinaillab.com\/de\/wp-json\/wp\/v2\/media?parent=524"}],"curies":[{"name":"wp","href":"https:\/\/api.w.org\/{rel}","templated":true}]}}