{"id":525,"date":"2026-01-28T07:17:19","date_gmt":"2026-01-28T07:17:19","guid":{"rendered":"https:\/\/vivinaillab.com\/?page_id=525"},"modified":"2026-01-28T07:17:20","modified_gmt":"2026-01-28T07:17:20","slug":"terms-of-service","status":"publish","type":"page","link":"https:\/\/vivinaillab.com\/de\/terms-of-service\/","title":{"rendered":"Nutzungsbedingungen"},"content":{"rendered":"<p>Bitte lesen Sie diese Nutzungsbedingungen (\u201eBedingungen\u201c, \u201eNutzungsbedingungen\u201c) sorgf\u00e4ltig durch, bevor Sie die von ViviNail Nail Art Lab (\u201ewir\u201c, \u201euns\u201c, \u201eunser\u201c) betriebene Website https:\/\/vivinaillab.com (der \u201eDienst\u201c) nutzen.<\/p>\n\n\n\n<p>Ihr Zugriff auf und Ihre Nutzung des Dienstes setzen Ihre Zustimmung zu diesen Nutzungsbedingungen und deren Einhaltung voraus. Diese Nutzungsbedingungen gelten f\u00fcr alle Besucher, Nutzer und sonstige Personen, die auf den Dienst zugreifen oder ihn nutzen.<\/p>\n\n\n\n<p>Durch den Zugriff auf oder die Nutzung des Dienstes erkl\u00e4ren Sie sich mit diesen Nutzungsbedingungen einverstanden. Wenn Sie mit einem Teil der Nutzungsbedingungen nicht einverstanden sind, d\u00fcrfen Sie den Dienst nicht nutzen.<\/p>\n\n\n\n<h2 class=\"wp-block-heading\">Konten<\/h2>\n\n\n\n<p>Bei der Erstellung eines Kontos bei uns m\u00fcssen Sie uns stets korrekte, vollst\u00e4ndige und aktuelle Informationen zur Verf\u00fcgung stellen. Andernfalls versto\u00dfen Sie gegen die Nutzungsbedingungen, was zur sofortigen K\u00fcndigung Ihres Kontos f\u00fchren kann.<\/p>\n\n\n\n<p>Sie sind f\u00fcr die sichere Aufbewahrung des Passworts, mit dem Sie auf den Dienst zugreifen, sowie f\u00fcr alle Aktivit\u00e4ten und Aktionen unter Ihrem Passwort verantwortlich, unabh\u00e4ngig davon, ob Ihr Passwort bei unserem Dienst oder einem Drittanbieterdienst gespeichert ist.<\/p>\n\n\n\n<p>Sie verpflichten sich, Ihr Passwort nicht an Dritte weiterzugeben. Sie m\u00fcssen uns unverz\u00fcglich benachrichtigen, sobald Sie von einer Sicherheitsverletzung oder einer unbefugten Nutzung Ihres Kontos Kenntnis erlangen.<\/p>\n\n\n\n<h2 class=\"wp-block-heading\">Geistiges Eigentum<\/h2>\n\n\n\n<p>Der Service und seine Originalinhalte, Merkmale und Funktionen sind und bleiben das ausschlie\u00dfliche Eigentum von ViviNail Nail Art Lab und seinen Lizenzgebern.<\/p>\n\n\n\n<h2 class=\"wp-block-heading\">Links zu anderen Webseiten<\/h2>\n\n\n\n<p>Unser Service kann Links zu Webseiten oder Diensten Dritter enthalten, die nicht Eigentum von ViviNail Nail Art Lab sind oder von ViviNail Nail Art Lab kontrolliert werden.<\/p>\n\n\n\n<p>ViviNail Nail Art Lab hat keine Kontrolle \u00fcber die Inhalte, Datenschutzrichtlinien oder Praktiken von Webseiten oder Diensten Dritter und \u00fcbernimmt daf\u00fcr keine Verantwortung. Sie erkennen ferner an und stimmen zu, dass ViviNail Nail Art Lab weder direkt noch indirekt f\u00fcr Sch\u00e4den oder Verluste haftet, die durch die Nutzung oder das Vertrauen auf solche Inhalte, Waren oder Dienstleistungen, die auf oder \u00fcber solche Webseiten oder Dienste verf\u00fcgbar sind, verursacht wurden oder angeblich verursacht wurden.<\/p>\n\n\n\n<p>Wir empfehlen Ihnen dringend, die Allgemeinen Gesch\u00e4ftsbedingungen und Datenschutzrichtlinien aller Webseiten oder Dienste Dritter, die Sie besuchen, zu lesen.<\/p>\n\n\n\n<h2 class=\"wp-block-heading\">Beendigung<\/h2>\n\n\n\n<p>Wir k\u00f6nnen Ihr Konto aus beliebigem Grund, einschlie\u00dflich, aber nicht beschr\u00e4nkt auf einen Versto\u00df gegen die Nutzungsbedingungen, ohne vorherige Ank\u00fcndigung oder Haftung sofort k\u00fcndigen oder sperren.<\/p>\n\n\n\n<p>Mit der K\u00fcndigung erlischt Ihr Recht zur Nutzung des Dienstes unverz\u00fcglich. Wenn Sie Ihr Konto k\u00fcndigen m\u00f6chten, stellen Sie die Nutzung des Dienstes einfach ein.<\/p>\n\n\n\n<p>Alle Bestimmungen dieser Bedingungen, die ihrer Natur nach auch nach Beendigung des Vertrags fortgelten sollten, bleiben auch nach Beendigung des Vertrags in Kraft, einschlie\u00dflich, aber nicht beschr\u00e4nkt auf Bestimmungen zum Eigentum, Gew\u00e4hrleistungsausschl\u00fcsse, Haftungsfreistellungen und Haftungsbeschr\u00e4nkungen.<\/p>\n\n\n\n<h2 class=\"wp-block-heading\">Haftungsausschluss<\/h2>\n\n\n\n<p>Die Nutzung des Dienstes erfolgt auf eigene Gefahr. Der Dienst wird \u201ewie besehen\u201c und \u201ewie verf\u00fcgbar\u201c bereitgestellt. Es werden keinerlei Gew\u00e4hrleistungen f\u00fcr den Dienst \u00fcbernommen, weder ausdr\u00fccklich noch stillschweigend, insbesondere keine Gew\u00e4hrleistungen der Marktg\u00e4ngigkeit, der Eignung f\u00fcr einen bestimmten Zweck, der Nichtverletzung von Rechten Dritter oder der \u00fcblichen Gesch\u00e4ftspraxis.<\/p>\n\n\n\n<h2 class=\"wp-block-heading\">Anwendbares Recht<\/h2>\n\n\n\n<p>Diese Bedingungen unterliegen dem Recht Chinas und sind nach diesem auszulegen, ohne Ber\u00fccksichtigung der kollisionsrechtlichen Bestimmungen.<\/p>\n\n\n\n<p>Unser Vers\u00e4umnis, ein Recht oder eine Bestimmung dieser Nutzungsbedingungen durchzusetzen, gilt nicht als Verzicht auf dieses Recht. Sollte eine Bestimmung dieser Nutzungsbedingungen von einem Gericht f\u00fcr ung\u00fcltig oder nicht durchsetzbar erkl\u00e4rt werden, bleiben die \u00fcbrigen Bestimmungen dieser Nutzungsbedingungen weiterhin in Kraft. Diese Nutzungsbedingungen stellen die gesamte Vereinbarung zwischen uns bez\u00fcglich unseres Dienstes dar und ersetzen alle vorherigen Vereinbarungen, die wir m\u00f6glicherweise bez\u00fcglich des Dienstes getroffen haben.<\/p>\n\n\n\n<h2 class=\"wp-block-heading\">\u00c4nderungen<\/h2>\n\n\n\n<p>Wir behalten uns das Recht vor, diese Nutzungsbedingungen jederzeit nach eigenem Ermessen zu \u00e4ndern oder zu ersetzen. Im Falle einer wesentlichen \u00c4nderung werden wir versuchen, Sie mindestens 30 Tage vor Inkrafttreten der neuen Bedingungen zu informieren. Was eine wesentliche \u00c4nderung darstellt, liegt in unserem alleinigen Ermessen.<\/p>\n\n\n\n<p>Indem Sie unseren Dienst nach Inkrafttreten dieser \u00c4nderungen weiterhin nutzen, erkl\u00e4ren Sie sich mit den ge\u00e4nderten Bedingungen einverstanden. Sollten Sie den neuen Bedingungen nicht zustimmen, stellen Sie die Nutzung des Dienstes bitte ein.<\/p>\n\n\n\n<h2 class=\"wp-block-heading\">Kontaktieren Sie uns<\/h2>\n\n\n\n<p>Wenn Sie Fragen zu diesen Bedingungen haben, wenden Sie sich bitte an uns.\u00a0<a href=\"\/de\/contact\/\">Kontaktieren Sie uns<\/a>.<\/p>","protected":false},"excerpt":{"rendered":"<p>Please read these Terms of Use (\u201cTerms\u201d, \u201cTerms of Use\u201d) carefully before using the https:\/\/vivinaillab.com website (the \u201cService\u201d) operated by ViviNail Nail Art Lab (\u201cus\u201d, \u201cwe\u201d,<span class=\"excerpt-hellip\"> [\u2026]<\/span><\/p>","protected":false},"author":1,"featured_media":0,"parent":0,"menu_order":0,"comment_status":"closed","ping_status":"closed","template":"","meta":{"footnotes":""},"class_list":["post-525","page","type-page","status-publish","hentry"],"yoast_head":"<!-- This site is optimized with the Yoast SEO plugin v26.6 - https:\/\/yoast.com\/wordpress\/plugins\/seo\/ -->\n<title>Terms of Service - ViviNail - Professional Nail Gel Supply<\/title>\n<meta name=\"robots\" content=\"index, follow, max-snippet:-1, max-image-preview:large, max-video-preview:-1\" \/>\n<link rel=\"canonical\" href=\"https:\/\/vivinaillab.com\/de\/terms-of-service\/\" \/>\n<meta property=\"og:locale\" content=\"de_DE\" \/>\n<meta property=\"og:type\" content=\"article\" \/>\n<meta property=\"og:title\" content=\"Terms of Service - ViviNail - Professional Nail Gel Supply\" \/>\n<meta property=\"og:description\" content=\"Please read these Terms of Use (\u201cTerms\u201d, \u201cTerms of Use\u201d) carefully before using the https:\/\/vivinaillab.com website (the \u201cService\u201d) operated by ViviNail Nail Art Lab (\u201cus\u201d, \u201cwe\u201d, [\u2026]\" \/>\n<meta property=\"og:url\" content=\"https:\/\/vivinaillab.com\/de\/terms-of-service\/\" \/>\n<meta property=\"og:site_name\" content=\"ViviNail - Professional Nail Gel Supply\" \/>\n<meta property=\"article:modified_time\" content=\"2026-01-28T07:17:20+00:00\" \/>\n<meta name=\"twitter:card\" content=\"summary_large_image\" \/>\n<meta name=\"twitter:label1\" content=\"Gesch\u00e4tzte Lesezeit\" \/>\n\t<meta name=\"twitter:data1\" content=\"4\u00a0Minuten\" \/>\n<script type=\"application\/ld+json\" class=\"yoast-schema-graph\">{\"@context\":\"https:\/\/schema.org\",\"@graph\":[{\"@type\":\"WebPage\",\"@id\":\"https:\/\/vivinaillab.com\/terms-of-service\/\",\"url\":\"https:\/\/vivinaillab.com\/terms-of-service\/\",\"name\":\"Terms of Service - ViviNail - Professional Nail Gel Supply\",\"isPartOf\":{\"@id\":\"https:\/\/vivinaillab.com\/#website\"},\"datePublished\":\"2026-01-28T07:17:19+00:00\",\"dateModified\":\"2026-01-28T07:17:20+00:00\",\"breadcrumb\":{\"@id\":\"https:\/\/vivinaillab.com\/terms-of-service\/#breadcrumb\"},\"inLanguage\":\"de\",\"potentialAction\":[{\"@type\":\"ReadAction\",\"target\":[\"https:\/\/vivinaillab.com\/terms-of-service\/\"]}]},{\"@type\":\"BreadcrumbList\",\"@id\":\"https:\/\/vivinaillab.com\/terms-of-service\/#breadcrumb\",\"itemListElement\":[{\"@type\":\"ListItem\",\"position\":1,\"name\":\"Home\",\"item\":\"https:\/\/vivinaillab.com\/\"},{\"@type\":\"ListItem\",\"position\":2,\"name\":\"Terms of Service\"}]},{\"@type\":\"WebSite\",\"@id\":\"https:\/\/vivinaillab.com\/#website\",\"url\":\"https:\/\/vivinaillab.com\/\",\"name\":\"ViviNail - Professional Nail Gel Supply\",\"description\":\"ViviNail - Professional Nail Gel Supply\",\"potentialAction\":[{\"@type\":\"SearchAction\",\"target\":{\"@type\":\"EntryPoint\",\"urlTemplate\":\"https:\/\/vivinaillab.com\/?s={search_term_string}\"},\"query-input\":{\"@type\":\"PropertyValueSpecification\",\"valueRequired\":true,\"valueName\":\"search_term_string\"}}],\"inLanguage\":\"de\"}]}<\/script>\n<!-- \/ Yoast SEO plugin. -->","yoast_head_json":{"title":"Terms of Service - ViviNail - Professional Nail Gel Supply","robots":{"index":"index","follow":"follow","max-snippet":"max-snippet:-1","max-image-preview":"max-image-preview:large","max-video-preview":"max-video-preview:-1"},"canonical":"https:\/\/vivinaillab.com\/de\/terms-of-service\/","og_locale":"de_DE","og_type":"article","og_title":"Terms of Service - ViviNail - Professional Nail Gel Supply","og_description":"Please read these Terms of Use (\u201cTerms\u201d, \u201cTerms of Use\u201d) carefully before using the https:\/\/vivinaillab.com website (the \u201cService\u201d) operated by ViviNail Nail Art Lab (\u201cus\u201d, \u201cwe\u201d, [\u2026]","og_url":"https:\/\/vivinaillab.com\/de\/terms-of-service\/","og_site_name":"ViviNail - Professional Nail Gel Supply","article_modified_time":"2026-01-28T07:17:20+00:00","twitter_card":"summary_large_image","twitter_misc":{"Gesch\u00e4tzte Lesezeit":"4\u00a0Minuten"},"schema":{"@context":"https:\/\/schema.org","@graph":[{"@type":"WebPage","@id":"https:\/\/vivinaillab.com\/terms-of-service\/","url":"https:\/\/vivinaillab.com\/terms-of-service\/","name":"Terms of Service - ViviNail - Professional Nail Gel Supply","isPartOf":{"@id":"https:\/\/vivinaillab.com\/#website"},"datePublished":"2026-01-28T07:17:19+00:00","dateModified":"2026-01-28T07:17:20+00:00","breadcrumb":{"@id":"https:\/\/vivinaillab.com\/terms-of-service\/#breadcrumb"},"inLanguage":"de","potentialAction":[{"@type":"ReadAction","target":["https:\/\/vivinaillab.com\/terms-of-service\/"]}]},{"@type":"BreadcrumbList","@id":"https:\/\/vivinaillab.com\/terms-of-service\/#breadcrumb","itemListElement":[{"@type":"ListItem","position":1,"name":"Home","item":"https:\/\/vivinaillab.com\/"},{"@type":"ListItem","position":2,"name":"Terms of Service"}]},{"@type":"WebSite","@id":"https:\/\/vivinaillab.com\/#website","url":"https:\/\/vivinaillab.com\/","name":"ViviNail - Professional Nail Gel Supply","description":"ViviNail - Professional Nail Gel Supply","potentialAction":[{"@type":"SearchAction","target":{"@type":"EntryPoint","urlTemplate":"https:\/\/vivinaillab.com\/?s={search_term_string}"},"query-input":{"@type":"PropertyValueSpecification","valueRequired":true,"valueName":"search_term_string"}}],"inLanguage":"de"}]}},"_links":{"self":[{"href":"https:\/\/vivinaillab.com\/de\/wp-json\/wp\/v2\/pages\/525","targetHints":{"allow":["GET"]}}],"collection":[{"href":"https:\/\/vivinaillab.com\/de\/wp-json\/wp\/v2\/pages"}],"about":[{"href":"https:\/\/vivinaillab.com\/de\/wp-json\/wp\/v2\/types\/page"}],"author":[{"embeddable":true,"href":"https:\/\/vivinaillab.com\/de\/wp-json\/wp\/v2\/users\/1"}],"replies":[{"embeddable":true,"href":"https:\/\/vivinaillab.com\/de\/wp-json\/wp\/v2\/comments?post=525"}],"version-history":[{"count":1,"href":"https:\/\/vivinaillab.com\/de\/wp-json\/wp\/v2\/pages\/525\/revisions"}],"predecessor-version":[{"id":529,"href":"https:\/\/vivinaillab.com\/de\/wp-json\/wp\/v2\/pages\/525\/revisions\/529"}],"wp:attachment":[{"href":"https:\/\/vivinaillab.com\/de\/wp-json\/wp\/v2\/media?parent=525"}],"curies":[{"name":"wp","href":"https:\/\/api.w.org\/{rel}","templated":true}]}}