{"id":527,"date":"2026-01-28T07:14:36","date_gmt":"2026-01-28T07:14:36","guid":{"rendered":"https:\/\/vivinaillab.com\/?page_id=527"},"modified":"2026-01-28T07:14:37","modified_gmt":"2026-01-28T07:14:37","slug":"refund-and-returns-policy","status":"publish","type":"page","link":"https:\/\/vivinaillab.com\/de\/refund-and-returns-policy\/","title":{"rendered":"R\u00fcckerstattungs- und R\u00fcckgabebestimmungen"},"content":{"rendered":"<h2 class=\"wp-block-heading\">\u00dcberblick<\/h2>\n\n\n\n<p>Unsere R\u00fcckgabe- und Erstattungsrichtlinie gilt 60 Tage. Nach Ablauf dieser Frist k\u00f6nnen wir Ihnen keine vollst\u00e4ndige R\u00fcckerstattung oder einen Umtausch mehr anbieten.<\/p>\n\n\n\n<p>Um f\u00fcr eine R\u00fcckgabe berechtigt zu sein, muss der Artikel unbenutzt und im selben Zustand sein, in dem Sie ihn erhalten haben. Er muss sich au\u00dferdem in der Originalverpackung befinden.<\/p>\n\n\n\n<p>Um Ihre R\u00fccksendung abzuschlie\u00dfen, ben\u00f6tigen wir einen Kaufbeleg.<\/p>\n\n\n\n<p>Bitte senden Sie Ihre Bestellung nicht an den Hersteller zur\u00fcck.<\/p>\n\n\n\n<p>Es gibt bestimmte Situationen, in denen nur Teilerstattungen gew\u00e4hrt werden:<\/p>\n\n\n\n<ul class=\"wp-block-list\">\n<li>Jeder Artikel, der sich nicht im Originalzustand befindet, besch\u00e4digt ist oder Teile fehlen, die nicht auf unser Verschulden zur\u00fcckzuf\u00fchren sind.<\/li>\n\n\n\n<li>Artikel, die mehr als 60 Tage nach Lieferung zur\u00fcckgesendet werden, fallen unter diese Bedingungen.<\/li>\n<\/ul>\n\n\n\n<p>Sobald Ihre R\u00fccksendung bei uns eingegangen und gepr\u00fcft ist, erhalten Sie eine E-Mail-Benachrichtigung. Wir informieren Sie darin auch \u00fcber die Genehmigung oder Ablehnung Ihrer R\u00fcckerstattung.<\/p>\n\n\n\n<p>Wenn Ihr Antrag genehmigt wird, wird Ihre R\u00fcckerstattung bearbeitet und Ihrem Konto (Kreditkarte oder urspr\u00fcngliche Zahlungsmethode) innerhalb einer bestimmten Anzahl von Tagen automatisch gutgeschrieben.<\/p>\n\n\n\n<h2 class=\"wp-block-heading\"><strong>Versp\u00e4tete oder fehlende R\u00fcckerstattungen<\/strong><\/h2>\n\n\n\n<p>Falls Sie noch keine R\u00fcckerstattung erhalten haben, \u00fcberpr\u00fcfen Sie bitte zun\u00e4chst erneut Ihr Bankkonto.<\/p>\n\n\n\n<p>Wenden Sie sich anschlie\u00dfend an Ihr Kreditkartenunternehmen. Es kann einige Zeit dauern, bis Ihre R\u00fcckerstattung offiziell verbucht wird.<\/p>\n\n\n\n<p>Kontaktieren Sie anschlie\u00dfend Ihre Bank. Es kann einige Zeit dauern, bis eine R\u00fcckerstattung verbucht wird.<\/p>\n\n\n\n<p>Falls Sie all dies getan haben und Ihre R\u00fcckerstattung immer noch nicht erhalten haben, kontaktieren Sie uns bitte unter\u00a0<a href=\"\/de\/support@vivinaillab.com\/\">support@vivinaillab.com<\/a>\u00a0<\/p>\n\n\n\n<h2 class=\"wp-block-heading\"><strong>Sonderangebote<\/strong><\/h2>\n\n\n\n<p>Nur Artikel zum regul\u00e4ren Preis k\u00f6nnen erstattet werden. Reduzierte Artikel sind von der R\u00fcckerstattung ausgeschlossen.<\/p>\n\n\n\n<p>Wir ersetzen Artikel nur, wenn sie defekt oder besch\u00e4digt sind. Falls Sie einen Umtausch gegen denselben Artikel w\u00fcnschen, senden Sie uns bitte eine E-Mail an\u00a0<a href=\"\/de\/support@vivinaillab.com\/\">support@vivinaillab.com<\/a>\u00a0<\/p>\n\n\n\n<p>Wenn der Artikel beim Kauf als Geschenk gekennzeichnet und direkt an Sie versandt wurde, erhalten Sie eine Gutschrift in H\u00f6he des Warenwerts. Sobald der zur\u00fcckgesendete Artikel bei uns eingegangen ist, wird Ihnen ein Geschenkgutschein per Post zugesandt.<\/p>\n\n\n\n<p>Wenn der Artikel beim Kauf nicht als Geschenk gekennzeichnet war oder der Schenkende die Bestellung an sich selbst liefern lie\u00df, um sie Ihnen sp\u00e4ter zu \u00fcberreichen, erstatten wir den Kaufpreis an den Schenkenden zur\u00fcck, und dieser wird von Ihrer R\u00fccksendung erfahren.<\/p>\n\n\n\n<p>Sie tragen die Kosten f\u00fcr den R\u00fcckversand Ihres Artikels. Versandkosten werden nicht erstattet. Im Falle einer R\u00fcckerstattung werden die Kosten f\u00fcr den R\u00fcckversand von Ihrem Erstattungsbetrag abgezogen.<\/p>\n\n\n\n<p>Je nachdem, wo Sie wohnen, kann die Lieferzeit f\u00fcr Ihr umgetauschtes Produkt variieren.<\/p>\n\n\n\n<p>Bei R\u00fccksendungen teurerer Artikel empfehlen wir Ihnen, einen Versand mit Sendungsverfolgung oder eine Transportversicherung abzuschlie\u00dfen. Wir \u00fcbernehmen keine Garantie f\u00fcr den Erhalt Ihrer R\u00fccksendung.<\/p>\n\n\n\n<p>Kontaktieren Sie uns unter\u00a0<a href=\"\/de\/support@vivinaillab.com\/\">support@vivinaillab.com<\/a>\u00a0bei Fragen zu R\u00fcckerstattungen und R\u00fccksendungen.<\/p>","protected":false},"excerpt":{"rendered":"<p>Overview Our refund and returns policy lasts 60 days. If 60 days have passed since your purchase, we can\u2019t offer you a full refund or exchange.<span class=\"excerpt-hellip\"> [\u2026]<\/span><\/p>","protected":false},"author":1,"featured_media":0,"parent":0,"menu_order":0,"comment_status":"closed","ping_status":"closed","template":"","meta":{"footnotes":""},"class_list":["post-527","page","type-page","status-publish","hentry"],"yoast_head":"<!-- This site is optimized with the Yoast SEO plugin v26.6 - https:\/\/yoast.com\/wordpress\/plugins\/seo\/ -->\n<title>Refund and Returns Policy - ViviNail - Professional Nail Gel Supply<\/title>\n<meta name=\"robots\" content=\"index, follow, max-snippet:-1, max-image-preview:large, max-video-preview:-1\" \/>\n<link rel=\"canonical\" href=\"https:\/\/vivinaillab.com\/de\/refund-and-returns-policy\/\" \/>\n<meta property=\"og:locale\" content=\"de_DE\" \/>\n<meta property=\"og:type\" content=\"article\" \/>\n<meta property=\"og:title\" content=\"Refund and Returns Policy - ViviNail - Professional Nail Gel Supply\" \/>\n<meta property=\"og:description\" content=\"Overview Our refund and returns policy lasts 60 days. If 60 days have passed since your purchase, we can\u2019t offer you a full refund or exchange. [\u2026]\" \/>\n<meta property=\"og:url\" content=\"https:\/\/vivinaillab.com\/de\/refund-and-returns-policy\/\" \/>\n<meta property=\"og:site_name\" content=\"ViviNail - Professional Nail Gel Supply\" \/>\n<meta property=\"article:modified_time\" content=\"2026-01-28T07:14:37+00:00\" \/>\n<meta name=\"twitter:card\" content=\"summary_large_image\" \/>\n<meta name=\"twitter:label1\" content=\"Gesch\u00e4tzte Lesezeit\" \/>\n\t<meta name=\"twitter:data1\" content=\"3\u00a0Minuten\" \/>\n<script type=\"application\/ld+json\" class=\"yoast-schema-graph\">{\"@context\":\"https:\/\/schema.org\",\"@graph\":[{\"@type\":\"WebPage\",\"@id\":\"https:\/\/vivinaillab.com\/refund-and-returns-policy\/\",\"url\":\"https:\/\/vivinaillab.com\/refund-and-returns-policy\/\",\"name\":\"Refund and Returns Policy - ViviNail - Professional Nail Gel Supply\",\"isPartOf\":{\"@id\":\"https:\/\/vivinaillab.com\/#website\"},\"datePublished\":\"2026-01-28T07:14:36+00:00\",\"dateModified\":\"2026-01-28T07:14:37+00:00\",\"breadcrumb\":{\"@id\":\"https:\/\/vivinaillab.com\/refund-and-returns-policy\/#breadcrumb\"},\"inLanguage\":\"de\",\"potentialAction\":[{\"@type\":\"ReadAction\",\"target\":[\"https:\/\/vivinaillab.com\/refund-and-returns-policy\/\"]}]},{\"@type\":\"BreadcrumbList\",\"@id\":\"https:\/\/vivinaillab.com\/refund-and-returns-policy\/#breadcrumb\",\"itemListElement\":[{\"@type\":\"ListItem\",\"position\":1,\"name\":\"Home\",\"item\":\"https:\/\/vivinaillab.com\/\"},{\"@type\":\"ListItem\",\"position\":2,\"name\":\"Refund and Returns Policy\"}]},{\"@type\":\"WebSite\",\"@id\":\"https:\/\/vivinaillab.com\/#website\",\"url\":\"https:\/\/vivinaillab.com\/\",\"name\":\"ViviNail - Professional Nail Gel Supply\",\"description\":\"ViviNail - Professional Nail Gel Supply\",\"potentialAction\":[{\"@type\":\"SearchAction\",\"target\":{\"@type\":\"EntryPoint\",\"urlTemplate\":\"https:\/\/vivinaillab.com\/?s={search_term_string}\"},\"query-input\":{\"@type\":\"PropertyValueSpecification\",\"valueRequired\":true,\"valueName\":\"search_term_string\"}}],\"inLanguage\":\"de\"}]}<\/script>\n<!-- \/ Yoast SEO plugin. -->","yoast_head_json":{"title":"Refund and Returns Policy - ViviNail - Professional Nail Gel Supply","robots":{"index":"index","follow":"follow","max-snippet":"max-snippet:-1","max-image-preview":"max-image-preview:large","max-video-preview":"max-video-preview:-1"},"canonical":"https:\/\/vivinaillab.com\/de\/refund-and-returns-policy\/","og_locale":"de_DE","og_type":"article","og_title":"Refund and Returns Policy - ViviNail - Professional Nail Gel Supply","og_description":"Overview Our refund and returns policy lasts 60 days. If 60 days have passed since your purchase, we can\u2019t offer you a full refund or exchange. [\u2026]","og_url":"https:\/\/vivinaillab.com\/de\/refund-and-returns-policy\/","og_site_name":"ViviNail - Professional Nail Gel Supply","article_modified_time":"2026-01-28T07:14:37+00:00","twitter_card":"summary_large_image","twitter_misc":{"Gesch\u00e4tzte Lesezeit":"3\u00a0Minuten"},"schema":{"@context":"https:\/\/schema.org","@graph":[{"@type":"WebPage","@id":"https:\/\/vivinaillab.com\/refund-and-returns-policy\/","url":"https:\/\/vivinaillab.com\/refund-and-returns-policy\/","name":"Refund and Returns Policy - ViviNail - Professional Nail Gel Supply","isPartOf":{"@id":"https:\/\/vivinaillab.com\/#website"},"datePublished":"2026-01-28T07:14:36+00:00","dateModified":"2026-01-28T07:14:37+00:00","breadcrumb":{"@id":"https:\/\/vivinaillab.com\/refund-and-returns-policy\/#breadcrumb"},"inLanguage":"de","potentialAction":[{"@type":"ReadAction","target":["https:\/\/vivinaillab.com\/refund-and-returns-policy\/"]}]},{"@type":"BreadcrumbList","@id":"https:\/\/vivinaillab.com\/refund-and-returns-policy\/#breadcrumb","itemListElement":[{"@type":"ListItem","position":1,"name":"Home","item":"https:\/\/vivinaillab.com\/"},{"@type":"ListItem","position":2,"name":"Refund and Returns Policy"}]},{"@type":"WebSite","@id":"https:\/\/vivinaillab.com\/#website","url":"https:\/\/vivinaillab.com\/","name":"ViviNail - Professional Nail Gel Supply","description":"ViviNail - Professional Nail Gel Supply","potentialAction":[{"@type":"SearchAction","target":{"@type":"EntryPoint","urlTemplate":"https:\/\/vivinaillab.com\/?s={search_term_string}"},"query-input":{"@type":"PropertyValueSpecification","valueRequired":true,"valueName":"search_term_string"}}],"inLanguage":"de"}]}},"_links":{"self":[{"href":"https:\/\/vivinaillab.com\/de\/wp-json\/wp\/v2\/pages\/527","targetHints":{"allow":["GET"]}}],"collection":[{"href":"https:\/\/vivinaillab.com\/de\/wp-json\/wp\/v2\/pages"}],"about":[{"href":"https:\/\/vivinaillab.com\/de\/wp-json\/wp\/v2\/types\/page"}],"author":[{"embeddable":true,"href":"https:\/\/vivinaillab.com\/de\/wp-json\/wp\/v2\/users\/1"}],"replies":[{"embeddable":true,"href":"https:\/\/vivinaillab.com\/de\/wp-json\/wp\/v2\/comments?post=527"}],"version-history":[{"count":1,"href":"https:\/\/vivinaillab.com\/de\/wp-json\/wp\/v2\/pages\/527\/revisions"}],"predecessor-version":[{"id":528,"href":"https:\/\/vivinaillab.com\/de\/wp-json\/wp\/v2\/pages\/527\/revisions\/528"}],"wp:attachment":[{"href":"https:\/\/vivinaillab.com\/de\/wp-json\/wp\/v2\/media?parent=527"}],"curies":[{"name":"wp","href":"https:\/\/api.w.org\/{rel}","templated":true}]}}