{"id":523,"date":"2026-01-28T07:20:46","date_gmt":"2026-01-28T07:20:46","guid":{"rendered":"https:\/\/vivinaillab.com\/?page_id=523"},"modified":"2026-01-28T07:20:47","modified_gmt":"2026-01-28T07:20:47","slug":"shipping-policy","status":"publish","type":"page","link":"https:\/\/vivinaillab.com\/es\/shipping-policy\/","title":{"rendered":"Pol\u00edtica de env\u00edos"},"content":{"rendered":"<p>Sabemos lo emocionados que est\u00e1n nuestros clientes por recibir sus nuevos productos, por lo que todos los pedidos se empaquetan y env\u00edan en un plazo de 2 d\u00edas h\u00e1biles. El tiempo estimado de entrega y la empresa de transporte var\u00edan seg\u00fan el destino.<\/p>\n\n\n\n<h2 class=\"wp-block-heading\">Tiempo de env\u00edo<\/h2>\n\n\n\n<p>Los compradores son responsables de los aranceles, impuestos y tasas locales en el momento de la entrega en los pa\u00edses donde corresponda.<\/p>\n\n\n\n<p>No nos hacemos responsables de los paquetes perdidos, robados, manipulados o retrasados por la empresa de transporte.<\/p>\n\n\n\n<h4 class=\"wp-block-heading\"><strong>Am\u00e9rica del norte<\/strong><\/h4>\n\n\n\n<p>Entre 7 y 15 d\u00edas laborables.<br>Aceptamos pedidos en cualquier momento: 24 horas al d\u00eda, 7 d\u00edas a la semana. Los pedidos realizados en\u00a0<a href=\"https:\/\/vivinaillab.com\/es\/\">vivinaillab.com<\/a>\u00a0Los pedidos realizados despu\u00e9s de la 1 p. m. (hora del este) se procesar\u00e1n y enviar\u00e1n en un plazo de 2 d\u00edas h\u00e1biles. Los pedidos realizados despu\u00e9s de la 1 p. m. (hora del este) se procesar\u00e1n el siguiente d\u00eda h\u00e1bil. Todos los pedidos realizados los s\u00e1bados y domingos se procesar\u00e1n el siguiente d\u00eda h\u00e1bil.<\/p>\n\n\n\n<h4 class=\"wp-block-heading\"><strong>Europa y Reino Unido<\/strong><\/h4>\n\n\n\n<p>Aproximadamente de 10 a 20 d\u00edas h\u00e1biles.<\/p>\n\n\n\n<h4 class=\"wp-block-heading\"><strong>Asia Pac\u00edfico<\/strong><\/h4>\n\n\n\n<p>Entre 7 y 15 d\u00edas laborables.<\/p>\n\n\n\n<h4 class=\"wp-block-heading\"><strong>Am\u00e9rica Latina<\/strong><\/h4>\n\n\n\n<p>Aproximadamente de 10 a 20 d\u00edas h\u00e1biles.<\/p>\n\n\n\n<p>No todas las opciones est\u00e1n disponibles para todos los pa\u00edses. Los costos y el env\u00edo gratuito var\u00edan seg\u00fan el pa\u00eds; \u00a1compru\u00e9belo en el carrito! Los compradores son responsables de los aranceles, impuestos y cargos por gesti\u00f3n local al momento de la entrega en los pa\u00edses donde corresponda.<\/p>\n\n\n\n<h2 class=\"wp-block-heading\">Env\u00edos navide\u00f1os<\/h2>\n\n\n\n<p>Quer\u00edamos informarles que el env\u00edo de su pedido y el procesamiento de las devoluciones podr\u00edan demorar un poco m\u00e1s de lo habitual.<\/p>\n\n\n\n<h2 class=\"wp-block-heading\">Cont\u00e1ctanos<\/h2>\n\n\n\n<p>Si tiene alguna pregunta sobre estos T\u00e9rminos, por favor\u00a0<a href=\"\/es\/contact\/\">Cont\u00e1ctanos<\/a>.<\/p>","protected":false},"excerpt":{"rendered":"<p>We know how excited our customers are to receive their new products, so all orders are packaged and shipped within 2 business day. Estimated delivery time<span class=\"excerpt-hellip\"> [\u2026]<\/span><\/p>","protected":false},"author":1,"featured_media":0,"parent":0,"menu_order":0,"comment_status":"closed","ping_status":"closed","template":"","meta":{"footnotes":""},"class_list":["post-523","page","type-page","status-publish","hentry"],"yoast_head":"<!-- This site is optimized with the Yoast SEO plugin v26.6 - https:\/\/yoast.com\/wordpress\/plugins\/seo\/ -->\n<title>Shipping Policy - ViviNail - Professional Nail Gel Supply<\/title>\n<meta name=\"robots\" content=\"index, follow, max-snippet:-1, max-image-preview:large, max-video-preview:-1\" \/>\n<link rel=\"canonical\" href=\"https:\/\/vivinaillab.com\/es\/shipping-policy\/\" \/>\n<meta property=\"og:locale\" content=\"es_ES\" \/>\n<meta property=\"og:type\" content=\"article\" \/>\n<meta property=\"og:title\" content=\"Shipping Policy - ViviNail - Professional Nail Gel Supply\" \/>\n<meta property=\"og:description\" content=\"We know how excited our customers are to receive their new products, so all orders are packaged and shipped within 2 business day. Estimated delivery time [\u2026]\" \/>\n<meta property=\"og:url\" content=\"https:\/\/vivinaillab.com\/es\/shipping-policy\/\" \/>\n<meta property=\"og:site_name\" content=\"ViviNail - Professional Nail Gel Supply\" \/>\n<meta property=\"article:modified_time\" content=\"2026-01-28T07:20:47+00:00\" \/>\n<meta name=\"twitter:card\" content=\"summary_large_image\" \/>\n<meta name=\"twitter:label1\" content=\"Tiempo de lectura\" \/>\n\t<meta name=\"twitter:data1\" content=\"1 minuto\" \/>\n<script type=\"application\/ld+json\" class=\"yoast-schema-graph\">{\"@context\":\"https:\/\/schema.org\",\"@graph\":[{\"@type\":\"WebPage\",\"@id\":\"https:\/\/vivinaillab.com\/shipping-policy\/\",\"url\":\"https:\/\/vivinaillab.com\/shipping-policy\/\",\"name\":\"Shipping Policy - ViviNail - Professional Nail Gel Supply\",\"isPartOf\":{\"@id\":\"https:\/\/vivinaillab.com\/#website\"},\"datePublished\":\"2026-01-28T07:20:46+00:00\",\"dateModified\":\"2026-01-28T07:20:47+00:00\",\"breadcrumb\":{\"@id\":\"https:\/\/vivinaillab.com\/shipping-policy\/#breadcrumb\"},\"inLanguage\":\"es\",\"potentialAction\":[{\"@type\":\"ReadAction\",\"target\":[\"https:\/\/vivinaillab.com\/shipping-policy\/\"]}]},{\"@type\":\"BreadcrumbList\",\"@id\":\"https:\/\/vivinaillab.com\/shipping-policy\/#breadcrumb\",\"itemListElement\":[{\"@type\":\"ListItem\",\"position\":1,\"name\":\"Home\",\"item\":\"https:\/\/vivinaillab.com\/\"},{\"@type\":\"ListItem\",\"position\":2,\"name\":\"Shipping Policy\"}]},{\"@type\":\"WebSite\",\"@id\":\"https:\/\/vivinaillab.com\/#website\",\"url\":\"https:\/\/vivinaillab.com\/\",\"name\":\"ViviNail - Professional Nail Gel Supply\",\"description\":\"ViviNail - Professional Nail Gel Supply\",\"potentialAction\":[{\"@type\":\"SearchAction\",\"target\":{\"@type\":\"EntryPoint\",\"urlTemplate\":\"https:\/\/vivinaillab.com\/?s={search_term_string}\"},\"query-input\":{\"@type\":\"PropertyValueSpecification\",\"valueRequired\":true,\"valueName\":\"search_term_string\"}}],\"inLanguage\":\"es\"}]}<\/script>\n<!-- \/ Yoast SEO plugin. -->","yoast_head_json":{"title":"Shipping Policy - ViviNail - Professional Nail Gel Supply","robots":{"index":"index","follow":"follow","max-snippet":"max-snippet:-1","max-image-preview":"max-image-preview:large","max-video-preview":"max-video-preview:-1"},"canonical":"https:\/\/vivinaillab.com\/es\/shipping-policy\/","og_locale":"es_ES","og_type":"article","og_title":"Shipping Policy - ViviNail - Professional Nail Gel Supply","og_description":"We know how excited our customers are to receive their new products, so all orders are packaged and shipped within 2 business day. Estimated delivery time [\u2026]","og_url":"https:\/\/vivinaillab.com\/es\/shipping-policy\/","og_site_name":"ViviNail - Professional Nail Gel Supply","article_modified_time":"2026-01-28T07:20:47+00:00","twitter_card":"summary_large_image","twitter_misc":{"Tiempo de lectura":"1 minuto"},"schema":{"@context":"https:\/\/schema.org","@graph":[{"@type":"WebPage","@id":"https:\/\/vivinaillab.com\/shipping-policy\/","url":"https:\/\/vivinaillab.com\/shipping-policy\/","name":"Shipping Policy - ViviNail - Professional Nail Gel Supply","isPartOf":{"@id":"https:\/\/vivinaillab.com\/#website"},"datePublished":"2026-01-28T07:20:46+00:00","dateModified":"2026-01-28T07:20:47+00:00","breadcrumb":{"@id":"https:\/\/vivinaillab.com\/shipping-policy\/#breadcrumb"},"inLanguage":"es","potentialAction":[{"@type":"ReadAction","target":["https:\/\/vivinaillab.com\/shipping-policy\/"]}]},{"@type":"BreadcrumbList","@id":"https:\/\/vivinaillab.com\/shipping-policy\/#breadcrumb","itemListElement":[{"@type":"ListItem","position":1,"name":"Home","item":"https:\/\/vivinaillab.com\/"},{"@type":"ListItem","position":2,"name":"Shipping Policy"}]},{"@type":"WebSite","@id":"https:\/\/vivinaillab.com\/#website","url":"https:\/\/vivinaillab.com\/","name":"ViviNail - Professional Nail Gel Supply","description":"ViviNail - Professional Nail Gel Supply","potentialAction":[{"@type":"SearchAction","target":{"@type":"EntryPoint","urlTemplate":"https:\/\/vivinaillab.com\/?s={search_term_string}"},"query-input":{"@type":"PropertyValueSpecification","valueRequired":true,"valueName":"search_term_string"}}],"inLanguage":"es"}]}},"_links":{"self":[{"href":"https:\/\/vivinaillab.com\/es\/wp-json\/wp\/v2\/pages\/523","targetHints":{"allow":["GET"]}}],"collection":[{"href":"https:\/\/vivinaillab.com\/es\/wp-json\/wp\/v2\/pages"}],"about":[{"href":"https:\/\/vivinaillab.com\/es\/wp-json\/wp\/v2\/types\/page"}],"author":[{"embeddable":true,"href":"https:\/\/vivinaillab.com\/es\/wp-json\/wp\/v2\/users\/1"}],"replies":[{"embeddable":true,"href":"https:\/\/vivinaillab.com\/es\/wp-json\/wp\/v2\/comments?post=523"}],"version-history":[{"count":1,"href":"https:\/\/vivinaillab.com\/es\/wp-json\/wp\/v2\/pages\/523\/revisions"}],"predecessor-version":[{"id":531,"href":"https:\/\/vivinaillab.com\/es\/wp-json\/wp\/v2\/pages\/523\/revisions\/531"}],"wp:attachment":[{"href":"https:\/\/vivinaillab.com\/es\/wp-json\/wp\/v2\/media?parent=523"}],"curies":[{"name":"wp","href":"https:\/\/api.w.org\/{rel}","templated":true}]}}