{"id":524,"date":"2026-01-28T07:19:40","date_gmt":"2026-01-28T07:19:40","guid":{"rendered":"https:\/\/vivinaillab.com\/?page_id=524"},"modified":"2026-01-28T07:19:41","modified_gmt":"2026-01-28T07:19:41","slug":"privacy-policy","status":"publish","type":"page","link":"https:\/\/vivinaillab.com\/es\/privacy-policy\/","title":{"rendered":"pol\u00edtica de privacidad"},"content":{"rendered":"<p>Horoscope Crystal (\u201cnosotros\u201d, \u201cnos\u201d o \u201cnuestro\u201d) opera el sitio web de ViviNail Nail Art Lab (el \u201cServicio\u201d).<\/p>\n\n\n\n<p>Esta p\u00e1gina le informa sobre nuestras pol\u00edticas con respecto a la recopilaci\u00f3n, el uso y la divulgaci\u00f3n de informaci\u00f3n personal cuando usted utiliza nuestro Servicio.<\/p>\n\n\n\n<p>No utilizaremos ni compartiremos su informaci\u00f3n con nadie, excepto seg\u00fan lo descrito en esta Pol\u00edtica de Privacidad.<\/p>\n\n\n\n<p>Utilizamos su informaci\u00f3n personal para proporcionar y mejorar el Servicio. Al utilizar el Servicio, usted acepta la recopilaci\u00f3n y el uso de informaci\u00f3n de acuerdo con esta pol\u00edtica. Salvo que se defina lo contrario en esta Pol\u00edtica de Privacidad, los t\u00e9rminos utilizados en la misma tienen el mismo significado que en nuestros T\u00e9rminos y Condiciones, disponibles en https:\/\/vivinaillab.com<\/p>\n\n\n\n<h2 class=\"wp-block-heading\">Recopilaci\u00f3n y uso de informaci\u00f3n<\/h2>\n\n\n\n<p>Al utilizar nuestro Servicio, es posible que le solicitemos que nos proporcione cierta informaci\u00f3n de identificaci\u00f3n personal que puede utilizarse para contactarlo o identificarlo. La informaci\u00f3n de identificaci\u00f3n personal (&quot;Informaci\u00f3n Personal&quot;) puede incluir, entre otros:<\/p>\n\n\n\n<ul class=\"wp-block-list\">\n<li>Nombre<\/li>\n\n\n\n<li>Direcci\u00f3n de correo electr\u00f3nico<\/li>\n\n\n\n<li>N\u00famero telef\u00f3nico<\/li>\n\n\n\n<li>DIRECCI\u00d3N<\/li>\n<\/ul>\n\n\n\n<h2 class=\"wp-block-heading\">Datos de registro<\/h2>\n\n\n\n<p>Recopilamos informaci\u00f3n que su navegador env\u00eda cada vez que visita nuestro Servicio (\u00abDatos de registro\u00bb). Estos Datos de registro pueden incluir informaci\u00f3n como la direcci\u00f3n de Protocolo de Internet (\u00abIP\u00bb) de su computadora, el tipo y la versi\u00f3n del navegador, las p\u00e1ginas de nuestro Servicio que visita, la fecha y hora de su visita, el tiempo que pasa en esas p\u00e1ginas y otras estad\u00edsticas.<\/p>\n\n\n\n<h2 class=\"wp-block-heading\">Galletas<\/h2>\n\n\n\n<p>Las cookies son archivos con una peque\u00f1a cantidad de datos que pueden incluir un identificador \u00fanico an\u00f3nimo. Las cookies se env\u00edan a su navegador desde un sitio web y se almacenan en el disco duro de su ordenador.<\/p>\n\n\n\n<p>Utilizamos cookies para recopilar informaci\u00f3n. Puede configurar su navegador para que rechace todas las cookies o para que le avise cuando se env\u00ede una. Sin embargo, si no acepta las cookies, es posible que no pueda utilizar algunas funciones de nuestro servicio.<\/p>\n\n\n\n<h2 class=\"wp-block-heading\">Proveedores de servicios<\/h2>\n\n\n\n<p>Podemos recurrir a empresas y personas externas para facilitar nuestro Servicio, para que presten el Servicio en nuestro nombre, para que realicen servicios relacionados con el Servicio o para que nos ayuden a analizar c\u00f3mo se utiliza nuestro Servicio.<\/p>\n\n\n\n<p>Estos terceros solo tienen acceso a su informaci\u00f3n personal para realizar estas tareas en nuestro nombre y est\u00e1n obligados a no divulgarla ni utilizarla para ning\u00fan otro fin.<\/p>\n\n\n\n<h2 class=\"wp-block-heading\">Seguridad<\/h2>\n\n\n\n<p>La seguridad de su informaci\u00f3n personal es importante para nosotros, pero recuerde que ning\u00fan m\u00e9todo de transmisi\u00f3n por internet ni de almacenamiento electr\u00f3nico es 100% seguro. Si bien nos esforzamos por utilizar medios comercialmente aceptables para proteger su informaci\u00f3n personal, no podemos garantizar su seguridad absoluta.<\/p>\n\n\n\n<h2 class=\"wp-block-heading\">Enlaces a otros sitios<\/h2>\n\n\n\n<p>Nuestro servicio puede contener enlaces a otros sitios web que no son operados por nosotros. Si hace clic en un enlace de terceros, ser\u00e1 redirigido al sitio web de dicho tercero. Le recomendamos encarecidamente que revise la pol\u00edtica de privacidad de cada sitio web que visite.<\/p>\n\n\n\n<p>No tenemos control ni asumimos responsabilidad alguna por el contenido, las pol\u00edticas de privacidad o las pr\u00e1cticas de sitios o servicios de terceros.<\/p>\n\n\n\n<h2 class=\"wp-block-heading\">Privacidad de los ni\u00f1os<\/h2>\n\n\n\n<p>Nuestro servicio no est\u00e1 dirigido a ninguna persona menor de 18 a\u00f1os (&quot;Ni\u00f1os&quot;).<\/p>\n\n\n\n<p>No recopilamos informaci\u00f3n personal identificable de menores de 18 a\u00f1os. Si usted es padre, madre o tutor legal y sabe que su hijo\/a nos ha proporcionado informaci\u00f3n personal, p\u00f3ngase en contacto con nosotros. Si descubrimos que un menor de 18 a\u00f1os nos ha proporcionado informaci\u00f3n personal, la eliminaremos de nuestros servidores de inmediato.<\/p>\n\n\n\n<h2 class=\"wp-block-heading\">Cumplimiento de las leyes<\/h2>\n\n\n\n<p>Divulgaremos su informaci\u00f3n personal cuando as\u00ed lo exija la ley o una orden judicial.<\/p>\n\n\n\n<h2 class=\"wp-block-heading\">Cambios en esta Pol\u00edtica de Privacidad<\/h2>\n\n\n\n<p>Es posible que actualicemos nuestra Pol\u00edtica de Privacidad peri\u00f3dicamente. Le notificaremos cualquier cambio publicando la nueva Pol\u00edtica de Privacidad en esta p\u00e1gina.<\/p>\n\n\n\n<p>Se recomienda revisar esta Pol\u00edtica de Privacidad peri\u00f3dicamente para estar al tanto de cualquier cambio. Los cambios a esta Pol\u00edtica de Privacidad entran en vigor en el momento de su publicaci\u00f3n en esta p\u00e1gina.<\/p>\n\n\n\n<h2 class=\"wp-block-heading\">Cont\u00e1ctanos<\/h2>\n\n\n\n<p>Si tiene alguna pregunta sobre esta Pol\u00edtica de Privacidad, por favor\u00a0<a href=\"\/es\/contact\/\">Cont\u00e1ctanos<\/a>.<\/p>","protected":false},"excerpt":{"rendered":"<p>Horoscope Crystal (\u201cus\u201d, \u201cwe\u201d, or \u201cour\u201d) operates the ViviNail Nail Art Lab website (the \u201cService\u201d). This page informs you of our policies regarding the collection, use<span class=\"excerpt-hellip\"> [\u2026]<\/span><\/p>","protected":false},"author":1,"featured_media":0,"parent":0,"menu_order":0,"comment_status":"closed","ping_status":"closed","template":"","meta":{"footnotes":""},"class_list":["post-524","page","type-page","status-publish","hentry"],"yoast_head":"<!-- This site is optimized with the Yoast SEO plugin v26.6 - https:\/\/yoast.com\/wordpress\/plugins\/seo\/ -->\n<title>Privacy Policy - ViviNail - Professional Nail Gel Supply<\/title>\n<meta name=\"robots\" content=\"index, follow, max-snippet:-1, max-image-preview:large, max-video-preview:-1\" \/>\n<link rel=\"canonical\" href=\"https:\/\/vivinaillab.com\/es\/privacy-policy\/\" \/>\n<meta property=\"og:locale\" content=\"es_ES\" \/>\n<meta property=\"og:type\" content=\"article\" \/>\n<meta property=\"og:title\" content=\"Privacy Policy - ViviNail - Professional Nail Gel Supply\" \/>\n<meta property=\"og:description\" content=\"Horoscope Crystal (\u201cus\u201d, \u201cwe\u201d, or \u201cour\u201d) operates the ViviNail Nail Art Lab website (the \u201cService\u201d). This page informs you of our policies regarding the collection, use [\u2026]\" \/>\n<meta property=\"og:url\" content=\"https:\/\/vivinaillab.com\/es\/privacy-policy\/\" \/>\n<meta property=\"og:site_name\" content=\"ViviNail - Professional Nail Gel Supply\" \/>\n<meta property=\"article:modified_time\" content=\"2026-01-28T07:19:41+00:00\" \/>\n<meta name=\"twitter:card\" content=\"summary_large_image\" \/>\n<meta name=\"twitter:label1\" content=\"Tiempo de lectura\" \/>\n\t<meta name=\"twitter:data1\" content=\"3 minutos\" \/>\n<script type=\"application\/ld+json\" class=\"yoast-schema-graph\">{\"@context\":\"https:\/\/schema.org\",\"@graph\":[{\"@type\":\"WebPage\",\"@id\":\"https:\/\/vivinaillab.com\/privacy-policy\/\",\"url\":\"https:\/\/vivinaillab.com\/privacy-policy\/\",\"name\":\"Privacy Policy - ViviNail - Professional Nail Gel Supply\",\"isPartOf\":{\"@id\":\"https:\/\/vivinaillab.com\/#website\"},\"datePublished\":\"2026-01-28T07:19:40+00:00\",\"dateModified\":\"2026-01-28T07:19:41+00:00\",\"breadcrumb\":{\"@id\":\"https:\/\/vivinaillab.com\/privacy-policy\/#breadcrumb\"},\"inLanguage\":\"es\",\"potentialAction\":[{\"@type\":\"ReadAction\",\"target\":[\"https:\/\/vivinaillab.com\/privacy-policy\/\"]}]},{\"@type\":\"BreadcrumbList\",\"@id\":\"https:\/\/vivinaillab.com\/privacy-policy\/#breadcrumb\",\"itemListElement\":[{\"@type\":\"ListItem\",\"position\":1,\"name\":\"Home\",\"item\":\"https:\/\/vivinaillab.com\/\"},{\"@type\":\"ListItem\",\"position\":2,\"name\":\"Privacy Policy\"}]},{\"@type\":\"WebSite\",\"@id\":\"https:\/\/vivinaillab.com\/#website\",\"url\":\"https:\/\/vivinaillab.com\/\",\"name\":\"ViviNail - Professional Nail Gel Supply\",\"description\":\"ViviNail - Professional Nail Gel Supply\",\"potentialAction\":[{\"@type\":\"SearchAction\",\"target\":{\"@type\":\"EntryPoint\",\"urlTemplate\":\"https:\/\/vivinaillab.com\/?s={search_term_string}\"},\"query-input\":{\"@type\":\"PropertyValueSpecification\",\"valueRequired\":true,\"valueName\":\"search_term_string\"}}],\"inLanguage\":\"es\"}]}<\/script>\n<!-- \/ Yoast SEO plugin. -->","yoast_head_json":{"title":"Privacy Policy - ViviNail - Professional Nail Gel Supply","robots":{"index":"index","follow":"follow","max-snippet":"max-snippet:-1","max-image-preview":"max-image-preview:large","max-video-preview":"max-video-preview:-1"},"canonical":"https:\/\/vivinaillab.com\/es\/privacy-policy\/","og_locale":"es_ES","og_type":"article","og_title":"Privacy Policy - ViviNail - Professional Nail Gel Supply","og_description":"Horoscope Crystal (\u201cus\u201d, \u201cwe\u201d, or \u201cour\u201d) operates the ViviNail Nail Art Lab website (the \u201cService\u201d). This page informs you of our policies regarding the collection, use [\u2026]","og_url":"https:\/\/vivinaillab.com\/es\/privacy-policy\/","og_site_name":"ViviNail - Professional Nail Gel Supply","article_modified_time":"2026-01-28T07:19:41+00:00","twitter_card":"summary_large_image","twitter_misc":{"Tiempo de lectura":"3 minutos"},"schema":{"@context":"https:\/\/schema.org","@graph":[{"@type":"WebPage","@id":"https:\/\/vivinaillab.com\/privacy-policy\/","url":"https:\/\/vivinaillab.com\/privacy-policy\/","name":"Privacy Policy - ViviNail - Professional Nail Gel Supply","isPartOf":{"@id":"https:\/\/vivinaillab.com\/#website"},"datePublished":"2026-01-28T07:19:40+00:00","dateModified":"2026-01-28T07:19:41+00:00","breadcrumb":{"@id":"https:\/\/vivinaillab.com\/privacy-policy\/#breadcrumb"},"inLanguage":"es","potentialAction":[{"@type":"ReadAction","target":["https:\/\/vivinaillab.com\/privacy-policy\/"]}]},{"@type":"BreadcrumbList","@id":"https:\/\/vivinaillab.com\/privacy-policy\/#breadcrumb","itemListElement":[{"@type":"ListItem","position":1,"name":"Home","item":"https:\/\/vivinaillab.com\/"},{"@type":"ListItem","position":2,"name":"Privacy Policy"}]},{"@type":"WebSite","@id":"https:\/\/vivinaillab.com\/#website","url":"https:\/\/vivinaillab.com\/","name":"ViviNail - Professional Nail Gel Supply","description":"ViviNail - Professional Nail Gel Supply","potentialAction":[{"@type":"SearchAction","target":{"@type":"EntryPoint","urlTemplate":"https:\/\/vivinaillab.com\/?s={search_term_string}"},"query-input":{"@type":"PropertyValueSpecification","valueRequired":true,"valueName":"search_term_string"}}],"inLanguage":"es"}]}},"_links":{"self":[{"href":"https:\/\/vivinaillab.com\/es\/wp-json\/wp\/v2\/pages\/524","targetHints":{"allow":["GET"]}}],"collection":[{"href":"https:\/\/vivinaillab.com\/es\/wp-json\/wp\/v2\/pages"}],"about":[{"href":"https:\/\/vivinaillab.com\/es\/wp-json\/wp\/v2\/types\/page"}],"author":[{"embeddable":true,"href":"https:\/\/vivinaillab.com\/es\/wp-json\/wp\/v2\/users\/1"}],"replies":[{"embeddable":true,"href":"https:\/\/vivinaillab.com\/es\/wp-json\/wp\/v2\/comments?post=524"}],"version-history":[{"count":1,"href":"https:\/\/vivinaillab.com\/es\/wp-json\/wp\/v2\/pages\/524\/revisions"}],"predecessor-version":[{"id":530,"href":"https:\/\/vivinaillab.com\/es\/wp-json\/wp\/v2\/pages\/524\/revisions\/530"}],"wp:attachment":[{"href":"https:\/\/vivinaillab.com\/es\/wp-json\/wp\/v2\/media?parent=524"}],"curies":[{"name":"wp","href":"https:\/\/api.w.org\/{rel}","templated":true}]}}