{"id":525,"date":"2026-01-28T07:17:19","date_gmt":"2026-01-28T07:17:19","guid":{"rendered":"https:\/\/vivinaillab.com\/?page_id=525"},"modified":"2026-01-28T07:17:20","modified_gmt":"2026-01-28T07:17:20","slug":"terms-of-service","status":"publish","type":"page","link":"https:\/\/vivinaillab.com\/es\/terms-of-service\/","title":{"rendered":"Condiciones de servicio"},"content":{"rendered":"<p>Lea atentamente estos T\u00e9rminos de uso (\u201cT\u00e9rminos\u201d) antes de utilizar el sitio web https:\/\/vivinaillab.com (el \u201cServicio\u201d) operado por ViviNail Nail Art Lab (\u201cnosotros\u201d, \u201cnuestro\u201d o \u201cnuestra\u201d).<\/p>\n\n\n\n<p>Su acceso y uso del Servicio est\u00e1n condicionados a la aceptaci\u00f3n y el cumplimiento de estos T\u00e9rminos. Estos T\u00e9rminos se aplican a todos los visitantes, usuarios y dem\u00e1s personas que accedan o utilicen el Servicio.<\/p>\n\n\n\n<p>Al acceder o utilizar el Servicio, usted acepta regirse por estos T\u00e9rminos. Si no est\u00e1 de acuerdo con alguna parte de los t\u00e9rminos, no podr\u00e1 acceder al Servicio.<\/p>\n\n\n\n<h2 class=\"wp-block-heading\">Cuentas<\/h2>\n\n\n\n<p>Al crear una cuenta con nosotros, debe proporcionarnos informaci\u00f3n precisa, completa y actualizada en todo momento. El incumplimiento de esta obligaci\u00f3n constituye una violaci\u00f3n de los T\u00e9rminos y Condiciones, lo que puede resultar en la cancelaci\u00f3n inmediata de su cuenta en nuestro Servicio.<\/p>\n\n\n\n<p>Usted es responsable de salvaguardar la contrase\u00f1a que utiliza para acceder al Servicio y de todas las actividades o acciones realizadas bajo su contrase\u00f1a, ya sea que su contrase\u00f1a se utilice en nuestro Servicio o en un servicio de terceros.<\/p>\n\n\n\n<p>Usted se compromete a no revelar su contrase\u00f1a a terceros. Debe notificarnos de inmediato si detecta cualquier violaci\u00f3n de seguridad o uso no autorizado de su cuenta.<\/p>\n\n\n\n<h2 class=\"wp-block-heading\">Propiedad intelectual<\/h2>\n\n\n\n<p>El Servicio y su contenido original, caracter\u00edsticas y funcionalidades son y seguir\u00e1n siendo propiedad exclusiva de ViviNail Nail Art Lab y sus licenciantes.<\/p>\n\n\n\n<h2 class=\"wp-block-heading\">Enlaces a otros sitios web<\/h2>\n\n\n\n<p>Nuestro Servicio puede contener enlaces a sitios web o servicios de terceros que no son propiedad de ViviNail Nail Art Lab ni est\u00e1n controlados por esta.<\/p>\n\n\n\n<p>ViviNail Nail Art Lab no controla ni asume responsabilidad alguna por el contenido, las pol\u00edticas de privacidad o las pr\u00e1cticas de sitios web o servicios de terceros. Asimismo, usted reconoce y acepta que ViviNail Nail Art Lab no ser\u00e1 responsable, ni directa ni indirectamente, de ning\u00fan da\u00f1o o p\u00e9rdida causados o supuestamente causados por o en relaci\u00f3n con el uso o la confianza depositada en dicho contenido, bienes o servicios disponibles en o a trav\u00e9s de dichos sitios web o servicios.<\/p>\n\n\n\n<p>Le recomendamos encarecidamente que lea los t\u00e9rminos y condiciones y las pol\u00edticas de privacidad de cualquier sitio web o servicio de terceros que visite.<\/p>\n\n\n\n<h2 class=\"wp-block-heading\">Terminaci\u00f3n<\/h2>\n\n\n\n<p>Podemos cancelar o suspender su cuenta de inmediato, sin previo aviso ni responsabilidad alguna, por cualquier motivo, incluyendo, entre otros, el incumplimiento de los T\u00e9rminos.<\/p>\n\n\n\n<p>Tras la rescisi\u00f3n, su derecho a utilizar el Servicio cesar\u00e1 de inmediato. Si desea cancelar su cuenta, simplemente deje de utilizar el Servicio.<\/p>\n\n\n\n<p>Todas las disposiciones de los T\u00e9rminos que por su naturaleza deban permanecer vigentes tras la rescisi\u00f3n, permanecer\u00e1n vigentes tras la rescisi\u00f3n, incluidas, entre otras, las disposiciones sobre propiedad, las exenciones de garant\u00eda, la indemnizaci\u00f3n y las limitaciones de responsabilidad.<\/p>\n\n\n\n<h2 class=\"wp-block-heading\">Descargo de responsabilidad<\/h2>\n\n\n\n<p>El uso del Servicio es bajo su exclusiva responsabilidad. El Servicio se proporciona \u00abtal cual\u00bb y \u00abseg\u00fan disponibilidad\u00bb. El Servicio se proporciona sin garant\u00edas de ning\u00fan tipo, ya sean expresas o impl\u00edcitas, incluidas, entre otras, las garant\u00edas impl\u00edcitas de comerciabilidad, idoneidad para un prop\u00f3sito particular, no infracci\u00f3n o cumplimiento.<\/p>\n\n\n\n<h2 class=\"wp-block-heading\">Ley aplicable<\/h2>\n\n\n\n<p>Estos T\u00e9rminos se regir\u00e1n e interpretar\u00e1n de conformidad con las leyes de China, sin tener en cuenta sus disposiciones sobre conflicto de leyes.<\/p>\n\n\n\n<p>El hecho de que no ejerzamos alg\u00fan derecho o disposici\u00f3n de estos T\u00e9rminos no se considerar\u00e1 una renuncia a dichos derechos. Si alguna disposici\u00f3n de estos T\u00e9rminos se considera inv\u00e1lida o inaplicable por un tribunal, las dem\u00e1s disposiciones de estos T\u00e9rminos permanecer\u00e1n vigentes. Estos T\u00e9rminos constituyen el acuerdo completo entre nosotros con respecto a nuestro Servicio, y reemplazan cualquier acuerdo previo que pudi\u00e9ramos haber tenido entre nosotros con respecto al Servicio.<\/p>\n\n\n\n<h2 class=\"wp-block-heading\">Cambios<\/h2>\n\n\n\n<p>Nos reservamos el derecho, a nuestra entera discreci\u00f3n, de modificar o reemplazar estos T\u00e9rminos en cualquier momento. Si la modificaci\u00f3n es sustancial, procuraremos notificarle con al menos 30 d\u00edas de antelaci\u00f3n antes de que entren en vigor los nuevos t\u00e9rminos. Determinaremos, a nuestra entera discreci\u00f3n, qu\u00e9 constituye un cambio sustancial.<\/p>\n\n\n\n<p>Al continuar accediendo o utilizando nuestro Servicio despu\u00e9s de que dichas revisiones entren en vigor, usted acepta regirse por los t\u00e9rminos revisados. Si no est\u00e1 de acuerdo con los nuevos t\u00e9rminos, deje de utilizar el Servicio.<\/p>\n\n\n\n<h2 class=\"wp-block-heading\">Cont\u00e1ctanos<\/h2>\n\n\n\n<p>Si tiene alguna pregunta sobre estos T\u00e9rminos, por favor\u00a0<a href=\"\/es\/contact\/\">Cont\u00e1ctanos<\/a>.<\/p>","protected":false},"excerpt":{"rendered":"<p>Please read these Terms of Use (\u201cTerms\u201d, \u201cTerms of Use\u201d) carefully before using the https:\/\/vivinaillab.com website (the \u201cService\u201d) operated by ViviNail Nail Art Lab (\u201cus\u201d, \u201cwe\u201d,<span class=\"excerpt-hellip\"> [\u2026]<\/span><\/p>","protected":false},"author":1,"featured_media":0,"parent":0,"menu_order":0,"comment_status":"closed","ping_status":"closed","template":"","meta":{"footnotes":""},"class_list":["post-525","page","type-page","status-publish","hentry"],"yoast_head":"<!-- This site is optimized with the Yoast SEO plugin v26.6 - https:\/\/yoast.com\/wordpress\/plugins\/seo\/ -->\n<title>Terms of Service - ViviNail - Professional Nail Gel Supply<\/title>\n<meta name=\"robots\" content=\"index, follow, max-snippet:-1, max-image-preview:large, max-video-preview:-1\" \/>\n<link rel=\"canonical\" href=\"https:\/\/vivinaillab.com\/es\/terms-of-service\/\" \/>\n<meta property=\"og:locale\" content=\"es_ES\" \/>\n<meta property=\"og:type\" content=\"article\" \/>\n<meta property=\"og:title\" content=\"Terms of Service - ViviNail - Professional Nail Gel Supply\" \/>\n<meta property=\"og:description\" content=\"Please read these Terms of Use (\u201cTerms\u201d, \u201cTerms of Use\u201d) carefully before using the https:\/\/vivinaillab.com website (the \u201cService\u201d) operated by ViviNail Nail Art Lab (\u201cus\u201d, \u201cwe\u201d, [\u2026]\" \/>\n<meta property=\"og:url\" content=\"https:\/\/vivinaillab.com\/es\/terms-of-service\/\" \/>\n<meta property=\"og:site_name\" content=\"ViviNail - Professional Nail Gel Supply\" \/>\n<meta property=\"article:modified_time\" content=\"2026-01-28T07:17:20+00:00\" \/>\n<meta name=\"twitter:card\" content=\"summary_large_image\" \/>\n<meta name=\"twitter:label1\" content=\"Tiempo de lectura\" \/>\n\t<meta name=\"twitter:data1\" content=\"4 minutos\" \/>\n<script type=\"application\/ld+json\" class=\"yoast-schema-graph\">{\"@context\":\"https:\/\/schema.org\",\"@graph\":[{\"@type\":\"WebPage\",\"@id\":\"https:\/\/vivinaillab.com\/terms-of-service\/\",\"url\":\"https:\/\/vivinaillab.com\/terms-of-service\/\",\"name\":\"Terms of Service - ViviNail - Professional Nail Gel Supply\",\"isPartOf\":{\"@id\":\"https:\/\/vivinaillab.com\/#website\"},\"datePublished\":\"2026-01-28T07:17:19+00:00\",\"dateModified\":\"2026-01-28T07:17:20+00:00\",\"breadcrumb\":{\"@id\":\"https:\/\/vivinaillab.com\/terms-of-service\/#breadcrumb\"},\"inLanguage\":\"es\",\"potentialAction\":[{\"@type\":\"ReadAction\",\"target\":[\"https:\/\/vivinaillab.com\/terms-of-service\/\"]}]},{\"@type\":\"BreadcrumbList\",\"@id\":\"https:\/\/vivinaillab.com\/terms-of-service\/#breadcrumb\",\"itemListElement\":[{\"@type\":\"ListItem\",\"position\":1,\"name\":\"Home\",\"item\":\"https:\/\/vivinaillab.com\/\"},{\"@type\":\"ListItem\",\"position\":2,\"name\":\"Terms of Service\"}]},{\"@type\":\"WebSite\",\"@id\":\"https:\/\/vivinaillab.com\/#website\",\"url\":\"https:\/\/vivinaillab.com\/\",\"name\":\"ViviNail - Professional Nail Gel Supply\",\"description\":\"ViviNail - Professional Nail Gel Supply\",\"potentialAction\":[{\"@type\":\"SearchAction\",\"target\":{\"@type\":\"EntryPoint\",\"urlTemplate\":\"https:\/\/vivinaillab.com\/?s={search_term_string}\"},\"query-input\":{\"@type\":\"PropertyValueSpecification\",\"valueRequired\":true,\"valueName\":\"search_term_string\"}}],\"inLanguage\":\"es\"}]}<\/script>\n<!-- \/ Yoast SEO plugin. -->","yoast_head_json":{"title":"Terms of Service - ViviNail - Professional Nail Gel Supply","robots":{"index":"index","follow":"follow","max-snippet":"max-snippet:-1","max-image-preview":"max-image-preview:large","max-video-preview":"max-video-preview:-1"},"canonical":"https:\/\/vivinaillab.com\/es\/terms-of-service\/","og_locale":"es_ES","og_type":"article","og_title":"Terms of Service - ViviNail - Professional Nail Gel Supply","og_description":"Please read these Terms of Use (\u201cTerms\u201d, \u201cTerms of Use\u201d) carefully before using the https:\/\/vivinaillab.com website (the \u201cService\u201d) operated by ViviNail Nail Art Lab (\u201cus\u201d, \u201cwe\u201d, [\u2026]","og_url":"https:\/\/vivinaillab.com\/es\/terms-of-service\/","og_site_name":"ViviNail - Professional Nail Gel Supply","article_modified_time":"2026-01-28T07:17:20+00:00","twitter_card":"summary_large_image","twitter_misc":{"Tiempo de lectura":"4 minutos"},"schema":{"@context":"https:\/\/schema.org","@graph":[{"@type":"WebPage","@id":"https:\/\/vivinaillab.com\/terms-of-service\/","url":"https:\/\/vivinaillab.com\/terms-of-service\/","name":"Terms of Service - ViviNail - Professional Nail Gel Supply","isPartOf":{"@id":"https:\/\/vivinaillab.com\/#website"},"datePublished":"2026-01-28T07:17:19+00:00","dateModified":"2026-01-28T07:17:20+00:00","breadcrumb":{"@id":"https:\/\/vivinaillab.com\/terms-of-service\/#breadcrumb"},"inLanguage":"es","potentialAction":[{"@type":"ReadAction","target":["https:\/\/vivinaillab.com\/terms-of-service\/"]}]},{"@type":"BreadcrumbList","@id":"https:\/\/vivinaillab.com\/terms-of-service\/#breadcrumb","itemListElement":[{"@type":"ListItem","position":1,"name":"Home","item":"https:\/\/vivinaillab.com\/"},{"@type":"ListItem","position":2,"name":"Terms of Service"}]},{"@type":"WebSite","@id":"https:\/\/vivinaillab.com\/#website","url":"https:\/\/vivinaillab.com\/","name":"ViviNail - Professional Nail Gel Supply","description":"ViviNail - Professional Nail Gel Supply","potentialAction":[{"@type":"SearchAction","target":{"@type":"EntryPoint","urlTemplate":"https:\/\/vivinaillab.com\/?s={search_term_string}"},"query-input":{"@type":"PropertyValueSpecification","valueRequired":true,"valueName":"search_term_string"}}],"inLanguage":"es"}]}},"_links":{"self":[{"href":"https:\/\/vivinaillab.com\/es\/wp-json\/wp\/v2\/pages\/525","targetHints":{"allow":["GET"]}}],"collection":[{"href":"https:\/\/vivinaillab.com\/es\/wp-json\/wp\/v2\/pages"}],"about":[{"href":"https:\/\/vivinaillab.com\/es\/wp-json\/wp\/v2\/types\/page"}],"author":[{"embeddable":true,"href":"https:\/\/vivinaillab.com\/es\/wp-json\/wp\/v2\/users\/1"}],"replies":[{"embeddable":true,"href":"https:\/\/vivinaillab.com\/es\/wp-json\/wp\/v2\/comments?post=525"}],"version-history":[{"count":1,"href":"https:\/\/vivinaillab.com\/es\/wp-json\/wp\/v2\/pages\/525\/revisions"}],"predecessor-version":[{"id":529,"href":"https:\/\/vivinaillab.com\/es\/wp-json\/wp\/v2\/pages\/525\/revisions\/529"}],"wp:attachment":[{"href":"https:\/\/vivinaillab.com\/es\/wp-json\/wp\/v2\/media?parent=525"}],"curies":[{"name":"wp","href":"https:\/\/api.w.org\/{rel}","templated":true}]}}