{"id":12,"date":"2025-03-26T07:54:39","date_gmt":"2025-03-26T07:54:39","guid":{"rendered":"https:\/\/vivinaillab.com\/?page_id=12"},"modified":"2026-04-14T08:09:03","modified_gmt":"2026-04-14T08:09:03","slug":"about-us","status":"publish","type":"page","link":"https:\/\/vivinaillab.com\/fr\/about-us\/","title":{"rendered":"\u00c0 propos de nous"},"content":{"rendered":"<div data-elementor-type=\"wp-page\" data-elementor-id=\"12\" class=\"elementor elementor-12\">\n\t\t\t\t<div class=\"elementor-element elementor-element-8a15368 e-flex e-con-boxed e-con e-parent\" data-id=\"8a15368\" data-element_type=\"container\">\n\t\t\t\t\t<div class=\"e-con-inner\">\n\t\t\t\t<div class=\"elementor-element elementor-element-43010e8 elementor-widget elementor-widget-image\" data-id=\"43010e8\" data-element_type=\"widget\" data-widget_type=\"image.default\">\n\t\t\t\t\t\t\t\t\t\t\t\t\t\t\t<img fetchpriority=\"high\" decoding=\"async\" width=\"1920\" height=\"649\" src=\"https:\/\/vivinaillab.com\/wp-content\/uploads\/2026\/04\/323323.jpg\" class=\"attachment-full size-full wp-image-3126\" alt=\"\" srcset=\"https:\/\/vivinaillab.com\/wp-content\/uploads\/2026\/04\/323323.jpg 1920w, https:\/\/vivinaillab.com\/wp-content\/uploads\/2026\/04\/323323-500x169.jpg 500w, https:\/\/vivinaillab.com\/wp-content\/uploads\/2026\/04\/323323-1200x406.jpg 1200w, https:\/\/vivinaillab.com\/wp-content\/uploads\/2026\/04\/323323-300x101.jpg 300w, https:\/\/vivinaillab.com\/wp-content\/uploads\/2026\/04\/323323-768x260.jpg 768w, https:\/\/vivinaillab.com\/wp-content\/uploads\/2026\/04\/323323-1536x519.jpg 1536w, https:\/\/vivinaillab.com\/wp-content\/uploads\/2026\/04\/323323-18x6.jpg 18w, https:\/\/vivinaillab.com\/wp-content\/uploads\/2026\/04\/323323-150x51.jpg 150w, https:\/\/vivinaillab.com\/wp-content\/uploads\/2026\/04\/323323-700x237.jpg 700w, https:\/\/vivinaillab.com\/wp-content\/uploads\/2026\/04\/323323-800x270.jpg 800w\" sizes=\"(max-width:767px) 700px, (max-width:1920px) 100vw, 1920px\" \/>\t\t\t\t\t\t\t\t\t\t\t\t\t\t\t<\/div>\n\t\t\t\t<div class=\"elementor-element elementor-element-429bcb5 elementor-widget elementor-widget-heading\" data-id=\"429bcb5\" data-element_type=\"widget\" data-widget_type=\"heading.default\">\n\t\t\t\t\t<h1 class=\"elementor-heading-title elementor-size-default\">Qui sommes-nous ?<\/h1>\t\t\t\t<\/div>\n\t\t\t\t<div class=\"elementor-element elementor-element-e9c0aa3 elementor-widget elementor-widget-text-editor\" data-id=\"e9c0aa3\" data-element_type=\"widget\" data-widget_type=\"text-editor.default\">\n\t\t\t\t\t\t\t\t\t<div data-page-id=\"DzT0fcoN8dxsA1cL2CWcxkJLnlc\" data-lark-html-role=\"root\" data-docx-has-block-data=\"false\"><div class=\"ace-line ace-line old-record-id-GwU4f9jfudVU5cchjiVcLOi1nNg\"><div data-page-id=\"XPEhfO8XkdeoyVcM4Qwcj26unmh\" data-lark-html-role=\"root\" data-docx-has-block-data=\"false\"><div class=\"ace-line ace-line old-record-id-VE4afn6sidUlf3cpEtDclZFhnUg\">ViviNail est un fabricant et fournisseur professionnel sp\u00e9cialis\u00e9 dans les gels fonctionnels de qualit\u00e9 professionnelle. Nous nous engageons \u00e0 fournir des produits pour les ongles de haute qualit\u00e9, stables et \u00e9conomiques aux salons de manucure, aux grossistes et aux marques partenaires du monde entier. Entreprise industrielle et commerciale int\u00e9gr\u00e9e, dot\u00e9e de capacit\u00e9s de R&amp;D, de production et de vente, ViviNail place le professionnalisme au c\u0153ur de sa strat\u00e9gie et aspire \u00e0 devenir un partenaire unique et fiable pour tous les professionnels de la manucure \u00e0 travers le monde.<\/div><div>\u00a0<\/div><h2 class=\"heading-2 ace-line old-record-id-QSq0fWCFEd6HuzcM0rIcTIh8ngd\">Core Business<\/h2><h3 class=\"heading-3 ace-line old-record-id-YqmDff74udDbrtczIfAcMlhln4g\">1. Salon-Grade Functional Gels (Core Product)<\/h3><div class=\"ace-line ace-line old-record-id-RNmlfXSpydHjeOcyo4Ac5HL0nsA\">As the core business of ViviNail, our salon-grade functional gels are designed for daily high-frequency use in nail salons, covering all essential types needed for professional nail services:<\/div><ul class=\"list-bullet1\"><li class=\"ace-line ace-line old-record-id-Fza1fc8fld3SYJcBlkncfN76nne\" data-list=\"bullet\"><div>Base Gel: Strong adhesion, anti-lifting, nail surface protection, compatible with various color gels and extension techniques.<\/div><\/li><li class=\"ace-line ace-line old-record-id-IqWIfkN4SdTyW0csYb7cXL5AnKc\" data-list=\"bullet\"><div>Top Coat: High-gloss and matte dual series, wear-resistant, long-lasting luster, no residue.<\/div><\/li><li class=\"ace-line ace-line old-record-id-Ot56fBgp2d7PrvcbrcbcZS6NnGd\" data-list=\"bullet\"><div>Builder Gel: Fast shaping, strong support, suitable for natural nail reinforcement and extension.<\/div><\/li><li class=\"ace-line ace-line old-record-id-NvldfMQXOdd5Accsg0ocyAe4nXe\" data-list=\"bullet\"><div>Reinforcement Gel: Thin and tough formula, repairs fragile nail surfaces and improves durability.<\/div><\/li><li class=\"ace-line ace-line old-record-id-BLbvfLZgqdjvMPcxzjUc4M2SnIl\" data-list=\"bullet\"><div>Extension Gel: High fluidity, easy to operate, shortens salon service time.<\/div><\/li><li class=\"ace-line ace-line old-record-id-T3gqf9JMJdSiFvcN3tPcxVjTnmr\" data-list=\"bullet\"><div>Nail Glue Gel: Multifunctional formula, suitable for diamond sticking, reinforcement and 3D modeling.<\/div><\/li><\/ul><div class=\"ace-line ace-line old-record-id-KeSCfbMJxdCATAcE73dcBaA6nrb\">Our functional gels feature low-odor, eco-friendly formulas, UV\/LED dual curing, and a long-lasting effect of over 40 days. With stable batch quality and a repurchase rate of over 85%, they are trusted by numerous nail salons.<\/div><div>\u00a0<\/div><h3 class=\"heading-3 ace-line old-record-id-N5J1f69lBd0z64c2TTQc3dagn84\">2. Press-On Nails<\/h3><div class=\"ace-line ace-line old-record-id-DMpmfqyd3dt8izc6sLNc06K3n7c\">We also offer premium press-on nails, including handmade custom options and mass-produced styles, supporting logo customization and OEM packaging to complement salon offerings.<\/div><div>\u00a0<\/div><h3 class=\"heading-3 ace-line old-record-id-CQ97fJO9TdeaBfcJmbhceskpn7p\">3. Nail Printers<\/h3><div class=\"ace-line ace-line old-record-id-XJ0LfFroxdWmbgcCUqZcIXyhnzd\">Additionally, we provide intelligent nail printer solutions, including portable and industrial-grade options, to meet personalized and mass-production needs of salons.<\/div><\/div><\/div><\/div>\t\t\t\t\t\t\t\t<\/div>\n\t\t\t\t<div class=\"elementor-element elementor-element-23b286b elementor-widget elementor-widget-image\" data-id=\"23b286b\" data-element_type=\"widget\" data-widget_type=\"image.default\">\n\t\t\t\t\t\t\t\t\t\t\t\t\t\t\t<img decoding=\"async\" width=\"1920\" height=\"650\" src=\"https:\/\/vivinaillab.com\/wp-content\/uploads\/2026\/04\/323234.jpg\" class=\"attachment-full size-full wp-image-3125\" alt=\"\" srcset=\"https:\/\/vivinaillab.com\/wp-content\/uploads\/2026\/04\/323234.jpg 1920w, https:\/\/vivinaillab.com\/wp-content\/uploads\/2026\/04\/323234-500x169.jpg 500w, https:\/\/vivinaillab.com\/wp-content\/uploads\/2026\/04\/323234-1200x406.jpg 1200w, https:\/\/vivinaillab.com\/wp-content\/uploads\/2026\/04\/323234-300x102.jpg 300w, https:\/\/vivinaillab.com\/wp-content\/uploads\/2026\/04\/323234-768x260.jpg 768w, https:\/\/vivinaillab.com\/wp-content\/uploads\/2026\/04\/323234-1536x520.jpg 1536w, https:\/\/vivinaillab.com\/wp-content\/uploads\/2026\/04\/323234-18x6.jpg 18w, https:\/\/vivinaillab.com\/wp-content\/uploads\/2026\/04\/323234-150x51.jpg 150w, https:\/\/vivinaillab.com\/wp-content\/uploads\/2026\/04\/323234-700x237.jpg 700w, https:\/\/vivinaillab.com\/wp-content\/uploads\/2026\/04\/323234-800x271.jpg 800w\" sizes=\"(max-width:767px) 700px, (max-width:1920px) 100vw, 1920px\" \/>\t\t\t\t\t\t\t\t\t\t\t\t\t\t\t<\/div>\n\t\t\t\t\t<\/div>\n\t\t\t\t<\/div>\n\t\t<div class=\"elementor-element elementor-element-242174d e-flex e-con-boxed e-con e-parent\" data-id=\"242174d\" data-element_type=\"container\">\n\t\t\t\t\t<div class=\"e-con-inner\">\n\t\t<div class=\"elementor-element elementor-element-4c04764 e-con-full e-flex e-con e-child\" data-id=\"4c04764\" data-element_type=\"container\">\n\t\t\t\t<div class=\"elementor-element elementor-element-b3810ec elementor-widget elementor-widget-heading\" data-id=\"b3810ec\" data-element_type=\"widget\" data-widget_type=\"heading.default\">\n\t\t\t\t\t<h2 class=\"elementor-heading-title elementor-size-default\">Our Strengths<\/h2>\t\t\t\t<\/div>\n\t\t\t\t<div class=\"elementor-element elementor-element-c533a11 elementor-widget elementor-widget-text-editor\" data-id=\"c533a11\" data-element_type=\"widget\" data-widget_type=\"text-editor.default\">\n\t\t\t\t\t\t\t\t\t<div data-page-id=\"XPEhfO8XkdeoyVcM4Qwcj26unmh\" data-lark-html-role=\"root\" data-docx-has-block-data=\"false\"><div><div data-page-id=\"XPEhfO8XkdeoyVcM4Qwcj26unmh\" data-lark-html-role=\"root\" data-docx-has-block-data=\"false\"><ul class=\"list-bullet1\"><li class=\"ace-line ace-line old-record-id-C3sXfRSswdFTircgSndcVi6vn6e\" data-list=\"bullet\"><div>Factory Direct Supply: No middlemen, low MOQ (6 bottles for functional gels), bulk discounts available, wholesale prices 30%-50% lower than market prices.<\/div><\/li><li class=\"ace-line ace-line old-record-id-DNpkf42wSdI1pwcUOL2cPhhQnge\" data-list=\"bullet\"><div>Production Capacity: 4,500\u33a1 modern workshop with 100,000-class GMP clean production area; daily output of 50,000 bottles of functional gels and 10,000+ pairs of press-on nails.<\/div><\/li><li class=\"ace-line ace-line old-record-id-IqFWfwVj1dEhmWcZ7yOcZtjfnue\" data-list=\"bullet\"><div>OEM\/ODM Service: Flexible customization support, including formula R&amp;D, packaging design and brand labeling, to meet diverse customer needs.<\/div><\/li><li class=\"ace-line ace-line old-record-id-MJAzfbS9zdEhMtc36dCcz67enyd\" data-list=\"bullet\"><div>Professional Support: Provide product usage tutorials, salon marketing plans and real-time technical support to help customers improve service quality and profitability.<\/div><\/li><li class=\"ace-line ace-line old-record-id-OtCdfQJSxdvT03cop29cYB6Xnve\" data-list=\"bullet\"><div>Cross-Border Logistics: In-depth cooperation with DHL and FedEx, supporting overseas warehouse dropshipping in major markets such as the US and Europe, reducing customers&#8217; inventory pressure.<\/div><\/li><\/ul><\/div><\/div><\/div>\t\t\t\t\t\t\t\t<\/div>\n\t\t\t\t<\/div>\n\t\t<div class=\"elementor-element elementor-element-d497aff e-con-full e-flex e-con e-child\" data-id=\"d497aff\" data-element_type=\"container\">\n\t\t\t\t<div class=\"elementor-element elementor-element-b4b81bf elementor-widget elementor-widget-image\" data-id=\"b4b81bf\" data-element_type=\"widget\" data-widget_type=\"image.default\">\n\t\t\t\t\t\t\t\t\t\t\t\t\t\t\t<img decoding=\"async\" width=\"1200\" height=\"900\" src=\"https:\/\/vivinaillab.com\/wp-content\/uploads\/2026\/04\/gongsi4.jpg\" class=\"attachment-large size-large wp-image-3138\" alt=\"\" srcset=\"https:\/\/vivinaillab.com\/wp-content\/uploads\/2026\/04\/gongsi4.jpg 1200w, https:\/\/vivinaillab.com\/wp-content\/uploads\/2026\/04\/gongsi4-500x375.jpg 500w, https:\/\/vivinaillab.com\/wp-content\/uploads\/2026\/04\/gongsi4-300x225.jpg 300w, https:\/\/vivinaillab.com\/wp-content\/uploads\/2026\/04\/gongsi4-768x576.jpg 768w, https:\/\/vivinaillab.com\/wp-content\/uploads\/2026\/04\/gongsi4-16x12.jpg 16w, https:\/\/vivinaillab.com\/wp-content\/uploads\/2026\/04\/gongsi4-100x75.jpg 100w, https:\/\/vivinaillab.com\/wp-content\/uploads\/2026\/04\/gongsi4-700x525.jpg 700w, https:\/\/vivinaillab.com\/wp-content\/uploads\/2026\/04\/gongsi4-800x600.jpg 800w\" sizes=\"(max-width:767px) 700px, (max-width:1200px) 100vw, 1200px\" \/>\t\t\t\t\t\t\t\t\t\t\t\t\t\t\t<\/div>\n\t\t\t\t<\/div>\n\t\t\t\t\t<\/div>\n\t\t\t\t<\/div>\n\t\t<div class=\"elementor-element elementor-element-42ceb7c e-flex e-con-boxed e-con e-parent\" data-id=\"42ceb7c\" data-element_type=\"container\" data-settings=\"{&quot;background_background&quot;:&quot;classic&quot;}\">\n\t\t\t\t\t<div class=\"e-con-inner\">\n\t\t\t\t<div class=\"elementor-element elementor-element-1b54d80 gallery-spacing-custom elementor-widget elementor-widget-image-gallery\" data-id=\"1b54d80\" data-element_type=\"widget\" data-widget_type=\"image-gallery.default\">\n\t\t\t\t\t\t\t<div class=\"elementor-image-gallery\">\n\t\t\t\n\t\t\t<style type='text\/css'>\n\t\t\t\t#sc_gallery-1 {\n\t\t\t\t\tmargin: auto;\n\t\t\t\t}\n\t\t\t\t#sc_gallery-1 .gallery-item {\n\t\t\t\t\tfloat: left;\n\t\t\t\t\ttext-align: center;\n\t\t\t\t\twidth: 24.99%;\n\t\t\t\t}\n\t\t\t\t#sc_gallery-1 img {\n\t\t\t\t\tborder: 2px solid #cfcfcf;\n\t\t\t\t}\n\t\t\t\t\/* see sc_gallery() in functions\/theme-shortcodes.php *\/\n\t\t\t<\/style>\n\t\t<div id='sc_gallery-1' class='gallery galleryid-12 gallery-columns-4 gallery-size-full file element_classes gallery-default'><dl class='gallery-item'  data-title='gongsi234' data-description=''><div class='gallery-item-wrapper'>\n\t\t\t\t<dt class='gallery-icon landscape'>\n\t\t\t\t\t<a data-elementor-open-lightbox=\"yes\" data-elementor-lightbox-slideshow=\"1b54d80\" data-elementor-lightbox-title=\"gongsi234\" data-e-action-hash=\"#elementor-action%3Aaction%3Dlightbox%26settings%3DeyJpZCI6MzE0NSwidXJsIjoiaHR0cHM6XC9cL3ZpdmluYWlsbGFiLmNvbVwvd3AtY29udGVudFwvdXBsb2Fkc1wvMjAyNlwvMDRcL2dvbmdzaTIzNC5qcGciLCJzbGlkZXNob3ciOiIxYjU0ZDgwIn0%3D\" href='https:\/\/vivinaillab.com\/wp-content\/uploads\/2026\/04\/gongsi234.jpg'><img loading=\"lazy\" decoding=\"async\" width=\"1200\" height=\"900\" src=\"https:\/\/vivinaillab.com\/wp-content\/uploads\/2026\/04\/gongsi234.jpg\" class=\"attachment-full size-full\" alt=\"\" srcset=\"https:\/\/vivinaillab.com\/wp-content\/uploads\/2026\/04\/gongsi234.jpg 1200w, https:\/\/vivinaillab.com\/wp-content\/uploads\/2026\/04\/gongsi234-500x375.jpg 500w, https:\/\/vivinaillab.com\/wp-content\/uploads\/2026\/04\/gongsi234-300x225.jpg 300w, https:\/\/vivinaillab.com\/wp-content\/uploads\/2026\/04\/gongsi234-768x576.jpg 768w, https:\/\/vivinaillab.com\/wp-content\/uploads\/2026\/04\/gongsi234-16x12.jpg 16w, https:\/\/vivinaillab.com\/wp-content\/uploads\/2026\/04\/gongsi234-100x75.jpg 100w, https:\/\/vivinaillab.com\/wp-content\/uploads\/2026\/04\/gongsi234-700x525.jpg 700w, https:\/\/vivinaillab.com\/wp-content\/uploads\/2026\/04\/gongsi234-800x600.jpg 800w\" sizes=\"(max-width:767px) 700px, (max-width:1200px) 100vw, 1200px\" \/><\/a>\n\t\t\t\t<\/dt><\/div><\/dl><dl class='gallery-item'  data-title='gongsi233' data-description=''><div class='gallery-item-wrapper'>\n\t\t\t\t<dt class='gallery-icon landscape'>\n\t\t\t\t\t<a data-elementor-open-lightbox=\"yes\" data-elementor-lightbox-slideshow=\"1b54d80\" data-elementor-lightbox-title=\"gongsi233\" data-e-action-hash=\"#elementor-action%3Aaction%3Dlightbox%26settings%3DeyJpZCI6MzE0NCwidXJsIjoiaHR0cHM6XC9cL3ZpdmluYWlsbGFiLmNvbVwvd3AtY29udGVudFwvdXBsb2Fkc1wvMjAyNlwvMDRcL2dvbmdzaTIzMy5qcGciLCJzbGlkZXNob3ciOiIxYjU0ZDgwIn0%3D\" href='https:\/\/vivinaillab.com\/wp-content\/uploads\/2026\/04\/gongsi233.jpg'><img loading=\"lazy\" decoding=\"async\" width=\"1200\" height=\"900\" src=\"https:\/\/vivinaillab.com\/wp-content\/uploads\/2026\/04\/gongsi233.jpg\" class=\"attachment-full size-full\" alt=\"\" srcset=\"https:\/\/vivinaillab.com\/wp-content\/uploads\/2026\/04\/gongsi233.jpg 1200w, https:\/\/vivinaillab.com\/wp-content\/uploads\/2026\/04\/gongsi233-500x375.jpg 500w, https:\/\/vivinaillab.com\/wp-content\/uploads\/2026\/04\/gongsi233-300x225.jpg 300w, https:\/\/vivinaillab.com\/wp-content\/uploads\/2026\/04\/gongsi233-768x576.jpg 768w, https:\/\/vivinaillab.com\/wp-content\/uploads\/2026\/04\/gongsi233-16x12.jpg 16w, https:\/\/vivinaillab.com\/wp-content\/uploads\/2026\/04\/gongsi233-100x75.jpg 100w, https:\/\/vivinaillab.com\/wp-content\/uploads\/2026\/04\/gongsi233-700x525.jpg 700w, https:\/\/vivinaillab.com\/wp-content\/uploads\/2026\/04\/gongsi233-800x600.jpg 800w\" sizes=\"(max-width:767px) 700px, (max-width:1200px) 100vw, 1200px\" \/><\/a>\n\t\t\t\t<\/dt><\/div><\/dl><dl class='gallery-item'  data-title='gongsi232' data-description=''><div class='gallery-item-wrapper'>\n\t\t\t\t<dt class='gallery-icon landscape'>\n\t\t\t\t\t<a data-elementor-open-lightbox=\"yes\" data-elementor-lightbox-slideshow=\"1b54d80\" data-elementor-lightbox-title=\"gongsi232\" data-e-action-hash=\"#elementor-action%3Aaction%3Dlightbox%26settings%3DeyJpZCI6MzE0MywidXJsIjoiaHR0cHM6XC9cL3ZpdmluYWlsbGFiLmNvbVwvd3AtY29udGVudFwvdXBsb2Fkc1wvMjAyNlwvMDRcL2dvbmdzaTIzMi5qcGciLCJzbGlkZXNob3ciOiIxYjU0ZDgwIn0%3D\" href='https:\/\/vivinaillab.com\/wp-content\/uploads\/2026\/04\/gongsi232.jpg'><img loading=\"lazy\" decoding=\"async\" width=\"1200\" height=\"900\" src=\"https:\/\/vivinaillab.com\/wp-content\/uploads\/2026\/04\/gongsi232.jpg\" class=\"attachment-full size-full\" alt=\"\" srcset=\"https:\/\/vivinaillab.com\/wp-content\/uploads\/2026\/04\/gongsi232.jpg 1200w, https:\/\/vivinaillab.com\/wp-content\/uploads\/2026\/04\/gongsi232-500x375.jpg 500w, https:\/\/vivinaillab.com\/wp-content\/uploads\/2026\/04\/gongsi232-300x225.jpg 300w, https:\/\/vivinaillab.com\/wp-content\/uploads\/2026\/04\/gongsi232-768x576.jpg 768w, https:\/\/vivinaillab.com\/wp-content\/uploads\/2026\/04\/gongsi232-16x12.jpg 16w, https:\/\/vivinaillab.com\/wp-content\/uploads\/2026\/04\/gongsi232-100x75.jpg 100w, https:\/\/vivinaillab.com\/wp-content\/uploads\/2026\/04\/gongsi232-700x525.jpg 700w, https:\/\/vivinaillab.com\/wp-content\/uploads\/2026\/04\/gongsi232-800x600.jpg 800w\" sizes=\"(max-width:767px) 700px, (max-width:1200px) 100vw, 1200px\" \/><\/a>\n\t\t\t\t<\/dt><\/div><\/dl><dl class='gallery-item'  data-title='gongsi231' data-description=''><div class='gallery-item-wrapper'>\n\t\t\t\t<dt class='gallery-icon landscape'>\n\t\t\t\t\t<a data-elementor-open-lightbox=\"yes\" data-elementor-lightbox-slideshow=\"1b54d80\" data-elementor-lightbox-title=\"gongsi231\" data-e-action-hash=\"#elementor-action%3Aaction%3Dlightbox%26settings%3DeyJpZCI6MzE0MiwidXJsIjoiaHR0cHM6XC9cL3ZpdmluYWlsbGFiLmNvbVwvd3AtY29udGVudFwvdXBsb2Fkc1wvMjAyNlwvMDRcL2dvbmdzaTIzMS5qcGciLCJzbGlkZXNob3ciOiIxYjU0ZDgwIn0%3D\" href='https:\/\/vivinaillab.com\/wp-content\/uploads\/2026\/04\/gongsi231.jpg'><img loading=\"lazy\" decoding=\"async\" width=\"1200\" height=\"900\" src=\"https:\/\/vivinaillab.com\/wp-content\/uploads\/2026\/04\/gongsi231.jpg\" class=\"attachment-full size-full\" alt=\"\" srcset=\"https:\/\/vivinaillab.com\/wp-content\/uploads\/2026\/04\/gongsi231.jpg 1200w, https:\/\/vivinaillab.com\/wp-content\/uploads\/2026\/04\/gongsi231-500x375.jpg 500w, https:\/\/vivinaillab.com\/wp-content\/uploads\/2026\/04\/gongsi231-300x225.jpg 300w, https:\/\/vivinaillab.com\/wp-content\/uploads\/2026\/04\/gongsi231-768x576.jpg 768w, https:\/\/vivinaillab.com\/wp-content\/uploads\/2026\/04\/gongsi231-16x12.jpg 16w, https:\/\/vivinaillab.com\/wp-content\/uploads\/2026\/04\/gongsi231-100x75.jpg 100w, https:\/\/vivinaillab.com\/wp-content\/uploads\/2026\/04\/gongsi231-700x525.jpg 700w, https:\/\/vivinaillab.com\/wp-content\/uploads\/2026\/04\/gongsi231-800x600.jpg 800w\" sizes=\"(max-width:767px) 700px, (max-width:1200px) 100vw, 1200px\" \/><\/a>\n\t\t\t\t<\/dt><\/div><\/dl><br style=\"clear: both\" \/>\n\t\t\t<\/div>\n\t\t<\/div>\n\t\t\t\t\t\t<\/div>\n\t\t\t\t\t<\/div>\n\t\t\t\t<\/div>\n\t\t\t\t<\/div>","protected":false},"excerpt":{"rendered":"<p>Who We Are ViviNail is a professional manufacturer and supplier focusing on salon-grade functional gels, dedicated to providing high-quality, stable and cost-effective nail products for nail<span class=\"excerpt-hellip\"> [\u2026]<\/span><\/p>","protected":false},"author":1,"featured_media":0,"parent":0,"menu_order":0,"comment_status":"open","ping_status":"closed","template":"","meta":{"footnotes":""},"class_list":["post-12","page","type-page","status-publish","hentry"],"yoast_head":"<!-- This site is optimized with the Yoast SEO plugin v26.6 - https:\/\/yoast.com\/wordpress\/plugins\/seo\/ -->\n<title>About us - ViviNail - Professional Nail Gel Supply<\/title>\n<meta name=\"robots\" content=\"index, follow, max-snippet:-1, max-image-preview:large, max-video-preview:-1\" \/>\n<link rel=\"canonical\" href=\"https:\/\/vivinaillab.com\/fr\/about-us\/\" \/>\n<meta property=\"og:locale\" content=\"fr_FR\" \/>\n<meta property=\"og:type\" content=\"article\" \/>\n<meta property=\"og:title\" content=\"About us - ViviNail - Professional Nail Gel Supply\" \/>\n<meta property=\"og:description\" content=\"Who We Are ViviNail is a professional manufacturer and supplier focusing on salon-grade functional gels, dedicated to providing high-quality, stable and cost-effective nail products for nail [\u2026]\" \/>\n<meta property=\"og:url\" content=\"https:\/\/vivinaillab.com\/fr\/about-us\/\" \/>\n<meta property=\"og:site_name\" content=\"ViviNail - Professional Nail Gel Supply\" \/>\n<meta property=\"article:modified_time\" content=\"2026-04-14T08:09:03+00:00\" \/>\n<meta property=\"og:image\" content=\"https:\/\/vivinaillab.com\/wp-content\/uploads\/2026\/04\/323323.jpg\" \/>\n\t<meta property=\"og:image:width\" content=\"1920\" \/>\n\t<meta property=\"og:image:height\" content=\"649\" \/>\n\t<meta property=\"og:image:type\" content=\"image\/jpeg\" \/>\n<meta name=\"twitter:card\" content=\"summary_large_image\" \/>\n<meta name=\"twitter:label1\" content=\"Dur\u00e9e de lecture estim\u00e9e\" \/>\n\t<meta name=\"twitter:data1\" content=\"3 minutes\" \/>\n<script type=\"application\/ld+json\" class=\"yoast-schema-graph\">{\"@context\":\"https:\/\/schema.org\",\"@graph\":[{\"@type\":\"WebPage\",\"@id\":\"https:\/\/vivinaillab.com\/about-us\/\",\"url\":\"https:\/\/vivinaillab.com\/about-us\/\",\"name\":\"About us - ViviNail - Professional Nail Gel Supply\",\"isPartOf\":{\"@id\":\"https:\/\/vivinaillab.com\/#website\"},\"primaryImageOfPage\":{\"@id\":\"https:\/\/vivinaillab.com\/about-us\/#primaryimage\"},\"image\":{\"@id\":\"https:\/\/vivinaillab.com\/about-us\/#primaryimage\"},\"thumbnailUrl\":\"https:\/\/vivinaillab.com\/wp-content\/uploads\/2026\/04\/323323.jpg\",\"datePublished\":\"2025-03-26T07:54:39+00:00\",\"dateModified\":\"2026-04-14T08:09:03+00:00\",\"breadcrumb\":{\"@id\":\"https:\/\/vivinaillab.com\/about-us\/#breadcrumb\"},\"inLanguage\":\"fr-FR\",\"potentialAction\":[{\"@type\":\"ReadAction\",\"target\":[\"https:\/\/vivinaillab.com\/about-us\/\"]}]},{\"@type\":\"ImageObject\",\"inLanguage\":\"fr-FR\",\"@id\":\"https:\/\/vivinaillab.com\/about-us\/#primaryimage\",\"url\":\"https:\/\/vivinaillab.com\/wp-content\/uploads\/2026\/04\/323323.jpg\",\"contentUrl\":\"https:\/\/vivinaillab.com\/wp-content\/uploads\/2026\/04\/323323.jpg\"},{\"@type\":\"BreadcrumbList\",\"@id\":\"https:\/\/vivinaillab.com\/about-us\/#breadcrumb\",\"itemListElement\":[{\"@type\":\"ListItem\",\"position\":1,\"name\":\"Home\",\"item\":\"https:\/\/vivinaillab.com\/\"},{\"@type\":\"ListItem\",\"position\":2,\"name\":\"About us\"}]},{\"@type\":\"WebSite\",\"@id\":\"https:\/\/vivinaillab.com\/#website\",\"url\":\"https:\/\/vivinaillab.com\/\",\"name\":\"ViviNail - Professional Nail Gel Supply\",\"description\":\"ViviNail - Professional Nail Gel Supply\",\"potentialAction\":[{\"@type\":\"SearchAction\",\"target\":{\"@type\":\"EntryPoint\",\"urlTemplate\":\"https:\/\/vivinaillab.com\/?s={search_term_string}\"},\"query-input\":{\"@type\":\"PropertyValueSpecification\",\"valueRequired\":true,\"valueName\":\"search_term_string\"}}],\"inLanguage\":\"fr-FR\"}]}<\/script>\n<!-- \/ Yoast SEO plugin. -->","yoast_head_json":{"title":"About us - ViviNail - Professional Nail Gel Supply","robots":{"index":"index","follow":"follow","max-snippet":"max-snippet:-1","max-image-preview":"max-image-preview:large","max-video-preview":"max-video-preview:-1"},"canonical":"https:\/\/vivinaillab.com\/fr\/about-us\/","og_locale":"fr_FR","og_type":"article","og_title":"About us - ViviNail - Professional Nail Gel Supply","og_description":"Who We Are ViviNail is a professional manufacturer and supplier focusing on salon-grade functional gels, dedicated to providing high-quality, stable and cost-effective nail products for nail [\u2026]","og_url":"https:\/\/vivinaillab.com\/fr\/about-us\/","og_site_name":"ViviNail - Professional Nail Gel Supply","article_modified_time":"2026-04-14T08:09:03+00:00","og_image":[{"width":1920,"height":649,"url":"https:\/\/vivinaillab.com\/wp-content\/uploads\/2026\/04\/323323.jpg","type":"image\/jpeg"}],"twitter_card":"summary_large_image","twitter_misc":{"Dur\u00e9e de lecture estim\u00e9e":"3 minutes"},"schema":{"@context":"https:\/\/schema.org","@graph":[{"@type":"WebPage","@id":"https:\/\/vivinaillab.com\/about-us\/","url":"https:\/\/vivinaillab.com\/about-us\/","name":"About us - ViviNail - Professional Nail Gel Supply","isPartOf":{"@id":"https:\/\/vivinaillab.com\/#website"},"primaryImageOfPage":{"@id":"https:\/\/vivinaillab.com\/about-us\/#primaryimage"},"image":{"@id":"https:\/\/vivinaillab.com\/about-us\/#primaryimage"},"thumbnailUrl":"https:\/\/vivinaillab.com\/wp-content\/uploads\/2026\/04\/323323.jpg","datePublished":"2025-03-26T07:54:39+00:00","dateModified":"2026-04-14T08:09:03+00:00","breadcrumb":{"@id":"https:\/\/vivinaillab.com\/about-us\/#breadcrumb"},"inLanguage":"fr-FR","potentialAction":[{"@type":"ReadAction","target":["https:\/\/vivinaillab.com\/about-us\/"]}]},{"@type":"ImageObject","inLanguage":"fr-FR","@id":"https:\/\/vivinaillab.com\/about-us\/#primaryimage","url":"https:\/\/vivinaillab.com\/wp-content\/uploads\/2026\/04\/323323.jpg","contentUrl":"https:\/\/vivinaillab.com\/wp-content\/uploads\/2026\/04\/323323.jpg"},{"@type":"BreadcrumbList","@id":"https:\/\/vivinaillab.com\/about-us\/#breadcrumb","itemListElement":[{"@type":"ListItem","position":1,"name":"Home","item":"https:\/\/vivinaillab.com\/"},{"@type":"ListItem","position":2,"name":"About us"}]},{"@type":"WebSite","@id":"https:\/\/vivinaillab.com\/#website","url":"https:\/\/vivinaillab.com\/","name":"ViviNail - Professional Nail Gel Supply","description":"ViviNail - Professional Nail Gel Supply","potentialAction":[{"@type":"SearchAction","target":{"@type":"EntryPoint","urlTemplate":"https:\/\/vivinaillab.com\/?s={search_term_string}"},"query-input":{"@type":"PropertyValueSpecification","valueRequired":true,"valueName":"search_term_string"}}],"inLanguage":"fr-FR"}]}},"_links":{"self":[{"href":"https:\/\/vivinaillab.com\/fr\/wp-json\/wp\/v2\/pages\/12","targetHints":{"allow":["GET"]}}],"collection":[{"href":"https:\/\/vivinaillab.com\/fr\/wp-json\/wp\/v2\/pages"}],"about":[{"href":"https:\/\/vivinaillab.com\/fr\/wp-json\/wp\/v2\/types\/page"}],"author":[{"embeddable":true,"href":"https:\/\/vivinaillab.com\/fr\/wp-json\/wp\/v2\/users\/1"}],"replies":[{"embeddable":true,"href":"https:\/\/vivinaillab.com\/fr\/wp-json\/wp\/v2\/comments?post=12"}],"version-history":[{"count":18,"href":"https:\/\/vivinaillab.com\/fr\/wp-json\/wp\/v2\/pages\/12\/revisions"}],"predecessor-version":[{"id":3148,"href":"https:\/\/vivinaillab.com\/fr\/wp-json\/wp\/v2\/pages\/12\/revisions\/3148"}],"wp:attachment":[{"href":"https:\/\/vivinaillab.com\/fr\/wp-json\/wp\/v2\/media?parent=12"}],"curies":[{"name":"wp","href":"https:\/\/api.w.org\/{rel}","templated":true}]}}