{"id":16,"date":"2025-03-26T07:54:55","date_gmt":"2025-03-26T07:54:55","guid":{"rendered":"https:\/\/vivinaillab.com\/?page_id=16"},"modified":"2026-01-24T03:05:40","modified_gmt":"2026-01-24T03:05:40","slug":"faq","status":"publish","type":"page","link":"https:\/\/vivinaillab.com\/fr\/faq\/","title":{"rendered":"FAQ"},"content":{"rendered":"<div data-elementor-type=\"wp-page\" data-elementor-id=\"16\" class=\"elementor elementor-16\">\n\t\t\t\t<div class=\"elementor-element elementor-element-287828c e-flex e-con-boxed e-con e-parent\" data-id=\"287828c\" data-element_type=\"container\" data-settings=\"{&quot;background_background&quot;:&quot;classic&quot;}\">\n\t\t\t\t\t<div class=\"e-con-inner\">\n\t\t<div class=\"elementor-element elementor-element-4e9a242 e-con-full e-flex e-con e-child\" data-id=\"4e9a242\" data-element_type=\"container\">\n\t\t<div class=\"elementor-element elementor-element-9e7a345 e-con-full e-flex e-con e-child\" data-id=\"9e7a345\" data-element_type=\"container\">\n\t\t\t\t<div class=\"elementor-element elementor-element-fca17db elementor-widget elementor-widget-heading\" data-id=\"fca17db\" data-element_type=\"widget\" data-widget_type=\"heading.default\">\n\t\t\t\t\t<h6 class=\"elementor-heading-title elementor-size-default\">ViviNail Nail Art Lab<\/h6>\t\t\t\t<\/div>\n\t\t\t\t<div class=\"elementor-element elementor-element-36c5b46 elementor-widget elementor-widget-heading\" data-id=\"36c5b46\" data-element_type=\"widget\" data-widget_type=\"heading.default\">\n\t\t\t\t\t<h1 class=\"elementor-heading-title elementor-size-default\">FAQ<\/h1>\t\t\t\t<\/div>\n\t\t\t\t<\/div>\n\t\t<div class=\"elementor-element elementor-element-8513cbe e-con-full e-flex e-con e-child\" data-id=\"8513cbe\" data-element_type=\"container\">\n\t\t<div class=\"elementor-element elementor-element-e992299 e-con-full e-flex e-con e-child\" data-id=\"e992299\" data-element_type=\"container\" data-settings=\"{&quot;background_background&quot;:&quot;classic&quot;}\">\n\t\t\t\t<div class=\"elementor-element elementor-element-6783b97 elementor-widget elementor-widget-heading\" data-id=\"6783b97\" data-element_type=\"widget\" data-widget_type=\"heading.default\">\n\t\t\t\t\t<h4 class=\"elementor-heading-title elementor-size-default\">Morbi porttitor ligula en nunc varius sagittis. Proin dui nisi, laoreet ut tempor ac, cursus vitae eros. Cras quis ultricies \u00e9lite. Proin ac lectus arcu. M\u00e9c\u00e8ne aliquet vel tellus \u00e0 accumsan.<\/h4>\t\t\t\t<\/div>\n\t\t\t\t<div class=\"elementor-element elementor-element-bdc8b55 elementor-widget elementor-widget-n-accordion\" data-id=\"bdc8b55\" data-element_type=\"widget\" data-settings=\"{&quot;default_state&quot;:&quot;expanded&quot;,&quot;max_items_expended&quot;:&quot;one&quot;,&quot;n_accordion_animation_duration&quot;:{&quot;unit&quot;:&quot;ms&quot;,&quot;size&quot;:400,&quot;sizes&quot;:[]}}\" data-widget_type=\"nested-accordion.default\">\n\t\t\t\t\t\t\t<div class=\"e-n-accordion\" aria-label=\"Accord\u00e9on. Ouvrez les liens avec Entr\u00e9e ou Espace, fermez-les avec \u00c9chap et naviguez avec les fl\u00e8ches directionnelles.\">\n\t\t\t\t\t\t<details id=\"e-n-accordion-item-1990\" class=\"e-n-accordion-item\" open>\n\t\t\t\t<summary class=\"e-n-accordion-item-title\" data-accordion-index=\"1\" tabindex=\"0\" aria-expanded=\"true\" aria-controls=\"e-n-accordion-item-1990\" >\n\t\t\t\t\t<span class='e-n-accordion-item-title-header'><h5 class=\"e-n-accordion-item-title-text\"> Cette protection de peinture convient-elle \u00e0 toutes les surfaces\u00a0? <\/h5><\/span>\n\t\t\t\t\t\t\t<span class='e-n-accordion-item-title-icon'>\n\t\t\t<span class='e-opened' ><svg aria-hidden=\"true\" class=\"e-font-icon-svg e-fas-minus\" viewbox=\"0 0 448 512\" xmlns=\"http:\/\/www.w3.org\/2000\/svg\"><path d=\"M416 208H32c-17.67 0-32 14.33-32 32v32c0 17.67 14.33 32 32 32h384c17.67 0 32-14.33 32-32v-32c0-17.67-14.33-32-32-32z\"><\/path><\/svg><\/span>\n\t\t\t<span class='e-closed'><svg aria-hidden=\"true\" class=\"e-font-icon-svg e-fas-plus\" viewbox=\"0 0 448 512\" xmlns=\"http:\/\/www.w3.org\/2000\/svg\"><path d=\"M416 208H272V64c0-17.67-14.33-32-32-32h-32c-17.67 0-32 14.33-32 32v144H32c-17.67 0-32 14.33-32 32v32c0 17.67 14.33 32 32 32h144v144c0 17.67 14.33 32 32 32h32c17.67 0 32-14.33 32-32V304h144c17.67 0 32-14.33 32-32v-32c0-17.67-14.33-32-32-32z\"><\/path><\/svg><\/span>\n\t\t<\/span>\n\n\t\t\t\t\t\t<\/summary>\n\t\t\t\t<div role=\"region\" aria-labelledby=\"e-n-accordion-item-1990\" class=\"elementor-element elementor-element-5460833 e-con-full e-flex e-con e-child\" data-id=\"5460833\" data-element_type=\"container\">\n\t\t\t\t<div class=\"elementor-element elementor-element-1340c12 elementor-widget elementor-widget-text-editor\" data-id=\"1340c12\" data-element_type=\"widget\" data-widget_type=\"text-editor.default\">\n\t\t\t\t\t\t\t\t\tMorbi porttitor ligula en nunc varius sagittis. Proin dui nisi, laoreet ut tempor ac, cursus vitae eros. Cras quis ultricies \u00e9lite. Proin ac lectus arcu. M\u00e9c\u00e8ne aliquet vel tellus \u00e0 accumsan. Donec a eros non massa vulputate ornare. Vivamus ornare commodo ante, et commodo felis congue vitae.\t\t\t\t\t\t\t\t<\/div>\n\t\t\t\t<\/div>\n\t\t\t\t\t<\/details>\n\t\t\t\t\t\t<details id=\"e-n-accordion-item-1991\" class=\"e-n-accordion-item\" >\n\t\t\t\t<summary class=\"e-n-accordion-item-title\" data-accordion-index=\"2\" tabindex=\"-1\" aria-expanded=\"false\" aria-controls=\"e-n-accordion-item-1991\" >\n\t\t\t\t\t<span class='e-n-accordion-item-title-header'><h5 class=\"e-n-accordion-item-title-text\"> Existe-t-il diff\u00e9rents types de protection pour la peinture\u00a0? <\/h5><\/span>\n\t\t\t\t\t\t\t<span class='e-n-accordion-item-title-icon'>\n\t\t\t<span class='e-opened' ><svg aria-hidden=\"true\" class=\"e-font-icon-svg e-fas-minus\" viewbox=\"0 0 448 512\" xmlns=\"http:\/\/www.w3.org\/2000\/svg\"><path d=\"M416 208H32c-17.67 0-32 14.33-32 32v32c0 17.67 14.33 32 32 32h384c17.67 0 32-14.33 32-32v-32c0-17.67-14.33-32-32-32z\"><\/path><\/svg><\/span>\n\t\t\t<span class='e-closed'><svg aria-hidden=\"true\" class=\"e-font-icon-svg e-fas-plus\" viewbox=\"0 0 448 512\" xmlns=\"http:\/\/www.w3.org\/2000\/svg\"><path d=\"M416 208H272V64c0-17.67-14.33-32-32-32h-32c-17.67 0-32 14.33-32 32v144H32c-17.67 0-32 14.33-32 32v32c0 17.67 14.33 32 32 32h144v144c0 17.67 14.33 32 32 32h32c17.67 0 32-14.33 32-32V304h144c17.67 0 32-14.33 32-32v-32c0-17.67-14.33-32-32-32z\"><\/path><\/svg><\/span>\n\t\t<\/span>\n\n\t\t\t\t\t\t<\/summary>\n\t\t\t\t<div role=\"region\" aria-labelledby=\"e-n-accordion-item-1991\" class=\"elementor-element elementor-element-ec88c52 e-con-full e-flex e-con e-child\" data-id=\"ec88c52\" data-element_type=\"container\">\n\t\t\t\t<div class=\"elementor-element elementor-element-abc0c54 elementor-widget elementor-widget-text-editor\" data-id=\"abc0c54\" data-element_type=\"widget\" data-widget_type=\"text-editor.default\">\n\t\t\t\t\t\t\t\t\t<p>Morbi porttitor ligula en nunc varius sagittis. Proin dui nisi, laoreet ut tempor ac, cursus vitae eros. Cras quis ultricies \u00e9lite. Proin ac lectus arcu. M\u00e9c\u00e8ne aliquet vel tellus \u00e0 accumsan. Donec a eros non massa vulputate ornare. Vivamus ornare commodo ante, et commodo felis congue vitae.<\/p>\t\t\t\t\t\t\t\t<\/div>\n\t\t\t\t<\/div>\n\t\t\t\t\t<\/details>\n\t\t\t\t\t\t<details id=\"e-n-accordion-item-1992\" class=\"e-n-accordion-item\" >\n\t\t\t\t<summary class=\"e-n-accordion-item-title\" data-accordion-index=\"3\" tabindex=\"-1\" aria-expanded=\"false\" aria-controls=\"e-n-accordion-item-1992\" >\n\t\t\t\t\t<span class='e-n-accordion-item-title-header'><h5 class=\"e-n-accordion-item-title-text\"> Quels sont les avantages de l&#039;utilisation d&#039;un traitement de protection de la peinture\u00a0? <\/h5><\/span>\n\t\t\t\t\t\t\t<span class='e-n-accordion-item-title-icon'>\n\t\t\t<span class='e-opened' ><svg aria-hidden=\"true\" class=\"e-font-icon-svg e-fas-minus\" viewbox=\"0 0 448 512\" xmlns=\"http:\/\/www.w3.org\/2000\/svg\"><path d=\"M416 208H32c-17.67 0-32 14.33-32 32v32c0 17.67 14.33 32 32 32h384c17.67 0 32-14.33 32-32v-32c0-17.67-14.33-32-32-32z\"><\/path><\/svg><\/span>\n\t\t\t<span class='e-closed'><svg aria-hidden=\"true\" class=\"e-font-icon-svg e-fas-plus\" viewbox=\"0 0 448 512\" xmlns=\"http:\/\/www.w3.org\/2000\/svg\"><path d=\"M416 208H272V64c0-17.67-14.33-32-32-32h-32c-17.67 0-32 14.33-32 32v144H32c-17.67 0-32 14.33-32 32v32c0 17.67 14.33 32 32 32h144v144c0 17.67 14.33 32 32 32h32c17.67 0 32-14.33 32-32V304h144c17.67 0 32-14.33 32-32v-32c0-17.67-14.33-32-32-32z\"><\/path><\/svg><\/span>\n\t\t<\/span>\n\n\t\t\t\t\t\t<\/summary>\n\t\t\t\t<div role=\"region\" aria-labelledby=\"e-n-accordion-item-1992\" class=\"elementor-element elementor-element-1394883 e-con-full e-flex e-con e-child\" data-id=\"1394883\" data-element_type=\"container\">\n\t\t\t\t<div class=\"elementor-element elementor-element-faef108 elementor-widget elementor-widget-text-editor\" data-id=\"faef108\" data-element_type=\"widget\" data-widget_type=\"text-editor.default\">\n\t\t\t\t\t\t\t\t\tMorbi porttitor ligula en nunc varius sagittis. Proin dui nisi, laoreet ut tempor ac, cursus vitae eros. Cras quis ultricies \u00e9lite. Proin ac lectus arcu. M\u00e9c\u00e8ne aliquet vel tellus \u00e0 accumsan. Donec a eros non massa vulputate ornare. Vivamus ornare commodo ante, et commodo felis congue vitae.\t\t\t\t\t\t\t\t<\/div>\n\t\t\t\t<\/div>\n\t\t\t\t\t<\/details>\n\t\t\t\t\t\t<details id=\"e-n-accordion-item-1993\" class=\"e-n-accordion-item\" >\n\t\t\t\t<summary class=\"e-n-accordion-item-title\" data-accordion-index=\"4\" tabindex=\"-1\" aria-expanded=\"false\" aria-controls=\"e-n-accordion-item-1993\" >\n\t\t\t\t\t<span class='e-n-accordion-item-title-header'><h5 class=\"e-n-accordion-item-title-text\"> Combien de temps dure la protection de la peinture\u00a0? <\/h5><\/span>\n\t\t\t\t\t\t\t<span class='e-n-accordion-item-title-icon'>\n\t\t\t<span class='e-opened' ><svg aria-hidden=\"true\" class=\"e-font-icon-svg e-fas-minus\" viewbox=\"0 0 448 512\" xmlns=\"http:\/\/www.w3.org\/2000\/svg\"><path d=\"M416 208H32c-17.67 0-32 14.33-32 32v32c0 17.67 14.33 32 32 32h384c17.67 0 32-14.33 32-32v-32c0-17.67-14.33-32-32-32z\"><\/path><\/svg><\/span>\n\t\t\t<span class='e-closed'><svg aria-hidden=\"true\" class=\"e-font-icon-svg e-fas-plus\" viewbox=\"0 0 448 512\" xmlns=\"http:\/\/www.w3.org\/2000\/svg\"><path d=\"M416 208H272V64c0-17.67-14.33-32-32-32h-32c-17.67 0-32 14.33-32 32v144H32c-17.67 0-32 14.33-32 32v32c0 17.67 14.33 32 32 32h144v144c0 17.67 14.33 32 32 32h32c17.67 0 32-14.33 32-32V304h144c17.67 0 32-14.33 32-32v-32c0-17.67-14.33-32-32-32z\"><\/path><\/svg><\/span>\n\t\t<\/span>\n\n\t\t\t\t\t\t<\/summary>\n\t\t\t\t<div role=\"region\" aria-labelledby=\"e-n-accordion-item-1993\" class=\"elementor-element elementor-element-699eeb8 e-con-full e-flex e-con e-child\" data-id=\"699eeb8\" data-element_type=\"container\">\n\t\t\t\t<div class=\"elementor-element elementor-element-1c3f7e1 elementor-widget elementor-widget-text-editor\" data-id=\"1c3f7e1\" data-element_type=\"widget\" data-widget_type=\"text-editor.default\">\n\t\t\t\t\t\t\t\t\tMorbi porttitor ligula en nunc varius sagittis. Proin dui nisi, laoreet ut tempor ac, cursus vitae eros. Cras quis ultricies \u00e9lite. Proin ac lectus arcu. M\u00e9c\u00e8ne aliquet vel tellus \u00e0 accumsan. Donec a eros non massa vulputate ornare. Vivamus ornare commodo ante, et commodo felis congue vitae.\t\t\t\t\t\t\t\t<\/div>\n\t\t\t\t<\/div>\n\t\t\t\t\t<\/details>\n\t\t\t\t\t\t<details id=\"e-n-accordion-item-1994\" class=\"e-n-accordion-item\" >\n\t\t\t\t<summary class=\"e-n-accordion-item-title\" data-accordion-index=\"5\" tabindex=\"-1\" aria-expanded=\"false\" aria-controls=\"e-n-accordion-item-1994\" >\n\t\t\t\t\t<span class='e-n-accordion-item-title-header'><h5 class=\"e-n-accordion-item-title-text\"> Peut-on appliquer un traitement de protection de peinture sur les v\u00e9hicules d&#039;occasion\u00a0? <\/h5><\/span>\n\t\t\t\t\t\t\t<span class='e-n-accordion-item-title-icon'>\n\t\t\t<span class='e-opened' ><svg aria-hidden=\"true\" class=\"e-font-icon-svg e-fas-minus\" viewbox=\"0 0 448 512\" xmlns=\"http:\/\/www.w3.org\/2000\/svg\"><path d=\"M416 208H32c-17.67 0-32 14.33-32 32v32c0 17.67 14.33 32 32 32h384c17.67 0 32-14.33 32-32v-32c0-17.67-14.33-32-32-32z\"><\/path><\/svg><\/span>\n\t\t\t<span class='e-closed'><svg aria-hidden=\"true\" class=\"e-font-icon-svg e-fas-plus\" viewbox=\"0 0 448 512\" xmlns=\"http:\/\/www.w3.org\/2000\/svg\"><path d=\"M416 208H272V64c0-17.67-14.33-32-32-32h-32c-17.67 0-32 14.33-32 32v144H32c-17.67 0-32 14.33-32 32v32c0 17.67 14.33 32 32 32h144v144c0 17.67 14.33 32 32 32h32c17.67 0 32-14.33 32-32V304h144c17.67 0 32-14.33 32-32v-32c0-17.67-14.33-32-32-32z\"><\/path><\/svg><\/span>\n\t\t<\/span>\n\n\t\t\t\t\t\t<\/summary>\n\t\t\t\t<div role=\"region\" aria-labelledby=\"e-n-accordion-item-1994\" class=\"elementor-element elementor-element-33a7dc3 e-con-full e-flex e-con e-child\" data-id=\"33a7dc3\" data-element_type=\"container\">\n\t\t\t\t<div class=\"elementor-element elementor-element-5f36a73 elementor-widget elementor-widget-text-editor\" data-id=\"5f36a73\" data-element_type=\"widget\" data-widget_type=\"text-editor.default\">\n\t\t\t\t\t\t\t\t\tMorbi porttitor ligula en nunc varius sagittis. Proin dui nisi, laoreet ut tempor ac, cursus vitae eros. Cras quis ultricies \u00e9lite. Proin ac lectus arcu. M\u00e9c\u00e8ne aliquet vel tellus \u00e0 accumsan. Donec a eros non massa vulputate ornare. Vivamus ornare commodo ante, et commodo felis congue vitae.\t\t\t\t\t\t\t\t<\/div>\n\t\t\t\t<\/div>\n\t\t\t\t\t<\/details>\n\t\t\t\t\t\t<details id=\"e-n-accordion-item-1995\" class=\"e-n-accordion-item\" >\n\t\t\t\t<summary class=\"e-n-accordion-item-title\" data-accordion-index=\"6\" tabindex=\"-1\" aria-expanded=\"false\" aria-controls=\"e-n-accordion-item-1995\" >\n\t\t\t\t\t<span class='e-n-accordion-item-title-header'><h5 class=\"e-n-accordion-item-title-text\"> Quel est le co\u00fbt de l&#039;application d&#039;une protection de peinture\u00a0? <\/h5><\/span>\n\t\t\t\t\t\t\t<span class='e-n-accordion-item-title-icon'>\n\t\t\t<span class='e-opened' ><svg aria-hidden=\"true\" class=\"e-font-icon-svg e-fas-minus\" viewbox=\"0 0 448 512\" xmlns=\"http:\/\/www.w3.org\/2000\/svg\"><path d=\"M416 208H32c-17.67 0-32 14.33-32 32v32c0 17.67 14.33 32 32 32h384c17.67 0 32-14.33 32-32v-32c0-17.67-14.33-32-32-32z\"><\/path><\/svg><\/span>\n\t\t\t<span class='e-closed'><svg aria-hidden=\"true\" class=\"e-font-icon-svg e-fas-plus\" viewbox=\"0 0 448 512\" xmlns=\"http:\/\/www.w3.org\/2000\/svg\"><path d=\"M416 208H272V64c0-17.67-14.33-32-32-32h-32c-17.67 0-32 14.33-32 32v144H32c-17.67 0-32 14.33-32 32v32c0 17.67 14.33 32 32 32h144v144c0 17.67 14.33 32 32 32h32c17.67 0 32-14.33 32-32V304h144c17.67 0 32-14.33 32-32v-32c0-17.67-14.33-32-32-32z\"><\/path><\/svg><\/span>\n\t\t<\/span>\n\n\t\t\t\t\t\t<\/summary>\n\t\t\t\t<div role=\"region\" aria-labelledby=\"e-n-accordion-item-1995\" class=\"elementor-element elementor-element-6635234 e-con-full e-flex e-con e-child\" data-id=\"6635234\" data-element_type=\"container\">\n\t\t\t\t<div class=\"elementor-element elementor-element-8a787be elementor-widget elementor-widget-text-editor\" data-id=\"8a787be\" data-element_type=\"widget\" data-widget_type=\"text-editor.default\">\n\t\t\t\t\t\t\t\t\tMorbi porttitor ligula en nunc varius sagittis. Proin dui nisi, laoreet ut tempor ac, cursus vitae eros. Cras quis ultricies \u00e9lite. Proin ac lectus arcu. M\u00e9c\u00e8ne aliquet vel tellus \u00e0 accumsan. Donec a eros non massa vulputate ornare. Vivamus ornare commodo ante, et commodo felis congue vitae.\t\t\t\t\t\t\t\t<\/div>\n\t\t\t\t<\/div>\n\t\t\t\t\t<\/details>\n\t\t\t\t\t<\/div>\n\t\t\t\t\t\t<\/div>\n\t\t\t\t<\/div>\n\t\t\t\t<\/div>\n\t\t\t\t<\/div>\n\t\t\t\t\t<\/div>\n\t\t\t\t<\/div>\n\t\t\t\t<\/div>","protected":false},"excerpt":{"rendered":"<p>ViviNail Nail Art Lab FAQ Morbi porttitor ligula in nunc varius sagittis. Proin dui nisi, laoreet ut tempor ac, cursus vitae eros. Cras quis ultricies elit.<span class=\"excerpt-hellip\"> [\u2026]<\/span><\/p>","protected":false},"author":1,"featured_media":0,"parent":0,"menu_order":0,"comment_status":"open","ping_status":"closed","template":"","meta":{"footnotes":""},"class_list":["post-16","page","type-page","status-publish","hentry"],"yoast_head":"<!-- This site is optimized with the Yoast SEO plugin v26.6 - https:\/\/yoast.com\/wordpress\/plugins\/seo\/ -->\n<title>Faq - ViviNail - Professional Nail Gel Supply<\/title>\n<meta name=\"robots\" content=\"index, follow, max-snippet:-1, max-image-preview:large, max-video-preview:-1\" \/>\n<link rel=\"canonical\" href=\"https:\/\/vivinaillab.com\/fr\/faq\/\" \/>\n<meta property=\"og:locale\" content=\"fr_FR\" \/>\n<meta property=\"og:type\" content=\"article\" \/>\n<meta property=\"og:title\" content=\"Faq - ViviNail - Professional Nail Gel Supply\" \/>\n<meta property=\"og:description\" content=\"ViviNail Nail Art Lab FAQ Morbi porttitor ligula in nunc varius sagittis. Proin dui nisi, laoreet ut tempor ac, cursus vitae eros. Cras quis ultricies elit. [\u2026]\" \/>\n<meta property=\"og:url\" content=\"https:\/\/vivinaillab.com\/fr\/faq\/\" \/>\n<meta property=\"og:site_name\" content=\"ViviNail - Professional Nail Gel Supply\" \/>\n<meta property=\"article:modified_time\" content=\"2026-01-24T03:05:40+00:00\" \/>\n<meta name=\"twitter:card\" content=\"summary_large_image\" \/>\n<meta name=\"twitter:label1\" content=\"Dur\u00e9e de lecture estim\u00e9e\" \/>\n\t<meta name=\"twitter:data1\" content=\"3 minutes\" \/>\n<script type=\"application\/ld+json\" class=\"yoast-schema-graph\">{\"@context\":\"https:\/\/schema.org\",\"@graph\":[{\"@type\":\"WebPage\",\"@id\":\"https:\/\/vivinaillab.com\/faq\/\",\"url\":\"https:\/\/vivinaillab.com\/faq\/\",\"name\":\"Faq - ViviNail - Professional Nail Gel Supply\",\"isPartOf\":{\"@id\":\"https:\/\/vivinaillab.com\/#website\"},\"datePublished\":\"2025-03-26T07:54:55+00:00\",\"dateModified\":\"2026-01-24T03:05:40+00:00\",\"breadcrumb\":{\"@id\":\"https:\/\/vivinaillab.com\/faq\/#breadcrumb\"},\"inLanguage\":\"fr-FR\",\"potentialAction\":[{\"@type\":\"ReadAction\",\"target\":[\"https:\/\/vivinaillab.com\/faq\/\"]}]},{\"@type\":\"BreadcrumbList\",\"@id\":\"https:\/\/vivinaillab.com\/faq\/#breadcrumb\",\"itemListElement\":[{\"@type\":\"ListItem\",\"position\":1,\"name\":\"Home\",\"item\":\"https:\/\/vivinaillab.com\/\"},{\"@type\":\"ListItem\",\"position\":2,\"name\":\"Faq\"}]},{\"@type\":\"WebSite\",\"@id\":\"https:\/\/vivinaillab.com\/#website\",\"url\":\"https:\/\/vivinaillab.com\/\",\"name\":\"ViviNail - Professional Nail Gel Supply\",\"description\":\"ViviNail - Professional Nail Gel Supply\",\"potentialAction\":[{\"@type\":\"SearchAction\",\"target\":{\"@type\":\"EntryPoint\",\"urlTemplate\":\"https:\/\/vivinaillab.com\/?s={search_term_string}\"},\"query-input\":{\"@type\":\"PropertyValueSpecification\",\"valueRequired\":true,\"valueName\":\"search_term_string\"}}],\"inLanguage\":\"fr-FR\"}]}<\/script>\n<!-- \/ Yoast SEO plugin. -->","yoast_head_json":{"title":"Faq - ViviNail - Professional Nail Gel Supply","robots":{"index":"index","follow":"follow","max-snippet":"max-snippet:-1","max-image-preview":"max-image-preview:large","max-video-preview":"max-video-preview:-1"},"canonical":"https:\/\/vivinaillab.com\/fr\/faq\/","og_locale":"fr_FR","og_type":"article","og_title":"Faq - ViviNail - Professional Nail Gel Supply","og_description":"ViviNail Nail Art Lab FAQ Morbi porttitor ligula in nunc varius sagittis. Proin dui nisi, laoreet ut tempor ac, cursus vitae eros. Cras quis ultricies elit. [\u2026]","og_url":"https:\/\/vivinaillab.com\/fr\/faq\/","og_site_name":"ViviNail - Professional Nail Gel Supply","article_modified_time":"2026-01-24T03:05:40+00:00","twitter_card":"summary_large_image","twitter_misc":{"Dur\u00e9e de lecture estim\u00e9e":"3 minutes"},"schema":{"@context":"https:\/\/schema.org","@graph":[{"@type":"WebPage","@id":"https:\/\/vivinaillab.com\/faq\/","url":"https:\/\/vivinaillab.com\/faq\/","name":"Faq - ViviNail - Professional Nail Gel Supply","isPartOf":{"@id":"https:\/\/vivinaillab.com\/#website"},"datePublished":"2025-03-26T07:54:55+00:00","dateModified":"2026-01-24T03:05:40+00:00","breadcrumb":{"@id":"https:\/\/vivinaillab.com\/faq\/#breadcrumb"},"inLanguage":"fr-FR","potentialAction":[{"@type":"ReadAction","target":["https:\/\/vivinaillab.com\/faq\/"]}]},{"@type":"BreadcrumbList","@id":"https:\/\/vivinaillab.com\/faq\/#breadcrumb","itemListElement":[{"@type":"ListItem","position":1,"name":"Home","item":"https:\/\/vivinaillab.com\/"},{"@type":"ListItem","position":2,"name":"Faq"}]},{"@type":"WebSite","@id":"https:\/\/vivinaillab.com\/#website","url":"https:\/\/vivinaillab.com\/","name":"ViviNail - Professional Nail Gel Supply","description":"ViviNail - Professional Nail Gel Supply","potentialAction":[{"@type":"SearchAction","target":{"@type":"EntryPoint","urlTemplate":"https:\/\/vivinaillab.com\/?s={search_term_string}"},"query-input":{"@type":"PropertyValueSpecification","valueRequired":true,"valueName":"search_term_string"}}],"inLanguage":"fr-FR"}]}},"_links":{"self":[{"href":"https:\/\/vivinaillab.com\/fr\/wp-json\/wp\/v2\/pages\/16","targetHints":{"allow":["GET"]}}],"collection":[{"href":"https:\/\/vivinaillab.com\/fr\/wp-json\/wp\/v2\/pages"}],"about":[{"href":"https:\/\/vivinaillab.com\/fr\/wp-json\/wp\/v2\/types\/page"}],"author":[{"embeddable":true,"href":"https:\/\/vivinaillab.com\/fr\/wp-json\/wp\/v2\/users\/1"}],"replies":[{"embeddable":true,"href":"https:\/\/vivinaillab.com\/fr\/wp-json\/wp\/v2\/comments?post=16"}],"version-history":[{"count":3,"href":"https:\/\/vivinaillab.com\/fr\/wp-json\/wp\/v2\/pages\/16\/revisions"}],"predecessor-version":[{"id":440,"href":"https:\/\/vivinaillab.com\/fr\/wp-json\/wp\/v2\/pages\/16\/revisions\/440"}],"wp:attachment":[{"href":"https:\/\/vivinaillab.com\/fr\/wp-json\/wp\/v2\/media?parent=16"}],"curies":[{"name":"wp","href":"https:\/\/api.w.org\/{rel}","templated":true}]}}