{"id":523,"date":"2026-01-28T07:20:46","date_gmt":"2026-01-28T07:20:46","guid":{"rendered":"https:\/\/vivinaillab.com\/?page_id=523"},"modified":"2026-01-28T07:20:47","modified_gmt":"2026-01-28T07:20:47","slug":"shipping-policy","status":"publish","type":"page","link":"https:\/\/vivinaillab.com\/fr\/shipping-policy\/","title":{"rendered":"Politique d&#039;exp\u00e9dition"},"content":{"rendered":"<p>Nous savons combien nos clients sont impatients de recevoir leurs nouveaux produits\u00a0; c\u2019est pourquoi toutes les commandes sont emball\u00e9es et exp\u00e9di\u00e9es sous 48\u00a0heures ouvrables. Le d\u00e9lai de livraison estim\u00e9 et le transporteur varient selon la destination.<\/p>\n\n\n\n<h2 class=\"wp-block-heading\">D\u00e9lai de livraison<\/h2>\n\n\n\n<p>Les acheteurs sont responsables des droits de douane, taxes et frais d&#039;avance locaux \u00e0 la livraison dans les pays o\u00f9 ils sont applicables.<\/p>\n\n\n\n<p>Nous ne sommes pas responsables des colis perdus, vol\u00e9s, alt\u00e9r\u00e9s ou retard\u00e9s par le transporteur.<\/p>\n\n\n\n<h4 class=\"wp-block-heading\"><strong>Am\u00e9rique du Nord<\/strong><\/h4>\n\n\n\n<p>Environ 7 \u00e0 15 jours ouvrables.<br>Nous acceptons les commandes \u00e0 tout moment \u2014 24 heures sur 24, 7 jours sur 7. Les commandes pass\u00e9es le\u00a0<a href=\"https:\/\/vivinaillab.com\/fr\/\">vivinaillab.com<\/a>\u00a0Votre commande sera trait\u00e9e et exp\u00e9di\u00e9e sous 2 jours ouvr\u00e9s. Les commandes pass\u00e9es apr\u00e8s 13h (heure de l&#039;Est) seront trait\u00e9es le jour ouvr\u00e9 suivant. Toutes les commandes pass\u00e9es le samedi et le dimanche seront trait\u00e9es le jour ouvr\u00e9 suivant.<\/p>\n\n\n\n<h4 class=\"wp-block-heading\"><strong>Europe et Royaume-Uni<\/strong><\/h4>\n\n\n\n<p>Environ 10 \u00e0 20 jours ouvrables.<\/p>\n\n\n\n<h4 class=\"wp-block-heading\"><strong>Asie-Pacifique<\/strong><\/h4>\n\n\n\n<p>Environ 7 \u00e0 15 jours ouvrables.<\/p>\n\n\n\n<h4 class=\"wp-block-heading\"><strong>l&#039;Am\u00e9rique latine<\/strong><\/h4>\n\n\n\n<p>Environ 10 \u00e0 20 jours ouvrables.<\/p>\n\n\n\n<p>Certaines options ne sont pas disponibles dans tous les pays. Les frais et la livraison gratuite varient selon le pays\u00a0; veuillez consulter votre panier\u00a0! Les acheteurs sont responsables des droits de douane, taxes et frais d\u2019avance locaux \u00e0 la livraison, le cas \u00e9ch\u00e9ant.<\/p>\n\n\n\n<h2 class=\"wp-block-heading\">Livraison pendant les f\u00eates<\/h2>\n\n\n\n<p>Nous tenions \u00e0 vous informer que le traitement de votre commande et des retours pourrait prendre un peu plus de temps que d&#039;habitude.<\/p>\n\n\n\n<h2 class=\"wp-block-heading\">Contactez-nous<\/h2>\n\n\n\n<p>Si vous avez des questions concernant ces conditions g\u00e9n\u00e9rales, veuillez\u00a0<a href=\"\/fr\/contact\/\">Contactez-nous<\/a>.<\/p>","protected":false},"excerpt":{"rendered":"<p>We know how excited our customers are to receive their new products, so all orders are packaged and shipped within 2 business day. Estimated delivery time<span class=\"excerpt-hellip\"> [\u2026]<\/span><\/p>","protected":false},"author":1,"featured_media":0,"parent":0,"menu_order":0,"comment_status":"closed","ping_status":"closed","template":"","meta":{"footnotes":""},"class_list":["post-523","page","type-page","status-publish","hentry"],"yoast_head":"<!-- This site is optimized with the Yoast SEO plugin v26.6 - https:\/\/yoast.com\/wordpress\/plugins\/seo\/ -->\n<title>Shipping Policy - ViviNail - Professional Nail Gel Supply<\/title>\n<meta name=\"robots\" content=\"index, follow, max-snippet:-1, max-image-preview:large, max-video-preview:-1\" \/>\n<link rel=\"canonical\" href=\"https:\/\/vivinaillab.com\/fr\/shipping-policy\/\" \/>\n<meta property=\"og:locale\" content=\"fr_FR\" \/>\n<meta property=\"og:type\" content=\"article\" \/>\n<meta property=\"og:title\" content=\"Shipping Policy - ViviNail - Professional Nail Gel Supply\" \/>\n<meta property=\"og:description\" content=\"We know how excited our customers are to receive their new products, so all orders are packaged and shipped within 2 business day. Estimated delivery time [\u2026]\" \/>\n<meta property=\"og:url\" content=\"https:\/\/vivinaillab.com\/fr\/shipping-policy\/\" \/>\n<meta property=\"og:site_name\" content=\"ViviNail - Professional Nail Gel Supply\" \/>\n<meta property=\"article:modified_time\" content=\"2026-01-28T07:20:47+00:00\" \/>\n<meta name=\"twitter:card\" content=\"summary_large_image\" \/>\n<meta name=\"twitter:label1\" content=\"Dur\u00e9e de lecture estim\u00e9e\" \/>\n\t<meta name=\"twitter:data1\" content=\"1 minute\" \/>\n<script type=\"application\/ld+json\" class=\"yoast-schema-graph\">{\"@context\":\"https:\/\/schema.org\",\"@graph\":[{\"@type\":\"WebPage\",\"@id\":\"https:\/\/vivinaillab.com\/shipping-policy\/\",\"url\":\"https:\/\/vivinaillab.com\/shipping-policy\/\",\"name\":\"Shipping Policy - ViviNail - Professional Nail Gel Supply\",\"isPartOf\":{\"@id\":\"https:\/\/vivinaillab.com\/#website\"},\"datePublished\":\"2026-01-28T07:20:46+00:00\",\"dateModified\":\"2026-01-28T07:20:47+00:00\",\"breadcrumb\":{\"@id\":\"https:\/\/vivinaillab.com\/shipping-policy\/#breadcrumb\"},\"inLanguage\":\"fr-FR\",\"potentialAction\":[{\"@type\":\"ReadAction\",\"target\":[\"https:\/\/vivinaillab.com\/shipping-policy\/\"]}]},{\"@type\":\"BreadcrumbList\",\"@id\":\"https:\/\/vivinaillab.com\/shipping-policy\/#breadcrumb\",\"itemListElement\":[{\"@type\":\"ListItem\",\"position\":1,\"name\":\"Home\",\"item\":\"https:\/\/vivinaillab.com\/\"},{\"@type\":\"ListItem\",\"position\":2,\"name\":\"Shipping Policy\"}]},{\"@type\":\"WebSite\",\"@id\":\"https:\/\/vivinaillab.com\/#website\",\"url\":\"https:\/\/vivinaillab.com\/\",\"name\":\"ViviNail - Professional Nail Gel Supply\",\"description\":\"ViviNail - Professional Nail Gel Supply\",\"potentialAction\":[{\"@type\":\"SearchAction\",\"target\":{\"@type\":\"EntryPoint\",\"urlTemplate\":\"https:\/\/vivinaillab.com\/?s={search_term_string}\"},\"query-input\":{\"@type\":\"PropertyValueSpecification\",\"valueRequired\":true,\"valueName\":\"search_term_string\"}}],\"inLanguage\":\"fr-FR\"}]}<\/script>\n<!-- \/ Yoast SEO plugin. -->","yoast_head_json":{"title":"Shipping Policy - ViviNail - Professional Nail Gel Supply","robots":{"index":"index","follow":"follow","max-snippet":"max-snippet:-1","max-image-preview":"max-image-preview:large","max-video-preview":"max-video-preview:-1"},"canonical":"https:\/\/vivinaillab.com\/fr\/shipping-policy\/","og_locale":"fr_FR","og_type":"article","og_title":"Shipping Policy - ViviNail - Professional Nail Gel Supply","og_description":"We know how excited our customers are to receive their new products, so all orders are packaged and shipped within 2 business day. Estimated delivery time [\u2026]","og_url":"https:\/\/vivinaillab.com\/fr\/shipping-policy\/","og_site_name":"ViviNail - Professional Nail Gel Supply","article_modified_time":"2026-01-28T07:20:47+00:00","twitter_card":"summary_large_image","twitter_misc":{"Dur\u00e9e de lecture estim\u00e9e":"1 minute"},"schema":{"@context":"https:\/\/schema.org","@graph":[{"@type":"WebPage","@id":"https:\/\/vivinaillab.com\/shipping-policy\/","url":"https:\/\/vivinaillab.com\/shipping-policy\/","name":"Shipping Policy - ViviNail - Professional Nail Gel Supply","isPartOf":{"@id":"https:\/\/vivinaillab.com\/#website"},"datePublished":"2026-01-28T07:20:46+00:00","dateModified":"2026-01-28T07:20:47+00:00","breadcrumb":{"@id":"https:\/\/vivinaillab.com\/shipping-policy\/#breadcrumb"},"inLanguage":"fr-FR","potentialAction":[{"@type":"ReadAction","target":["https:\/\/vivinaillab.com\/shipping-policy\/"]}]},{"@type":"BreadcrumbList","@id":"https:\/\/vivinaillab.com\/shipping-policy\/#breadcrumb","itemListElement":[{"@type":"ListItem","position":1,"name":"Home","item":"https:\/\/vivinaillab.com\/"},{"@type":"ListItem","position":2,"name":"Shipping Policy"}]},{"@type":"WebSite","@id":"https:\/\/vivinaillab.com\/#website","url":"https:\/\/vivinaillab.com\/","name":"ViviNail - Professional Nail Gel Supply","description":"ViviNail - Professional Nail Gel Supply","potentialAction":[{"@type":"SearchAction","target":{"@type":"EntryPoint","urlTemplate":"https:\/\/vivinaillab.com\/?s={search_term_string}"},"query-input":{"@type":"PropertyValueSpecification","valueRequired":true,"valueName":"search_term_string"}}],"inLanguage":"fr-FR"}]}},"_links":{"self":[{"href":"https:\/\/vivinaillab.com\/fr\/wp-json\/wp\/v2\/pages\/523","targetHints":{"allow":["GET"]}}],"collection":[{"href":"https:\/\/vivinaillab.com\/fr\/wp-json\/wp\/v2\/pages"}],"about":[{"href":"https:\/\/vivinaillab.com\/fr\/wp-json\/wp\/v2\/types\/page"}],"author":[{"embeddable":true,"href":"https:\/\/vivinaillab.com\/fr\/wp-json\/wp\/v2\/users\/1"}],"replies":[{"embeddable":true,"href":"https:\/\/vivinaillab.com\/fr\/wp-json\/wp\/v2\/comments?post=523"}],"version-history":[{"count":1,"href":"https:\/\/vivinaillab.com\/fr\/wp-json\/wp\/v2\/pages\/523\/revisions"}],"predecessor-version":[{"id":531,"href":"https:\/\/vivinaillab.com\/fr\/wp-json\/wp\/v2\/pages\/523\/revisions\/531"}],"wp:attachment":[{"href":"https:\/\/vivinaillab.com\/fr\/wp-json\/wp\/v2\/media?parent=523"}],"curies":[{"name":"wp","href":"https:\/\/api.w.org\/{rel}","templated":true}]}}