{"id":524,"date":"2026-01-28T07:19:40","date_gmt":"2026-01-28T07:19:40","guid":{"rendered":"https:\/\/vivinaillab.com\/?page_id=524"},"modified":"2026-01-28T07:19:41","modified_gmt":"2026-01-28T07:19:41","slug":"privacy-policy","status":"publish","type":"page","link":"https:\/\/vivinaillab.com\/fr\/privacy-policy\/","title":{"rendered":"politique de confidentialit\u00e9"},"content":{"rendered":"<p>Horoscope Crystal (\u00ab nous \u00bb, \u00ab notre \u00bb ou \u00ab nos \u00bb) exploite le site web ViviNail Nail Art Lab (le \u00ab Service \u00bb).<\/p>\n\n\n\n<p>Cette page vous informe de nos politiques concernant la collecte, l&#039;utilisation et la divulgation de vos informations personnelles lorsque vous utilisez notre service.<\/p>\n\n\n\n<p>Nous n&#039;utiliserons ni ne partagerons vos informations avec quiconque, sauf dans les conditions d\u00e9crites dans la pr\u00e9sente politique de confidentialit\u00e9.<\/p>\n\n\n\n<p>Nous utilisons vos informations personnelles pour fournir et am\u00e9liorer le Service. En utilisant le Service, vous acceptez la collecte et l&#039;utilisation de vos informations conform\u00e9ment \u00e0 la pr\u00e9sente politique. Sauf indication contraire dans la pr\u00e9sente Politique de confidentialit\u00e9, les termes utilis\u00e9s ont la m\u00eame signification que dans nos Conditions g\u00e9n\u00e9rales, accessibles \u00e0 l&#039;adresse https:\/\/vivinaillab.com<\/p>\n\n\n\n<h2 class=\"wp-block-heading\">Collecte et utilisation des informations<\/h2>\n\n\n\n<p>Lors de votre utilisation de notre Service, nous pouvons vous demander de nous fournir certaines informations personnelles permettant de vous identifier ou de vous contacter. Ces informations personnelles (\u00ab\u00a0Informations personnelles\u00a0\u00bb) peuvent inclure, sans s\u2019y limiter\u00a0:<\/p>\n\n\n\n<ul class=\"wp-block-list\">\n<li>Nom<\/li>\n\n\n\n<li>Adresse email<\/li>\n\n\n\n<li>Num\u00e9ro de t\u00e9l\u00e9phone<\/li>\n\n\n\n<li>Adresse<\/li>\n<\/ul>\n\n\n\n<h2 class=\"wp-block-heading\">Donn\u00e9es de journalisation<\/h2>\n\n\n\n<p>Nous recueillons les informations que votre navigateur envoie lorsque vous consultez notre Service (\u00ab\u00a0Donn\u00e9es de journalisation\u00a0\u00bb). Ces Donn\u00e9es de journalisation peuvent inclure des informations telles que l\u2019adresse IP de votre ordinateur, le type et la version de votre navigateur, les pages de notre Service que vous consultez, la date et l\u2019heure de votre visite, le temps pass\u00e9 sur ces pages et d\u2019autres statistiques.<\/p>\n\n\n\n<h2 class=\"wp-block-heading\">Cookies<\/h2>\n\n\n\n<p>Les cookies sont de petits fichiers de donn\u00e9es pouvant contenir un identifiant unique anonyme. Ils sont envoy\u00e9s \u00e0 votre navigateur par un site web et stock\u00e9s sur le disque dur de votre ordinateur.<\/p>\n\n\n\n<p>Nous utilisons des \u00ab\u00a0cookies\u00a0\u00bb pour collecter des informations. Vous pouvez configurer votre navigateur pour refuser tous les cookies ou pour \u00eatre averti lorsqu&#039;un cookie est envoy\u00e9. Toutefois, si vous refusez les cookies, certaines parties de notre Service pourraient ne pas fonctionner correctement.<\/p>\n\n\n\n<h2 class=\"wp-block-heading\">Prestataires de services<\/h2>\n\n\n\n<p>Nous pouvons faire appel \u00e0 des soci\u00e9t\u00e9s et des personnes tierces pour faciliter notre Service, fournir le Service en notre nom, r\u00e9aliser des services li\u00e9s au Service ou nous aider \u00e0 analyser la fa\u00e7on dont notre Service est utilis\u00e9.<\/p>\n\n\n\n<p>Ces tiers n&#039;ont acc\u00e8s \u00e0 vos renseignements personnels que pour effectuer ces t\u00e2ches en notre nom et sont tenus de ne pas les divulguer ni les utiliser \u00e0 d&#039;autres fins.<\/p>\n\n\n\n<h2 class=\"wp-block-heading\">S\u00e9curit\u00e9<\/h2>\n\n\n\n<p>La s\u00e9curit\u00e9 de vos informations personnelles est importante pour nous, mais n&#039;oubliez pas qu&#039;aucune m\u00e9thode de transmission sur Internet ni aucun syst\u00e8me de stockage \u00e9lectronique n&#039;est totalement infaillible. Bien que nous mettions tout en \u0153uvre pour prot\u00e9ger vos informations personnelles par des moyens commercialement acceptables, nous ne pouvons garantir leur s\u00e9curit\u00e9 absolue.<\/p>\n\n\n\n<h2 class=\"wp-block-heading\">Liens vers d&#039;autres sites<\/h2>\n\n\n\n<p>Notre Service peut contenir des liens vers d&#039;autres sites qui ne sont pas exploit\u00e9s par nous. Si vous cliquez sur un lien tiers, vous serez redirig\u00e9 vers le site de ce tiers. Nous vous recommandons vivement de consulter la politique de confidentialit\u00e9 de chaque site que vous visitez.<\/p>\n\n\n\n<p>Nous n&#039;exer\u00e7ons aucun contr\u00f4le et n&#039;assumons aucune responsabilit\u00e9 quant au contenu, aux politiques de confidentialit\u00e9 ou aux pratiques des sites ou services tiers.<\/p>\n\n\n\n<h2 class=\"wp-block-heading\">Protection de la vie priv\u00e9e des enfants<\/h2>\n\n\n\n<p>Notre service ne s\u2019adresse pas aux personnes de moins de 18 ans (\u00ab Enfants \u00bb).<\/p>\n\n\n\n<p>Nous ne recueillons pas sciemment d&#039;informations personnelles identifiables aupr\u00e8s des enfants de moins de 18 ans. Si vous \u00eates un parent ou un tuteur et que vous constatez que votre enfant nous a communiqu\u00e9 des informations personnelles, veuillez nous contacter. Si nous d\u00e9couvrons qu&#039;un enfant de moins de 18 ans nous a communiqu\u00e9 des informations personnelles, nous les supprimerons imm\u00e9diatement de nos serveurs.<\/p>\n\n\n\n<h2 class=\"wp-block-heading\">Respect des lois<\/h2>\n\n\n\n<p>Nous divulguerons vos renseignements personnels lorsque la loi ou une assignation \u00e0 compara\u00eetre l\u2019exige.<\/p>\n\n\n\n<h2 class=\"wp-block-heading\">Modifications apport\u00e9es \u00e0 la pr\u00e9sente politique de confidentialit\u00e9<\/h2>\n\n\n\n<p>Nous pouvons \u00eatre amen\u00e9s \u00e0 modifier notre Politique de confidentialit\u00e9. Nous vous informerons de toute modification en publiant la nouvelle Politique de confidentialit\u00e9 sur cette page.<\/p>\n\n\n\n<p>Nous vous recommandons de consulter r\u00e9guli\u00e8rement la pr\u00e9sente Politique de confidentialit\u00e9 afin de prendre connaissance des \u00e9ventuelles modifications. Les modifications apport\u00e9es \u00e0 cette Politique de confidentialit\u00e9 prennent effet d\u00e8s leur publication sur cette page.<\/p>\n\n\n\n<h2 class=\"wp-block-heading\">Contactez-nous<\/h2>\n\n\n\n<p>Si vous avez des questions concernant cette politique de confidentialit\u00e9, veuillez\u00a0<a href=\"\/fr\/contact\/\">Contactez-nous<\/a>.<\/p>","protected":false},"excerpt":{"rendered":"<p>Horoscope Crystal (\u201cus\u201d, \u201cwe\u201d, or \u201cour\u201d) operates the ViviNail Nail Art Lab website (the \u201cService\u201d). This page informs you of our policies regarding the collection, use<span class=\"excerpt-hellip\"> [\u2026]<\/span><\/p>","protected":false},"author":1,"featured_media":0,"parent":0,"menu_order":0,"comment_status":"closed","ping_status":"closed","template":"","meta":{"footnotes":""},"class_list":["post-524","page","type-page","status-publish","hentry"],"yoast_head":"<!-- This site is optimized with the Yoast SEO plugin v26.6 - https:\/\/yoast.com\/wordpress\/plugins\/seo\/ -->\n<title>Privacy Policy - ViviNail - Professional Nail Gel Supply<\/title>\n<meta name=\"robots\" content=\"index, follow, max-snippet:-1, max-image-preview:large, max-video-preview:-1\" \/>\n<link rel=\"canonical\" href=\"https:\/\/vivinaillab.com\/fr\/privacy-policy\/\" \/>\n<meta property=\"og:locale\" content=\"fr_FR\" \/>\n<meta property=\"og:type\" content=\"article\" \/>\n<meta property=\"og:title\" content=\"Privacy Policy - ViviNail - Professional Nail Gel Supply\" \/>\n<meta property=\"og:description\" content=\"Horoscope Crystal (\u201cus\u201d, \u201cwe\u201d, or \u201cour\u201d) operates the ViviNail Nail Art Lab website (the \u201cService\u201d). This page informs you of our policies regarding the collection, use [\u2026]\" \/>\n<meta property=\"og:url\" content=\"https:\/\/vivinaillab.com\/fr\/privacy-policy\/\" \/>\n<meta property=\"og:site_name\" content=\"ViviNail - Professional Nail Gel Supply\" \/>\n<meta property=\"article:modified_time\" content=\"2026-01-28T07:19:41+00:00\" \/>\n<meta name=\"twitter:card\" content=\"summary_large_image\" \/>\n<meta name=\"twitter:label1\" content=\"Dur\u00e9e de lecture estim\u00e9e\" \/>\n\t<meta name=\"twitter:data1\" content=\"3 minutes\" \/>\n<script type=\"application\/ld+json\" class=\"yoast-schema-graph\">{\"@context\":\"https:\/\/schema.org\",\"@graph\":[{\"@type\":\"WebPage\",\"@id\":\"https:\/\/vivinaillab.com\/privacy-policy\/\",\"url\":\"https:\/\/vivinaillab.com\/privacy-policy\/\",\"name\":\"Privacy Policy - ViviNail - Professional Nail Gel Supply\",\"isPartOf\":{\"@id\":\"https:\/\/vivinaillab.com\/#website\"},\"datePublished\":\"2026-01-28T07:19:40+00:00\",\"dateModified\":\"2026-01-28T07:19:41+00:00\",\"breadcrumb\":{\"@id\":\"https:\/\/vivinaillab.com\/privacy-policy\/#breadcrumb\"},\"inLanguage\":\"fr-FR\",\"potentialAction\":[{\"@type\":\"ReadAction\",\"target\":[\"https:\/\/vivinaillab.com\/privacy-policy\/\"]}]},{\"@type\":\"BreadcrumbList\",\"@id\":\"https:\/\/vivinaillab.com\/privacy-policy\/#breadcrumb\",\"itemListElement\":[{\"@type\":\"ListItem\",\"position\":1,\"name\":\"Home\",\"item\":\"https:\/\/vivinaillab.com\/\"},{\"@type\":\"ListItem\",\"position\":2,\"name\":\"Privacy Policy\"}]},{\"@type\":\"WebSite\",\"@id\":\"https:\/\/vivinaillab.com\/#website\",\"url\":\"https:\/\/vivinaillab.com\/\",\"name\":\"ViviNail - Professional Nail Gel Supply\",\"description\":\"ViviNail - Professional Nail Gel Supply\",\"potentialAction\":[{\"@type\":\"SearchAction\",\"target\":{\"@type\":\"EntryPoint\",\"urlTemplate\":\"https:\/\/vivinaillab.com\/?s={search_term_string}\"},\"query-input\":{\"@type\":\"PropertyValueSpecification\",\"valueRequired\":true,\"valueName\":\"search_term_string\"}}],\"inLanguage\":\"fr-FR\"}]}<\/script>\n<!-- \/ Yoast SEO plugin. -->","yoast_head_json":{"title":"Privacy Policy - ViviNail - Professional Nail Gel Supply","robots":{"index":"index","follow":"follow","max-snippet":"max-snippet:-1","max-image-preview":"max-image-preview:large","max-video-preview":"max-video-preview:-1"},"canonical":"https:\/\/vivinaillab.com\/fr\/privacy-policy\/","og_locale":"fr_FR","og_type":"article","og_title":"Privacy Policy - ViviNail - Professional Nail Gel Supply","og_description":"Horoscope Crystal (\u201cus\u201d, \u201cwe\u201d, or \u201cour\u201d) operates the ViviNail Nail Art Lab website (the \u201cService\u201d). This page informs you of our policies regarding the collection, use [\u2026]","og_url":"https:\/\/vivinaillab.com\/fr\/privacy-policy\/","og_site_name":"ViviNail - Professional Nail Gel Supply","article_modified_time":"2026-01-28T07:19:41+00:00","twitter_card":"summary_large_image","twitter_misc":{"Dur\u00e9e de lecture estim\u00e9e":"3 minutes"},"schema":{"@context":"https:\/\/schema.org","@graph":[{"@type":"WebPage","@id":"https:\/\/vivinaillab.com\/privacy-policy\/","url":"https:\/\/vivinaillab.com\/privacy-policy\/","name":"Privacy Policy - ViviNail - Professional Nail Gel Supply","isPartOf":{"@id":"https:\/\/vivinaillab.com\/#website"},"datePublished":"2026-01-28T07:19:40+00:00","dateModified":"2026-01-28T07:19:41+00:00","breadcrumb":{"@id":"https:\/\/vivinaillab.com\/privacy-policy\/#breadcrumb"},"inLanguage":"fr-FR","potentialAction":[{"@type":"ReadAction","target":["https:\/\/vivinaillab.com\/privacy-policy\/"]}]},{"@type":"BreadcrumbList","@id":"https:\/\/vivinaillab.com\/privacy-policy\/#breadcrumb","itemListElement":[{"@type":"ListItem","position":1,"name":"Home","item":"https:\/\/vivinaillab.com\/"},{"@type":"ListItem","position":2,"name":"Privacy Policy"}]},{"@type":"WebSite","@id":"https:\/\/vivinaillab.com\/#website","url":"https:\/\/vivinaillab.com\/","name":"ViviNail - Professional Nail Gel Supply","description":"ViviNail - Professional Nail Gel Supply","potentialAction":[{"@type":"SearchAction","target":{"@type":"EntryPoint","urlTemplate":"https:\/\/vivinaillab.com\/?s={search_term_string}"},"query-input":{"@type":"PropertyValueSpecification","valueRequired":true,"valueName":"search_term_string"}}],"inLanguage":"fr-FR"}]}},"_links":{"self":[{"href":"https:\/\/vivinaillab.com\/fr\/wp-json\/wp\/v2\/pages\/524","targetHints":{"allow":["GET"]}}],"collection":[{"href":"https:\/\/vivinaillab.com\/fr\/wp-json\/wp\/v2\/pages"}],"about":[{"href":"https:\/\/vivinaillab.com\/fr\/wp-json\/wp\/v2\/types\/page"}],"author":[{"embeddable":true,"href":"https:\/\/vivinaillab.com\/fr\/wp-json\/wp\/v2\/users\/1"}],"replies":[{"embeddable":true,"href":"https:\/\/vivinaillab.com\/fr\/wp-json\/wp\/v2\/comments?post=524"}],"version-history":[{"count":1,"href":"https:\/\/vivinaillab.com\/fr\/wp-json\/wp\/v2\/pages\/524\/revisions"}],"predecessor-version":[{"id":530,"href":"https:\/\/vivinaillab.com\/fr\/wp-json\/wp\/v2\/pages\/524\/revisions\/530"}],"wp:attachment":[{"href":"https:\/\/vivinaillab.com\/fr\/wp-json\/wp\/v2\/media?parent=524"}],"curies":[{"name":"wp","href":"https:\/\/api.w.org\/{rel}","templated":true}]}}