{"id":525,"date":"2026-01-28T07:17:19","date_gmt":"2026-01-28T07:17:19","guid":{"rendered":"https:\/\/vivinaillab.com\/?page_id=525"},"modified":"2026-01-28T07:17:20","modified_gmt":"2026-01-28T07:17:20","slug":"terms-of-service","status":"publish","type":"page","link":"https:\/\/vivinaillab.com\/fr\/terms-of-service\/","title":{"rendered":"Conditions d&#039;utilisation"},"content":{"rendered":"<p>Veuillez lire attentivement les pr\u00e9sentes Conditions d\u2019utilisation (\u00ab\u00a0Conditions\u00a0\u00bb, \u00ab\u00a0Conditions d\u2019utilisation\u00a0\u00bb) avant d\u2019utiliser le site Web https:\/\/vivinaillab.com (le \u00ab\u00a0Service\u00a0\u00bb) exploit\u00e9 par ViviNail Nail Art Lab (\u00ab\u00a0nous\u00a0\u00bb, \u00ab\u00a0notre\u00a0\u00bb).<\/p>\n\n\n\n<p>Votre acc\u00e8s au Service et son utilisation sont subordonn\u00e9s \u00e0 votre acceptation et au respect des pr\u00e9sentes Conditions. Ces Conditions s&#039;appliquent \u00e0 tous les visiteurs, utilisateurs et autres personnes qui acc\u00e8dent au Service ou l&#039;utilisent.<\/p>\n\n\n\n<p>En acc\u00e9dant au Service ou en l&#039;utilisant, vous acceptez d&#039;\u00eatre li\u00e9 par les pr\u00e9sentes Conditions. Si vous n&#039;acceptez pas une partie quelconque des conditions, vous ne pouvez pas acc\u00e9der au Service.<\/p>\n\n\n\n<h2 class=\"wp-block-heading\">Comptes<\/h2>\n\n\n\n<p>Lorsque vous cr\u00e9ez un compte chez nous, vous devez nous fournir des informations exactes, compl\u00e8tes et \u00e0 jour. Le non-respect de cette obligation constitue une violation des Conditions d&#039;utilisation et peut entra\u00eener la r\u00e9siliation imm\u00e9diate de votre compte.<\/p>\n\n\n\n<p>Vous \u00eates responsable de la protection du mot de passe que vous utilisez pour acc\u00e9der au Service et de toutes les activit\u00e9s ou actions effectu\u00e9es sous votre mot de passe, que ce dernier soit associ\u00e9 \u00e0 notre Service ou \u00e0 un service tiers.<\/p>\n\n\n\n<p>Vous vous engagez \u00e0 ne divulguer votre mot de passe \u00e0 aucun tiers. Vous devez nous informer imm\u00e9diatement en cas de violation de la s\u00e9curit\u00e9 ou d&#039;utilisation non autoris\u00e9e de votre compte.<\/p>\n\n\n\n<h2 class=\"wp-block-heading\">Propri\u00e9t\u00e9 intellectuelle<\/h2>\n\n\n\n<p>Le Service et son contenu original, ses fonctionnalit\u00e9s et ses caract\u00e9ristiques demeurent la propri\u00e9t\u00e9 exclusive de ViviNail Nail Art Lab et de ses conc\u00e9dants de licence.<\/p>\n\n\n\n<h2 class=\"wp-block-heading\">Liens vers d&#039;autres sites Web<\/h2>\n\n\n\n<p>Notre Service peut contenir des liens vers des sites Web ou des services tiers qui ne sont ni d\u00e9tenus ni contr\u00f4l\u00e9s par ViviNail Nail Art Lab.<\/p>\n\n\n\n<p>ViviNail Nail Art Lab n&#039;exerce aucun contr\u00f4le sur le contenu, les politiques de confidentialit\u00e9 ou les pratiques des sites web ou services tiers et d\u00e9cline toute responsabilit\u00e9 \u00e0 cet \u00e9gard. Vous reconnaissez et acceptez \u00e9galement que ViviNail Nail Art Lab ne saurait \u00eatre tenu responsable, directement ou indirectement, de tout dommage ou perte caus\u00e9 ou pr\u00e9tendument caus\u00e9 par l&#039;utilisation ou la confiance accord\u00e9e \u00e0 tout contenu, bien ou service disponible sur ou via ces sites web ou services.<\/p>\n\n\n\n<p>Nous vous conseillons vivement de lire les conditions g\u00e9n\u00e9rales d&#039;utilisation et les politiques de confidentialit\u00e9 de tous les sites Web ou services tiers que vous consultez.<\/p>\n\n\n\n<h2 class=\"wp-block-heading\">Terminaison<\/h2>\n\n\n\n<p>Nous pouvons r\u00e9silier ou suspendre votre compte imm\u00e9diatement, sans pr\u00e9avis ni responsabilit\u00e9, pour quelque raison que ce soit, y compris, sans limitation, en cas de violation des Conditions g\u00e9n\u00e9rales.<\/p>\n\n\n\n<p>En cas de r\u00e9siliation, votre droit d&#039;utiliser le Service cessera imm\u00e9diatement. Si vous souhaitez r\u00e9silier votre compte, il vous suffit d&#039;arr\u00eater d&#039;utiliser le Service.<\/p>\n\n\n\n<p>Toutes les dispositions des Conditions g\u00e9n\u00e9rales qui, de par leur nature, doivent survivre \u00e0 la r\u00e9siliation, survivront \u00e0 la r\u00e9siliation, y compris, sans limitation, les dispositions relatives \u00e0 la propri\u00e9t\u00e9, les exclusions de garantie, l&#039;indemnisation et les limitations de responsabilit\u00e9.<\/p>\n\n\n\n<h2 class=\"wp-block-heading\">Clause de non-responsabilit\u00e9<\/h2>\n\n\n\n<p>L\u2019utilisation du Service se fait \u00e0 vos propres risques. Le Service est fourni \u00ab\u00a0EN L\u2019\u00c9TAT\u00a0\u00bb et \u00ab\u00a0SELON DISPONIBILIT\u00c9\u00a0\u00bb. Il est fourni sans aucune garantie, expresse ou implicite, notamment quant \u00e0 sa qualit\u00e9 marchande, son ad\u00e9quation \u00e0 un usage particulier, l\u2019absence de contrefa\u00e7on ou sa conformit\u00e9 aux usages commerciaux.<\/p>\n\n\n\n<h2 class=\"wp-block-heading\">Loi applicable<\/h2>\n\n\n\n<p>Les pr\u00e9sentes conditions g\u00e9n\u00e9rales sont r\u00e9gies et interpr\u00e9t\u00e9es conform\u00e9ment au droit chinois, sans \u00e9gard \u00e0 ses r\u00e8gles de conflit de lois.<\/p>\n\n\n\n<p>Le fait que nous n&#039;exercions pas un droit ou une disposition des pr\u00e9sentes Conditions ne saurait \u00eatre interpr\u00e9t\u00e9 comme une renonciation \u00e0 ce droit. Si une disposition des pr\u00e9sentes Conditions est jug\u00e9e invalide ou inapplicable par un tribunal, les autres dispositions demeureront pleinement en vigueur. Les pr\u00e9sentes Conditions constituent l&#039;int\u00e9gralit\u00e9 de l&#039;accord conclu entre nous concernant notre Service et remplacent tout accord ant\u00e9rieur relatif \u00e0 ce Service.<\/p>\n\n\n\n<h2 class=\"wp-block-heading\">Changements<\/h2>\n\n\n\n<p>Nous nous r\u00e9servons le droit, \u00e0 notre enti\u00e8re discr\u00e9tion, de modifier ou de remplacer les pr\u00e9sentes Conditions \u00e0 tout moment. En cas de modification importante, nous nous efforcerons de vous en informer au moins 30 jours avant l&#039;entr\u00e9e en vigueur des nouvelles conditions. La nature d&#039;une modification importante sera d\u00e9termin\u00e9e \u00e0 notre enti\u00e8re discr\u00e9tion.<\/p>\n\n\n\n<p>En continuant d&#039;acc\u00e9der \u00e0 notre Service ou de l&#039;utiliser apr\u00e8s l&#039;entr\u00e9e en vigueur de ces modifications, vous acceptez d&#039;\u00eatre li\u00e9 par les conditions r\u00e9vis\u00e9es. Si vous n&#039;acceptez pas les nouvelles conditions, veuillez cesser d&#039;utiliser le Service.<\/p>\n\n\n\n<h2 class=\"wp-block-heading\">Contactez-nous<\/h2>\n\n\n\n<p>Si vous avez des questions concernant ces conditions g\u00e9n\u00e9rales, veuillez\u00a0<a href=\"\/fr\/contact\/\">Contactez-nous<\/a>.<\/p>","protected":false},"excerpt":{"rendered":"<p>Please read these Terms of Use (\u201cTerms\u201d, \u201cTerms of Use\u201d) carefully before using the https:\/\/vivinaillab.com website (the \u201cService\u201d) operated by ViviNail Nail Art Lab (\u201cus\u201d, \u201cwe\u201d,<span class=\"excerpt-hellip\"> [\u2026]<\/span><\/p>","protected":false},"author":1,"featured_media":0,"parent":0,"menu_order":0,"comment_status":"closed","ping_status":"closed","template":"","meta":{"footnotes":""},"class_list":["post-525","page","type-page","status-publish","hentry"],"yoast_head":"<!-- This site is optimized with the Yoast SEO plugin v26.6 - https:\/\/yoast.com\/wordpress\/plugins\/seo\/ -->\n<title>Terms of Service - ViviNail - Professional Nail Gel Supply<\/title>\n<meta name=\"robots\" content=\"index, follow, max-snippet:-1, max-image-preview:large, max-video-preview:-1\" \/>\n<link rel=\"canonical\" href=\"https:\/\/vivinaillab.com\/fr\/terms-of-service\/\" \/>\n<meta property=\"og:locale\" content=\"fr_FR\" \/>\n<meta property=\"og:type\" content=\"article\" \/>\n<meta property=\"og:title\" content=\"Terms of Service - ViviNail - Professional Nail Gel Supply\" \/>\n<meta property=\"og:description\" content=\"Please read these Terms of Use (\u201cTerms\u201d, \u201cTerms of Use\u201d) carefully before using the https:\/\/vivinaillab.com website (the \u201cService\u201d) operated by ViviNail Nail Art Lab (\u201cus\u201d, \u201cwe\u201d, [\u2026]\" \/>\n<meta property=\"og:url\" content=\"https:\/\/vivinaillab.com\/fr\/terms-of-service\/\" \/>\n<meta property=\"og:site_name\" content=\"ViviNail - Professional Nail Gel Supply\" \/>\n<meta property=\"article:modified_time\" content=\"2026-01-28T07:17:20+00:00\" \/>\n<meta name=\"twitter:card\" content=\"summary_large_image\" \/>\n<meta name=\"twitter:label1\" content=\"Dur\u00e9e de lecture estim\u00e9e\" \/>\n\t<meta name=\"twitter:data1\" content=\"4 minutes\" \/>\n<script type=\"application\/ld+json\" class=\"yoast-schema-graph\">{\"@context\":\"https:\/\/schema.org\",\"@graph\":[{\"@type\":\"WebPage\",\"@id\":\"https:\/\/vivinaillab.com\/terms-of-service\/\",\"url\":\"https:\/\/vivinaillab.com\/terms-of-service\/\",\"name\":\"Terms of Service - ViviNail - Professional Nail Gel Supply\",\"isPartOf\":{\"@id\":\"https:\/\/vivinaillab.com\/#website\"},\"datePublished\":\"2026-01-28T07:17:19+00:00\",\"dateModified\":\"2026-01-28T07:17:20+00:00\",\"breadcrumb\":{\"@id\":\"https:\/\/vivinaillab.com\/terms-of-service\/#breadcrumb\"},\"inLanguage\":\"fr-FR\",\"potentialAction\":[{\"@type\":\"ReadAction\",\"target\":[\"https:\/\/vivinaillab.com\/terms-of-service\/\"]}]},{\"@type\":\"BreadcrumbList\",\"@id\":\"https:\/\/vivinaillab.com\/terms-of-service\/#breadcrumb\",\"itemListElement\":[{\"@type\":\"ListItem\",\"position\":1,\"name\":\"Home\",\"item\":\"https:\/\/vivinaillab.com\/\"},{\"@type\":\"ListItem\",\"position\":2,\"name\":\"Terms of Service\"}]},{\"@type\":\"WebSite\",\"@id\":\"https:\/\/vivinaillab.com\/#website\",\"url\":\"https:\/\/vivinaillab.com\/\",\"name\":\"ViviNail - Professional Nail Gel Supply\",\"description\":\"ViviNail - Professional Nail Gel Supply\",\"potentialAction\":[{\"@type\":\"SearchAction\",\"target\":{\"@type\":\"EntryPoint\",\"urlTemplate\":\"https:\/\/vivinaillab.com\/?s={search_term_string}\"},\"query-input\":{\"@type\":\"PropertyValueSpecification\",\"valueRequired\":true,\"valueName\":\"search_term_string\"}}],\"inLanguage\":\"fr-FR\"}]}<\/script>\n<!-- \/ Yoast SEO plugin. -->","yoast_head_json":{"title":"Terms of Service - ViviNail - Professional Nail Gel Supply","robots":{"index":"index","follow":"follow","max-snippet":"max-snippet:-1","max-image-preview":"max-image-preview:large","max-video-preview":"max-video-preview:-1"},"canonical":"https:\/\/vivinaillab.com\/fr\/terms-of-service\/","og_locale":"fr_FR","og_type":"article","og_title":"Terms of Service - ViviNail - Professional Nail Gel Supply","og_description":"Please read these Terms of Use (\u201cTerms\u201d, \u201cTerms of Use\u201d) carefully before using the https:\/\/vivinaillab.com website (the \u201cService\u201d) operated by ViviNail Nail Art Lab (\u201cus\u201d, \u201cwe\u201d, [\u2026]","og_url":"https:\/\/vivinaillab.com\/fr\/terms-of-service\/","og_site_name":"ViviNail - Professional Nail Gel Supply","article_modified_time":"2026-01-28T07:17:20+00:00","twitter_card":"summary_large_image","twitter_misc":{"Dur\u00e9e de lecture estim\u00e9e":"4 minutes"},"schema":{"@context":"https:\/\/schema.org","@graph":[{"@type":"WebPage","@id":"https:\/\/vivinaillab.com\/terms-of-service\/","url":"https:\/\/vivinaillab.com\/terms-of-service\/","name":"Terms of Service - ViviNail - Professional Nail Gel Supply","isPartOf":{"@id":"https:\/\/vivinaillab.com\/#website"},"datePublished":"2026-01-28T07:17:19+00:00","dateModified":"2026-01-28T07:17:20+00:00","breadcrumb":{"@id":"https:\/\/vivinaillab.com\/terms-of-service\/#breadcrumb"},"inLanguage":"fr-FR","potentialAction":[{"@type":"ReadAction","target":["https:\/\/vivinaillab.com\/terms-of-service\/"]}]},{"@type":"BreadcrumbList","@id":"https:\/\/vivinaillab.com\/terms-of-service\/#breadcrumb","itemListElement":[{"@type":"ListItem","position":1,"name":"Home","item":"https:\/\/vivinaillab.com\/"},{"@type":"ListItem","position":2,"name":"Terms of Service"}]},{"@type":"WebSite","@id":"https:\/\/vivinaillab.com\/#website","url":"https:\/\/vivinaillab.com\/","name":"ViviNail - Professional Nail Gel Supply","description":"ViviNail - Professional Nail Gel Supply","potentialAction":[{"@type":"SearchAction","target":{"@type":"EntryPoint","urlTemplate":"https:\/\/vivinaillab.com\/?s={search_term_string}"},"query-input":{"@type":"PropertyValueSpecification","valueRequired":true,"valueName":"search_term_string"}}],"inLanguage":"fr-FR"}]}},"_links":{"self":[{"href":"https:\/\/vivinaillab.com\/fr\/wp-json\/wp\/v2\/pages\/525","targetHints":{"allow":["GET"]}}],"collection":[{"href":"https:\/\/vivinaillab.com\/fr\/wp-json\/wp\/v2\/pages"}],"about":[{"href":"https:\/\/vivinaillab.com\/fr\/wp-json\/wp\/v2\/types\/page"}],"author":[{"embeddable":true,"href":"https:\/\/vivinaillab.com\/fr\/wp-json\/wp\/v2\/users\/1"}],"replies":[{"embeddable":true,"href":"https:\/\/vivinaillab.com\/fr\/wp-json\/wp\/v2\/comments?post=525"}],"version-history":[{"count":1,"href":"https:\/\/vivinaillab.com\/fr\/wp-json\/wp\/v2\/pages\/525\/revisions"}],"predecessor-version":[{"id":529,"href":"https:\/\/vivinaillab.com\/fr\/wp-json\/wp\/v2\/pages\/525\/revisions\/529"}],"wp:attachment":[{"href":"https:\/\/vivinaillab.com\/fr\/wp-json\/wp\/v2\/media?parent=525"}],"curies":[{"name":"wp","href":"https:\/\/api.w.org\/{rel}","templated":true}]}}