{"id":523,"date":"2026-01-28T07:20:46","date_gmt":"2026-01-28T07:20:46","guid":{"rendered":"https:\/\/vivinaillab.com\/?page_id=523"},"modified":"2026-01-28T07:20:47","modified_gmt":"2026-01-28T07:20:47","slug":"shipping-policy","status":"publish","type":"page","link":"https:\/\/vivinaillab.com\/pt\/shipping-policy\/","title":{"rendered":"Pol\u00edtica de Envio"},"content":{"rendered":"<p>Sabemos o quanto nossos clientes est\u00e3o ansiosos para receber seus novos produtos, por isso todos os pedidos s\u00e3o embalados e enviados em at\u00e9 2 dias \u00fateis. O prazo estimado de entrega e a transportadora variam conforme o destino.<\/p>\n\n\n\n<h2 class=\"wp-block-heading\">Tempo de envio<\/h2>\n\n\n\n<p>Os compradores s\u00e3o respons\u00e1veis pelos direitos alfandeg\u00e1rios, impostos e taxas de adiantamento locais no momento da entrega, nos pa\u00edses onde forem aplic\u00e1veis.<\/p>\n\n\n\n<p>N\u00e3o nos responsabilizamos por pacotes perdidos, roubados, adulterados ou atrasados pela transportadora.<\/p>\n\n\n\n<h4 class=\"wp-block-heading\"><strong>Am\u00e9rica do Norte<\/strong><\/h4>\n\n\n\n<p>Aproximadamente 7 a 15 dias \u00fateis.<br>Aceitamos encomendas a qualquer hora \u2014 24 horas por dia, 7 dias por semana. Encomendas feitas em\u00a0<a href=\"https:\/\/vivinaillab.com\/pt\/\">vivinaillab.com<\/a>\u00a0Os pedidos ser\u00e3o processados e enviados em at\u00e9 2 dias \u00fateis. Pedidos feitos ap\u00f3s as 13h (hor\u00e1rio do leste dos EUA) ser\u00e3o processados no pr\u00f3ximo dia \u00fatil. Todos os pedidos feitos aos s\u00e1bados e domingos ser\u00e3o processados no pr\u00f3ximo dia \u00fatil.<\/p>\n\n\n\n<h4 class=\"wp-block-heading\"><strong>Europa e Reino Unido<\/strong><\/h4>\n\n\n\n<p>Aproximadamente 10 a 20 dias \u00fateis.<\/p>\n\n\n\n<h4 class=\"wp-block-heading\"><strong>\u00c1sia-Pac\u00edfico<\/strong><\/h4>\n\n\n\n<p>Aproximadamente 7 a 15 dias \u00fateis.<\/p>\n\n\n\n<h4 class=\"wp-block-heading\"><strong>Am\u00e9rica latina<\/strong><\/h4>\n\n\n\n<p>Aproximadamente 10 a 20 dias \u00fateis.<\/p>\n\n\n\n<p>Nem todas as op\u00e7\u00f5es est\u00e3o dispon\u00edveis para todos os pa\u00edses. Os custos e o frete gr\u00e1tis variam conforme o pa\u00eds; verifique no carrinho de compras! Os compradores s\u00e3o respons\u00e1veis por quaisquer taxas alfandeg\u00e1rias, impostos e adiantamentos aplic\u00e1veis no momento da entrega, nos pa\u00edses onde houver.<\/p>\n\n\n\n<h2 class=\"wp-block-heading\">Envio de feriados<\/h2>\n\n\n\n<p>Gostar\u00edamos de informar que o envio do seu pedido e o processamento das devolu\u00e7\u00f5es podem demorar um pouco mais do que o habitual.<\/p>\n\n\n\n<h2 class=\"wp-block-heading\">Contate-nos<\/h2>\n\n\n\n<p>Se voc\u00ea tiver alguma d\u00favida sobre estes Termos, por favor\u00a0<a href=\"\/pt\/contact\/\">Contate-nos<\/a>.<\/p>","protected":false},"excerpt":{"rendered":"<p>Sabemos o quanto nossos clientes est\u00e3o ansiosos para receber seus novos produtos, por isso todos os pedidos s\u00e3o embalados e enviados em at\u00e9 2 dias \u00fateis. Tempo estimado de entrega.<span class=\"excerpt-hellip\"> [\u2026]<\/span><\/p>","protected":false},"author":1,"featured_media":0,"parent":0,"menu_order":0,"comment_status":"closed","ping_status":"closed","template":"","meta":{"footnotes":""},"class_list":["post-523","page","type-page","status-publish","hentry"],"yoast_head":"<!-- This site is optimized with the Yoast SEO plugin v26.6 - https:\/\/yoast.com\/wordpress\/plugins\/seo\/ -->\n<title>Shipping Policy - ViviNail - Professional Nail Gel Supply<\/title>\n<meta name=\"robots\" content=\"index, follow, max-snippet:-1, max-image-preview:large, max-video-preview:-1\" \/>\n<link rel=\"canonical\" href=\"https:\/\/vivinaillab.com\/pt\/shipping-policy\/\" \/>\n<meta property=\"og:locale\" content=\"pt_BR\" \/>\n<meta property=\"og:type\" content=\"article\" \/>\n<meta property=\"og:title\" content=\"Shipping Policy - ViviNail - Professional Nail Gel Supply\" \/>\n<meta property=\"og:description\" content=\"We know how excited our customers are to receive their new products, so all orders are packaged and shipped within 2 business day. Estimated delivery time [\u2026]\" \/>\n<meta property=\"og:url\" content=\"https:\/\/vivinaillab.com\/pt\/shipping-policy\/\" \/>\n<meta property=\"og:site_name\" content=\"ViviNail - Professional Nail Gel Supply\" \/>\n<meta property=\"article:modified_time\" content=\"2026-01-28T07:20:47+00:00\" \/>\n<meta name=\"twitter:card\" content=\"summary_large_image\" \/>\n<meta name=\"twitter:label1\" content=\"Est. tempo de leitura\" \/>\n\t<meta name=\"twitter:data1\" content=\"1 minuto\" \/>\n<script type=\"application\/ld+json\" class=\"yoast-schema-graph\">{\"@context\":\"https:\/\/schema.org\",\"@graph\":[{\"@type\":\"WebPage\",\"@id\":\"https:\/\/vivinaillab.com\/shipping-policy\/\",\"url\":\"https:\/\/vivinaillab.com\/shipping-policy\/\",\"name\":\"Shipping Policy - ViviNail - Professional Nail Gel Supply\",\"isPartOf\":{\"@id\":\"https:\/\/vivinaillab.com\/#website\"},\"datePublished\":\"2026-01-28T07:20:46+00:00\",\"dateModified\":\"2026-01-28T07:20:47+00:00\",\"breadcrumb\":{\"@id\":\"https:\/\/vivinaillab.com\/shipping-policy\/#breadcrumb\"},\"inLanguage\":\"pt-BR\",\"potentialAction\":[{\"@type\":\"ReadAction\",\"target\":[\"https:\/\/vivinaillab.com\/shipping-policy\/\"]}]},{\"@type\":\"BreadcrumbList\",\"@id\":\"https:\/\/vivinaillab.com\/shipping-policy\/#breadcrumb\",\"itemListElement\":[{\"@type\":\"ListItem\",\"position\":1,\"name\":\"Home\",\"item\":\"https:\/\/vivinaillab.com\/\"},{\"@type\":\"ListItem\",\"position\":2,\"name\":\"Shipping Policy\"}]},{\"@type\":\"WebSite\",\"@id\":\"https:\/\/vivinaillab.com\/#website\",\"url\":\"https:\/\/vivinaillab.com\/\",\"name\":\"ViviNail - Professional Nail Gel Supply\",\"description\":\"ViviNail - Professional Nail Gel Supply\",\"potentialAction\":[{\"@type\":\"SearchAction\",\"target\":{\"@type\":\"EntryPoint\",\"urlTemplate\":\"https:\/\/vivinaillab.com\/?s={search_term_string}\"},\"query-input\":{\"@type\":\"PropertyValueSpecification\",\"valueRequired\":true,\"valueName\":\"search_term_string\"}}],\"inLanguage\":\"pt-BR\"}]}<\/script>\n<!-- \/ Yoast SEO plugin. -->","yoast_head_json":{"title":"Shipping Policy - ViviNail - Professional Nail Gel Supply","robots":{"index":"index","follow":"follow","max-snippet":"max-snippet:-1","max-image-preview":"max-image-preview:large","max-video-preview":"max-video-preview:-1"},"canonical":"https:\/\/vivinaillab.com\/pt\/shipping-policy\/","og_locale":"pt_BR","og_type":"article","og_title":"Shipping Policy - ViviNail - Professional Nail Gel Supply","og_description":"We know how excited our customers are to receive their new products, so all orders are packaged and shipped within 2 business day. Estimated delivery time [\u2026]","og_url":"https:\/\/vivinaillab.com\/pt\/shipping-policy\/","og_site_name":"ViviNail - Professional Nail Gel Supply","article_modified_time":"2026-01-28T07:20:47+00:00","twitter_card":"summary_large_image","twitter_misc":{"Est. tempo de leitura":"1 minuto"},"schema":{"@context":"https:\/\/schema.org","@graph":[{"@type":"WebPage","@id":"https:\/\/vivinaillab.com\/shipping-policy\/","url":"https:\/\/vivinaillab.com\/shipping-policy\/","name":"Shipping Policy - ViviNail - Professional Nail Gel Supply","isPartOf":{"@id":"https:\/\/vivinaillab.com\/#website"},"datePublished":"2026-01-28T07:20:46+00:00","dateModified":"2026-01-28T07:20:47+00:00","breadcrumb":{"@id":"https:\/\/vivinaillab.com\/shipping-policy\/#breadcrumb"},"inLanguage":"pt-BR","potentialAction":[{"@type":"ReadAction","target":["https:\/\/vivinaillab.com\/shipping-policy\/"]}]},{"@type":"BreadcrumbList","@id":"https:\/\/vivinaillab.com\/shipping-policy\/#breadcrumb","itemListElement":[{"@type":"ListItem","position":1,"name":"Home","item":"https:\/\/vivinaillab.com\/"},{"@type":"ListItem","position":2,"name":"Shipping Policy"}]},{"@type":"WebSite","@id":"https:\/\/vivinaillab.com\/#website","url":"https:\/\/vivinaillab.com\/","name":"ViviNail - Professional Nail Gel Supply","description":"ViviNail - Professional Nail Gel Supply","potentialAction":[{"@type":"SearchAction","target":{"@type":"EntryPoint","urlTemplate":"https:\/\/vivinaillab.com\/?s={search_term_string}"},"query-input":{"@type":"PropertyValueSpecification","valueRequired":true,"valueName":"search_term_string"}}],"inLanguage":"pt-BR"}]}},"_links":{"self":[{"href":"https:\/\/vivinaillab.com\/pt\/wp-json\/wp\/v2\/pages\/523","targetHints":{"allow":["GET"]}}],"collection":[{"href":"https:\/\/vivinaillab.com\/pt\/wp-json\/wp\/v2\/pages"}],"about":[{"href":"https:\/\/vivinaillab.com\/pt\/wp-json\/wp\/v2\/types\/page"}],"author":[{"embeddable":true,"href":"https:\/\/vivinaillab.com\/pt\/wp-json\/wp\/v2\/users\/1"}],"replies":[{"embeddable":true,"href":"https:\/\/vivinaillab.com\/pt\/wp-json\/wp\/v2\/comments?post=523"}],"version-history":[{"count":1,"href":"https:\/\/vivinaillab.com\/pt\/wp-json\/wp\/v2\/pages\/523\/revisions"}],"predecessor-version":[{"id":531,"href":"https:\/\/vivinaillab.com\/pt\/wp-json\/wp\/v2\/pages\/523\/revisions\/531"}],"wp:attachment":[{"href":"https:\/\/vivinaillab.com\/pt\/wp-json\/wp\/v2\/media?parent=523"}],"curies":[{"name":"wp","href":"https:\/\/api.w.org\/{rel}","templated":true}]}}