{"id":524,"date":"2026-01-28T07:19:40","date_gmt":"2026-01-28T07:19:40","guid":{"rendered":"https:\/\/vivinaillab.com\/?page_id=524"},"modified":"2026-01-28T07:19:41","modified_gmt":"2026-01-28T07:19:41","slug":"privacy-policy","status":"publish","type":"page","link":"https:\/\/vivinaillab.com\/pt\/privacy-policy\/","title":{"rendered":"pol\u00edtica de Privacidade"},"content":{"rendered":"<p>A Horoscope Crystal (\u201cn\u00f3s\u201d, \u201cnos\u201d ou \u201cnossos\u201d) opera o site ViviNail Nail Art Lab (o \u201cServi\u00e7o\u201d).<\/p>\n\n\n\n<p>Esta p\u00e1gina informa sobre nossas pol\u00edticas relativas \u00e0 coleta, uso e divulga\u00e7\u00e3o de Informa\u00e7\u00f5es Pessoais quando voc\u00ea utiliza nosso Servi\u00e7o.<\/p>\n\n\n\n<p>N\u00e3o utilizaremos nem compartilharemos suas informa\u00e7\u00f5es com ningu\u00e9m, exceto conforme descrito nesta Pol\u00edtica de Privacidade.<\/p>\n\n\n\n<p>Utilizamos suas Informa\u00e7\u00f5es Pessoais para fornecer e aprimorar o Servi\u00e7o. Ao utilizar o Servi\u00e7o, voc\u00ea concorda com a coleta e o uso de informa\u00e7\u00f5es de acordo com esta pol\u00edtica. Salvo disposi\u00e7\u00e3o em contr\u00e1rio nesta Pol\u00edtica de Privacidade, os termos utilizados nesta Pol\u00edtica de Privacidade t\u00eam os mesmos significados que em nossos Termos e Condi\u00e7\u00f5es, acess\u00edveis em https:\/\/vivinaillab.com<\/p>\n\n\n\n<h2 class=\"wp-block-heading\">Coleta e uso de informa\u00e7\u00f5es<\/h2>\n\n\n\n<p>Ao utilizar nosso Servi\u00e7o, podemos solicitar que voc\u00ea nos forne\u00e7a certas informa\u00e7\u00f5es de identifica\u00e7\u00e3o pessoal que podem ser usadas para contat\u00e1-lo ou identific\u00e1-lo. As informa\u00e7\u00f5es de identifica\u00e7\u00e3o pessoal (&quot;Informa\u00e7\u00f5es Pessoais&quot;) podem incluir, entre outras:<\/p>\n\n\n\n<ul class=\"wp-block-list\">\n<li>Nome<\/li>\n\n\n\n<li>Endere\u00e7o de email<\/li>\n\n\n\n<li>N\u00famero de telefone<\/li>\n\n\n\n<li>Endere\u00e7o<\/li>\n<\/ul>\n\n\n\n<h2 class=\"wp-block-heading\">Dados de registro<\/h2>\n\n\n\n<p>Coletamos informa\u00e7\u00f5es que seu navegador envia sempre que voc\u00ea visita nosso Servi\u00e7o (\u201cDados de Registro\u201d). Esses Dados de Registro podem incluir informa\u00e7\u00f5es como o endere\u00e7o de Protocolo de Internet (\u201cIP\u201d) do seu computador, tipo de navegador, vers\u00e3o do navegador, as p\u00e1ginas do nosso Servi\u00e7o que voc\u00ea visita, a data e hora da sua visita, o tempo gasto nessas p\u00e1ginas e outras estat\u00edsticas.<\/p>\n\n\n\n<h2 class=\"wp-block-heading\">Cookies<\/h2>\n\n\n\n<p>Cookies s\u00e3o arquivos com uma pequena quantidade de dados, que podem incluir um identificador \u00fanico an\u00f4nimo. Os cookies s\u00e3o enviados para o seu navegador a partir de um site e armazenados no disco r\u00edgido do seu computador.<\/p>\n\n\n\n<p>Utilizamos &quot;cookies&quot; para coletar informa\u00e7\u00f5es. Voc\u00ea pode configurar seu navegador para recusar todos os cookies ou para indicar quando um cookie est\u00e1 sendo enviado. No entanto, se voc\u00ea n\u00e3o aceitar cookies, poder\u00e1 n\u00e3o conseguir usar algumas partes do nosso Servi\u00e7o.<\/p>\n\n\n\n<h2 class=\"wp-block-heading\">Prestadores de servi\u00e7os<\/h2>\n\n\n\n<p>Podemos contratar empresas e indiv\u00edduos terceirizados para facilitar nosso Servi\u00e7o, para fornecer o Servi\u00e7o em nosso nome, para executar servi\u00e7os relacionados ao Servi\u00e7o ou para nos auxiliar na an\u00e1lise de como nosso Servi\u00e7o \u00e9 utilizado.<\/p>\n\n\n\n<p>Esses terceiros t\u00eam acesso \u00e0s suas Informa\u00e7\u00f5es Pessoais apenas para executar essas tarefas em nosso nome e s\u00e3o obrigados a n\u00e3o divulg\u00e1-las ou us\u00e1-las para qualquer outra finalidade.<\/p>\n\n\n\n<h2 class=\"wp-block-heading\">Seguran\u00e7a<\/h2>\n\n\n\n<p>A seguran\u00e7a das suas Informa\u00e7\u00f5es Pessoais \u00e9 importante para n\u00f3s, mas lembre-se de que nenhum m\u00e9todo de transmiss\u00e3o pela Internet ou m\u00e9todo de armazenamento eletr\u00f4nico \u00e9 100% seguro. Embora nos esforcemos para usar meios comercialmente aceit\u00e1veis para proteger suas Informa\u00e7\u00f5es Pessoais, n\u00e3o podemos garantir sua seguran\u00e7a absoluta.<\/p>\n\n\n\n<h2 class=\"wp-block-heading\">Links para outros sites<\/h2>\n\n\n\n<p>Nosso Servi\u00e7o pode conter links para outros sites que n\u00e3o s\u00e3o operados por n\u00f3s. Se voc\u00ea clicar em um link de terceiros, ser\u00e1 direcionado para o site desse terceiro. Recomendamos fortemente que voc\u00ea revise a Pol\u00edtica de Privacidade de todos os sites que visitar.<\/p>\n\n\n\n<p>N\u00e3o temos controle sobre, e n\u00e3o assumimos qualquer responsabilidade pelo conte\u00fado, pol\u00edticas de privacidade ou pr\u00e1ticas de quaisquer sites ou servi\u00e7os de terceiros.<\/p>\n\n\n\n<h2 class=\"wp-block-heading\">Privacidade das crian\u00e7as<\/h2>\n\n\n\n<p>Nosso servi\u00e7o n\u00e3o se destina a menores de 18 anos (&quot;Crian\u00e7as&quot;).<\/p>\n\n\n\n<p>N\u00e3o coletamos intencionalmente informa\u00e7\u00f5es de identifica\u00e7\u00e3o pessoal de crian\u00e7as menores de 18 anos. Se voc\u00ea \u00e9 pai\/m\u00e3e ou respons\u00e1vel legal e tem conhecimento de que seu filho(a) nos forneceu informa\u00e7\u00f5es pessoais, entre em contato conosco. Caso descubramos que uma crian\u00e7a menor de 18 anos nos forneceu informa\u00e7\u00f5es pessoais, excluiremos essas informa\u00e7\u00f5es de nossos servidores imediatamente.<\/p>\n\n\n\n<h2 class=\"wp-block-heading\">Conformidade com as leis<\/h2>\n\n\n\n<p>Divulgaremos suas informa\u00e7\u00f5es pessoais quando exigido por lei ou intima\u00e7\u00e3o judicial.<\/p>\n\n\n\n<h2 class=\"wp-block-heading\">Altera\u00e7\u00f5es a esta Pol\u00edtica de Privacidade<\/h2>\n\n\n\n<p>Podemos atualizar nossa Pol\u00edtica de Privacidade periodicamente. Notificaremos voc\u00ea sobre quaisquer altera\u00e7\u00f5es publicando a nova Pol\u00edtica de Privacidade nesta p\u00e1gina.<\/p>\n\n\n\n<p>Recomenda-se que voc\u00ea revise esta Pol\u00edtica de Privacidade periodicamente para verificar quaisquer altera\u00e7\u00f5es. As altera\u00e7\u00f5es a esta Pol\u00edtica de Privacidade entram em vigor quando publicadas nesta p\u00e1gina.<\/p>\n\n\n\n<h2 class=\"wp-block-heading\">Contate-nos<\/h2>\n\n\n\n<p>Se voc\u00ea tiver alguma d\u00favida sobre esta Pol\u00edtica de Privacidade, por favor,\u00a0<a href=\"\/pt\/contact\/\">Contate-nos<\/a>.<\/p>","protected":false},"excerpt":{"rendered":"<p>A Horoscope Crystal (\u201cn\u00f3s\u201d, \u201cnos\u201d ou \u201cnossos\u201d) opera o site ViviNail Nail Art Lab (o \u201cServi\u00e7o\u201d). Esta p\u00e1gina informa sobre nossas pol\u00edticas relativas \u00e0 coleta e uso de dados.<span class=\"excerpt-hellip\"> [\u2026]<\/span><\/p>","protected":false},"author":1,"featured_media":0,"parent":0,"menu_order":0,"comment_status":"closed","ping_status":"closed","template":"","meta":{"footnotes":""},"class_list":["post-524","page","type-page","status-publish","hentry"],"yoast_head":"<!-- This site is optimized with the Yoast SEO plugin v26.6 - https:\/\/yoast.com\/wordpress\/plugins\/seo\/ -->\n<title>Privacy Policy - ViviNail - Professional Nail Gel Supply<\/title>\n<meta name=\"robots\" content=\"index, follow, max-snippet:-1, max-image-preview:large, max-video-preview:-1\" \/>\n<link rel=\"canonical\" href=\"https:\/\/vivinaillab.com\/pt\/privacy-policy\/\" \/>\n<meta property=\"og:locale\" content=\"pt_BR\" \/>\n<meta property=\"og:type\" content=\"article\" \/>\n<meta property=\"og:title\" content=\"Privacy Policy - ViviNail - Professional Nail Gel Supply\" \/>\n<meta property=\"og:description\" content=\"Horoscope Crystal (\u201cus\u201d, \u201cwe\u201d, or \u201cour\u201d) operates the ViviNail Nail Art Lab website (the \u201cService\u201d). This page informs you of our policies regarding the collection, use [\u2026]\" \/>\n<meta property=\"og:url\" content=\"https:\/\/vivinaillab.com\/pt\/privacy-policy\/\" \/>\n<meta property=\"og:site_name\" content=\"ViviNail - Professional Nail Gel Supply\" \/>\n<meta property=\"article:modified_time\" content=\"2026-01-28T07:19:41+00:00\" \/>\n<meta name=\"twitter:card\" content=\"summary_large_image\" \/>\n<meta name=\"twitter:label1\" content=\"Est. tempo de leitura\" \/>\n\t<meta name=\"twitter:data1\" content=\"3 minutos\" \/>\n<script type=\"application\/ld+json\" class=\"yoast-schema-graph\">{\"@context\":\"https:\/\/schema.org\",\"@graph\":[{\"@type\":\"WebPage\",\"@id\":\"https:\/\/vivinaillab.com\/privacy-policy\/\",\"url\":\"https:\/\/vivinaillab.com\/privacy-policy\/\",\"name\":\"Privacy Policy - ViviNail - Professional Nail Gel Supply\",\"isPartOf\":{\"@id\":\"https:\/\/vivinaillab.com\/#website\"},\"datePublished\":\"2026-01-28T07:19:40+00:00\",\"dateModified\":\"2026-01-28T07:19:41+00:00\",\"breadcrumb\":{\"@id\":\"https:\/\/vivinaillab.com\/privacy-policy\/#breadcrumb\"},\"inLanguage\":\"pt-BR\",\"potentialAction\":[{\"@type\":\"ReadAction\",\"target\":[\"https:\/\/vivinaillab.com\/privacy-policy\/\"]}]},{\"@type\":\"BreadcrumbList\",\"@id\":\"https:\/\/vivinaillab.com\/privacy-policy\/#breadcrumb\",\"itemListElement\":[{\"@type\":\"ListItem\",\"position\":1,\"name\":\"Home\",\"item\":\"https:\/\/vivinaillab.com\/\"},{\"@type\":\"ListItem\",\"position\":2,\"name\":\"Privacy Policy\"}]},{\"@type\":\"WebSite\",\"@id\":\"https:\/\/vivinaillab.com\/#website\",\"url\":\"https:\/\/vivinaillab.com\/\",\"name\":\"ViviNail - Professional Nail Gel Supply\",\"description\":\"ViviNail - Professional Nail Gel Supply\",\"potentialAction\":[{\"@type\":\"SearchAction\",\"target\":{\"@type\":\"EntryPoint\",\"urlTemplate\":\"https:\/\/vivinaillab.com\/?s={search_term_string}\"},\"query-input\":{\"@type\":\"PropertyValueSpecification\",\"valueRequired\":true,\"valueName\":\"search_term_string\"}}],\"inLanguage\":\"pt-BR\"}]}<\/script>\n<!-- \/ Yoast SEO plugin. -->","yoast_head_json":{"title":"Privacy Policy - ViviNail - Professional Nail Gel Supply","robots":{"index":"index","follow":"follow","max-snippet":"max-snippet:-1","max-image-preview":"max-image-preview:large","max-video-preview":"max-video-preview:-1"},"canonical":"https:\/\/vivinaillab.com\/pt\/privacy-policy\/","og_locale":"pt_BR","og_type":"article","og_title":"Privacy Policy - ViviNail - Professional Nail Gel Supply","og_description":"Horoscope Crystal (\u201cus\u201d, \u201cwe\u201d, or \u201cour\u201d) operates the ViviNail Nail Art Lab website (the \u201cService\u201d). This page informs you of our policies regarding the collection, use [\u2026]","og_url":"https:\/\/vivinaillab.com\/pt\/privacy-policy\/","og_site_name":"ViviNail - Professional Nail Gel Supply","article_modified_time":"2026-01-28T07:19:41+00:00","twitter_card":"summary_large_image","twitter_misc":{"Est. tempo de leitura":"3 minutos"},"schema":{"@context":"https:\/\/schema.org","@graph":[{"@type":"WebPage","@id":"https:\/\/vivinaillab.com\/privacy-policy\/","url":"https:\/\/vivinaillab.com\/privacy-policy\/","name":"Privacy Policy - ViviNail - Professional Nail Gel Supply","isPartOf":{"@id":"https:\/\/vivinaillab.com\/#website"},"datePublished":"2026-01-28T07:19:40+00:00","dateModified":"2026-01-28T07:19:41+00:00","breadcrumb":{"@id":"https:\/\/vivinaillab.com\/privacy-policy\/#breadcrumb"},"inLanguage":"pt-BR","potentialAction":[{"@type":"ReadAction","target":["https:\/\/vivinaillab.com\/privacy-policy\/"]}]},{"@type":"BreadcrumbList","@id":"https:\/\/vivinaillab.com\/privacy-policy\/#breadcrumb","itemListElement":[{"@type":"ListItem","position":1,"name":"Home","item":"https:\/\/vivinaillab.com\/"},{"@type":"ListItem","position":2,"name":"Privacy Policy"}]},{"@type":"WebSite","@id":"https:\/\/vivinaillab.com\/#website","url":"https:\/\/vivinaillab.com\/","name":"ViviNail - Professional Nail Gel Supply","description":"ViviNail - Professional Nail Gel Supply","potentialAction":[{"@type":"SearchAction","target":{"@type":"EntryPoint","urlTemplate":"https:\/\/vivinaillab.com\/?s={search_term_string}"},"query-input":{"@type":"PropertyValueSpecification","valueRequired":true,"valueName":"search_term_string"}}],"inLanguage":"pt-BR"}]}},"_links":{"self":[{"href":"https:\/\/vivinaillab.com\/pt\/wp-json\/wp\/v2\/pages\/524","targetHints":{"allow":["GET"]}}],"collection":[{"href":"https:\/\/vivinaillab.com\/pt\/wp-json\/wp\/v2\/pages"}],"about":[{"href":"https:\/\/vivinaillab.com\/pt\/wp-json\/wp\/v2\/types\/page"}],"author":[{"embeddable":true,"href":"https:\/\/vivinaillab.com\/pt\/wp-json\/wp\/v2\/users\/1"}],"replies":[{"embeddable":true,"href":"https:\/\/vivinaillab.com\/pt\/wp-json\/wp\/v2\/comments?post=524"}],"version-history":[{"count":1,"href":"https:\/\/vivinaillab.com\/pt\/wp-json\/wp\/v2\/pages\/524\/revisions"}],"predecessor-version":[{"id":530,"href":"https:\/\/vivinaillab.com\/pt\/wp-json\/wp\/v2\/pages\/524\/revisions\/530"}],"wp:attachment":[{"href":"https:\/\/vivinaillab.com\/pt\/wp-json\/wp\/v2\/media?parent=524"}],"curies":[{"name":"wp","href":"https:\/\/api.w.org\/{rel}","templated":true}]}}