{"id":525,"date":"2026-01-28T07:17:19","date_gmt":"2026-01-28T07:17:19","guid":{"rendered":"https:\/\/vivinaillab.com\/?page_id=525"},"modified":"2026-01-28T07:17:20","modified_gmt":"2026-01-28T07:17:20","slug":"terms-of-service","status":"publish","type":"page","link":"https:\/\/vivinaillab.com\/pt\/terms-of-service\/","title":{"rendered":"Termos de Servi\u00e7o"},"content":{"rendered":"<p>Por favor, leia atentamente estes Termos de Uso (\u201cTermos\u201d, \u201cTermos de Uso\u201d) antes de usar o site https:\/\/vivinaillab.com (o \u201cServi\u00e7o\u201d) operado pela ViviNail Nail Art Lab (\u201cn\u00f3s\u201d, \u201cnos\u201d ou \u201cnossos\u201d).<\/p>\n\n\n\n<p>Seu acesso e uso do Servi\u00e7o est\u00e3o condicionados \u00e0 sua aceita\u00e7\u00e3o e conformidade com estes Termos. Estes Termos aplicam-se a todos os visitantes, usu\u00e1rios e demais pessoas que acessam ou utilizam o Servi\u00e7o.<\/p>\n\n\n\n<p>Ao acessar ou usar o Servi\u00e7o, voc\u00ea concorda em ficar vinculado a estes Termos. Se voc\u00ea discordar de qualquer parte dos termos, n\u00e3o poder\u00e1 acessar o Servi\u00e7o.<\/p>\n\n\n\n<h2 class=\"wp-block-heading\">Contas<\/h2>\n\n\n\n<p>Ao criar uma conta conosco, voc\u00ea deve nos fornecer informa\u00e7\u00f5es precisas, completas e atualizadas em todos os momentos. A omiss\u00e3o dessas informa\u00e7\u00f5es constitui uma viola\u00e7\u00e3o dos Termos, o que pode resultar no encerramento imediato da sua conta em nosso Servi\u00e7o.<\/p>\n\n\n\n<p>Voc\u00ea \u00e9 respons\u00e1vel por proteger a senha que usa para acessar o Servi\u00e7o e por quaisquer atividades ou a\u00e7\u00f5es realizadas com sua senha, seja ela usada em nosso Servi\u00e7o ou em um servi\u00e7o de terceiros.<\/p>\n\n\n\n<p>Voc\u00ea concorda em n\u00e3o divulgar sua senha a terceiros. Voc\u00ea deve nos notificar imediatamente caso tome conhecimento de qualquer viola\u00e7\u00e3o de seguran\u00e7a ou uso n\u00e3o autorizado de sua conta.<\/p>\n\n\n\n<h2 class=\"wp-block-heading\">Propriedade intelectual<\/h2>\n\n\n\n<p>O Servi\u00e7o e seu conte\u00fado original, recursos e funcionalidades s\u00e3o e permanecer\u00e3o propriedade exclusiva da ViviNail Nail Art Lab e de seus licenciadores.<\/p>\n\n\n\n<h2 class=\"wp-block-heading\">Links para outros sites<\/h2>\n\n\n\n<p>Nosso servi\u00e7o pode conter links para sites ou servi\u00e7os de terceiros que n\u00e3o s\u00e3o de propriedade ou controlados pela ViviNail Nail Art Lab.<\/p>\n\n\n\n<p>A ViviNail Nail Art Lab n\u00e3o tem controle sobre, e n\u00e3o assume qualquer responsabilidade pelo conte\u00fado, pol\u00edticas de privacidade ou pr\u00e1ticas de quaisquer sites ou servi\u00e7os de terceiros. Al\u00e9m disso, voc\u00ea reconhece e concorda que a ViviNail Nail Art Lab n\u00e3o ser\u00e1 respons\u00e1vel, direta ou indiretamente, por quaisquer danos ou perdas causados ou alegadamente causados por ou em conex\u00e3o com o uso ou a confian\u00e7a em qualquer conte\u00fado, bens ou servi\u00e7os dispon\u00edveis em ou atrav\u00e9s de tais sites ou servi\u00e7os.<\/p>\n\n\n\n<p>Recomendamos vivamente que leia os termos e condi\u00e7\u00f5es e as pol\u00edticas de privacidade de quaisquer sites ou servi\u00e7os de terceiros que visite.<\/p>\n\n\n\n<h2 class=\"wp-block-heading\">Rescis\u00e3o<\/h2>\n\n\n\n<p>Podemos encerrar ou suspender sua conta imediatamente, sem aviso pr\u00e9vio ou responsabilidade, por qualquer motivo, incluindo, entre outros, a viola\u00e7\u00e3o dos Termos.<\/p>\n\n\n\n<p>Ap\u00f3s o t\u00e9rmino do contrato, seu direito de usar o Servi\u00e7o ser\u00e1 imediatamente cancelado. Se desejar encerrar sua conta, basta interromper o uso do Servi\u00e7o.<\/p>\n\n\n\n<p>Todas as disposi\u00e7\u00f5es dos Termos que, por sua natureza, devam sobreviver \u00e0 rescis\u00e3o, permanecer\u00e3o em vigor ap\u00f3s a rescis\u00e3o, incluindo, sem limita\u00e7\u00e3o, as disposi\u00e7\u00f5es relativas \u00e0 propriedade, isen\u00e7\u00f5es de garantia, indeniza\u00e7\u00e3o e limita\u00e7\u00f5es de responsabilidade.<\/p>\n\n\n\n<h2 class=\"wp-block-heading\">Isen\u00e7\u00e3o de responsabilidade<\/h2>\n\n\n\n<p>O uso do Servi\u00e7o \u00e9 de sua inteira responsabilidade. O Servi\u00e7o \u00e9 fornecido &quot;NO ESTADO EM QUE SE ENCONTRA&quot; e &quot;CONFORME DISPON\u00cdVEL&quot;. O Servi\u00e7o \u00e9 fornecido sem garantias de qualquer tipo, sejam expressas ou impl\u00edcitas, incluindo, entre outras, garantias impl\u00edcitas de comercializa\u00e7\u00e3o, adequa\u00e7\u00e3o a uma finalidade espec\u00edfica, n\u00e3o viola\u00e7\u00e3o ou desempenho.<\/p>\n\n\n\n<h2 class=\"wp-block-heading\">Lei aplic\u00e1vel<\/h2>\n\n\n\n<p>Estes Termos ser\u00e3o regidos e interpretados de acordo com as leis da China, sem levar em considera\u00e7\u00e3o suas disposi\u00e7\u00f5es sobre conflitos de leis.<\/p>\n\n\n\n<p>A nossa omiss\u00e3o em exercer qualquer direito ou disposi\u00e7\u00e3o destes Termos n\u00e3o ser\u00e1 considerada uma ren\u00fancia a esses direitos. Se alguma disposi\u00e7\u00e3o destes Termos for considerada inv\u00e1lida ou inexequ\u00edvel por um tribunal, as demais disposi\u00e7\u00f5es destes Termos permanecer\u00e3o em vigor. Estes Termos constituem o acordo integral entre n\u00f3s relativamente ao nosso Servi\u00e7o e substituem quaisquer acordos anteriores que possamos ter celebrado entre n\u00f3s relativamente ao Servi\u00e7o.<\/p>\n\n\n\n<h2 class=\"wp-block-heading\">Mudan\u00e7as<\/h2>\n\n\n\n<p>Reservamo-nos o direito, a nosso exclusivo crit\u00e9rio, de modificar ou substituir estes Termos a qualquer momento. Caso uma revis\u00e3o seja substancial, tentaremos fornecer um aviso pr\u00e9vio de pelo menos 30 dias antes que os novos termos entrem em vigor. O que constitui uma altera\u00e7\u00e3o substancial ser\u00e1 determinado a nosso exclusivo crit\u00e9rio.<\/p>\n\n\n\n<p>Ao continuar a acessar ou usar nosso Servi\u00e7o ap\u00f3s a entrada em vigor dessas revis\u00f5es, voc\u00ea concorda em ficar vinculado aos termos revisados. Caso n\u00e3o concorde com os novos termos, interrompa o uso do Servi\u00e7o.<\/p>\n\n\n\n<h2 class=\"wp-block-heading\">Contate-nos<\/h2>\n\n\n\n<p>Se voc\u00ea tiver alguma d\u00favida sobre estes Termos, por favor\u00a0<a href=\"\/pt\/contact\/\">Contate-nos<\/a>.<\/p>","protected":false},"excerpt":{"rendered":"<p>Leia atentamente estes Termos de Uso (\u201cTermos\u201d, \u201cTermos de Uso\u201d) antes de usar o site https:\/\/vivinaillab.com (o \u201cServi\u00e7o\u201d) operado pela ViviNail Nail Art Lab (\u201cn\u00f3s\u201d, \u201cnos\u201d).<span class=\"excerpt-hellip\"> [\u2026]<\/span><\/p>","protected":false},"author":1,"featured_media":0,"parent":0,"menu_order":0,"comment_status":"closed","ping_status":"closed","template":"","meta":{"footnotes":""},"class_list":["post-525","page","type-page","status-publish","hentry"],"yoast_head":"<!-- This site is optimized with the Yoast SEO plugin v26.6 - https:\/\/yoast.com\/wordpress\/plugins\/seo\/ -->\n<title>Terms of Service - ViviNail - Professional Nail Gel Supply<\/title>\n<meta name=\"robots\" content=\"index, follow, max-snippet:-1, max-image-preview:large, max-video-preview:-1\" \/>\n<link rel=\"canonical\" href=\"https:\/\/vivinaillab.com\/pt\/terms-of-service\/\" \/>\n<meta property=\"og:locale\" content=\"pt_BR\" \/>\n<meta property=\"og:type\" content=\"article\" \/>\n<meta property=\"og:title\" content=\"Terms of Service - ViviNail - Professional Nail Gel Supply\" \/>\n<meta property=\"og:description\" content=\"Please read these Terms of Use (\u201cTerms\u201d, \u201cTerms of Use\u201d) carefully before using the https:\/\/vivinaillab.com website (the \u201cService\u201d) operated by ViviNail Nail Art Lab (\u201cus\u201d, \u201cwe\u201d, [\u2026]\" \/>\n<meta property=\"og:url\" content=\"https:\/\/vivinaillab.com\/pt\/terms-of-service\/\" \/>\n<meta property=\"og:site_name\" content=\"ViviNail - Professional Nail Gel Supply\" \/>\n<meta property=\"article:modified_time\" content=\"2026-01-28T07:17:20+00:00\" \/>\n<meta name=\"twitter:card\" content=\"summary_large_image\" \/>\n<meta name=\"twitter:label1\" content=\"Est. tempo de leitura\" \/>\n\t<meta name=\"twitter:data1\" content=\"4 minutos\" \/>\n<script type=\"application\/ld+json\" class=\"yoast-schema-graph\">{\"@context\":\"https:\/\/schema.org\",\"@graph\":[{\"@type\":\"WebPage\",\"@id\":\"https:\/\/vivinaillab.com\/terms-of-service\/\",\"url\":\"https:\/\/vivinaillab.com\/terms-of-service\/\",\"name\":\"Terms of Service - ViviNail - Professional Nail Gel Supply\",\"isPartOf\":{\"@id\":\"https:\/\/vivinaillab.com\/#website\"},\"datePublished\":\"2026-01-28T07:17:19+00:00\",\"dateModified\":\"2026-01-28T07:17:20+00:00\",\"breadcrumb\":{\"@id\":\"https:\/\/vivinaillab.com\/terms-of-service\/#breadcrumb\"},\"inLanguage\":\"pt-BR\",\"potentialAction\":[{\"@type\":\"ReadAction\",\"target\":[\"https:\/\/vivinaillab.com\/terms-of-service\/\"]}]},{\"@type\":\"BreadcrumbList\",\"@id\":\"https:\/\/vivinaillab.com\/terms-of-service\/#breadcrumb\",\"itemListElement\":[{\"@type\":\"ListItem\",\"position\":1,\"name\":\"Home\",\"item\":\"https:\/\/vivinaillab.com\/\"},{\"@type\":\"ListItem\",\"position\":2,\"name\":\"Terms of Service\"}]},{\"@type\":\"WebSite\",\"@id\":\"https:\/\/vivinaillab.com\/#website\",\"url\":\"https:\/\/vivinaillab.com\/\",\"name\":\"ViviNail - Professional Nail Gel Supply\",\"description\":\"ViviNail - Professional Nail Gel Supply\",\"potentialAction\":[{\"@type\":\"SearchAction\",\"target\":{\"@type\":\"EntryPoint\",\"urlTemplate\":\"https:\/\/vivinaillab.com\/?s={search_term_string}\"},\"query-input\":{\"@type\":\"PropertyValueSpecification\",\"valueRequired\":true,\"valueName\":\"search_term_string\"}}],\"inLanguage\":\"pt-BR\"}]}<\/script>\n<!-- \/ Yoast SEO plugin. -->","yoast_head_json":{"title":"Terms of Service - ViviNail - Professional Nail Gel Supply","robots":{"index":"index","follow":"follow","max-snippet":"max-snippet:-1","max-image-preview":"max-image-preview:large","max-video-preview":"max-video-preview:-1"},"canonical":"https:\/\/vivinaillab.com\/pt\/terms-of-service\/","og_locale":"pt_BR","og_type":"article","og_title":"Terms of Service - ViviNail - Professional Nail Gel Supply","og_description":"Please read these Terms of Use (\u201cTerms\u201d, \u201cTerms of Use\u201d) carefully before using the https:\/\/vivinaillab.com website (the \u201cService\u201d) operated by ViviNail Nail Art Lab (\u201cus\u201d, \u201cwe\u201d, [\u2026]","og_url":"https:\/\/vivinaillab.com\/pt\/terms-of-service\/","og_site_name":"ViviNail - Professional Nail Gel Supply","article_modified_time":"2026-01-28T07:17:20+00:00","twitter_card":"summary_large_image","twitter_misc":{"Est. tempo de leitura":"4 minutos"},"schema":{"@context":"https:\/\/schema.org","@graph":[{"@type":"WebPage","@id":"https:\/\/vivinaillab.com\/terms-of-service\/","url":"https:\/\/vivinaillab.com\/terms-of-service\/","name":"Terms of Service - ViviNail - Professional Nail Gel Supply","isPartOf":{"@id":"https:\/\/vivinaillab.com\/#website"},"datePublished":"2026-01-28T07:17:19+00:00","dateModified":"2026-01-28T07:17:20+00:00","breadcrumb":{"@id":"https:\/\/vivinaillab.com\/terms-of-service\/#breadcrumb"},"inLanguage":"pt-BR","potentialAction":[{"@type":"ReadAction","target":["https:\/\/vivinaillab.com\/terms-of-service\/"]}]},{"@type":"BreadcrumbList","@id":"https:\/\/vivinaillab.com\/terms-of-service\/#breadcrumb","itemListElement":[{"@type":"ListItem","position":1,"name":"Home","item":"https:\/\/vivinaillab.com\/"},{"@type":"ListItem","position":2,"name":"Terms of Service"}]},{"@type":"WebSite","@id":"https:\/\/vivinaillab.com\/#website","url":"https:\/\/vivinaillab.com\/","name":"ViviNail - Professional Nail Gel Supply","description":"ViviNail - Professional Nail Gel Supply","potentialAction":[{"@type":"SearchAction","target":{"@type":"EntryPoint","urlTemplate":"https:\/\/vivinaillab.com\/?s={search_term_string}"},"query-input":{"@type":"PropertyValueSpecification","valueRequired":true,"valueName":"search_term_string"}}],"inLanguage":"pt-BR"}]}},"_links":{"self":[{"href":"https:\/\/vivinaillab.com\/pt\/wp-json\/wp\/v2\/pages\/525","targetHints":{"allow":["GET"]}}],"collection":[{"href":"https:\/\/vivinaillab.com\/pt\/wp-json\/wp\/v2\/pages"}],"about":[{"href":"https:\/\/vivinaillab.com\/pt\/wp-json\/wp\/v2\/types\/page"}],"author":[{"embeddable":true,"href":"https:\/\/vivinaillab.com\/pt\/wp-json\/wp\/v2\/users\/1"}],"replies":[{"embeddable":true,"href":"https:\/\/vivinaillab.com\/pt\/wp-json\/wp\/v2\/comments?post=525"}],"version-history":[{"count":1,"href":"https:\/\/vivinaillab.com\/pt\/wp-json\/wp\/v2\/pages\/525\/revisions"}],"predecessor-version":[{"id":529,"href":"https:\/\/vivinaillab.com\/pt\/wp-json\/wp\/v2\/pages\/525\/revisions\/529"}],"wp:attachment":[{"href":"https:\/\/vivinaillab.com\/pt\/wp-json\/wp\/v2\/media?parent=525"}],"curies":[{"name":"wp","href":"https:\/\/api.w.org\/{rel}","templated":true}]}}