{"id":527,"date":"2026-01-28T07:14:36","date_gmt":"2026-01-28T07:14:36","guid":{"rendered":"https:\/\/vivinaillab.com\/?page_id=527"},"modified":"2026-01-28T07:14:37","modified_gmt":"2026-01-28T07:14:37","slug":"refund-and-returns-policy","status":"publish","type":"page","link":"https:\/\/vivinaillab.com\/pt\/refund-and-returns-policy\/","title":{"rendered":"Pol\u00edtica de Reembolso e Devolu\u00e7\u00e3o"},"content":{"rendered":"<h2 class=\"wp-block-heading\">Vis\u00e3o geral<\/h2>\n\n\n\n<p>Nossa pol\u00edtica de reembolso e devolu\u00e7\u00e3o tem dura\u00e7\u00e3o de 60 dias. Se j\u00e1 se passaram 60 dias desde a sua compra, n\u00e3o podemos oferecer um reembolso total ou uma troca.<\/p>\n\n\n\n<p>Para ser eleg\u00edvel para uma devolu\u00e7\u00e3o, o produto deve estar sem uso e nas mesmas condi\u00e7\u00f5es em que foi recebido. Tamb\u00e9m deve estar na embalagem original.<\/p>\n\n\n\n<p>Para concluir sua devolu\u00e7\u00e3o, precisamos do recibo ou comprovante de compra.<\/p>\n\n\n\n<p>Por favor, n\u00e3o envie sua compra de volta ao fabricante.<\/p>\n\n\n\n<p>Existem situa\u00e7\u00f5es espec\u00edficas em que apenas reembolsos parciais s\u00e3o concedidos:<\/p>\n\n\n\n<ul class=\"wp-block-list\">\n<li>Qualquer item que n\u00e3o esteja em sua condi\u00e7\u00e3o original, esteja danificado ou com pe\u00e7as faltando por motivos que n\u00e3o sejam de nossa responsabilidade.<\/li>\n\n\n\n<li>Qualquer item devolvido mais de 60 dias ap\u00f3s a entrega.<\/li>\n<\/ul>\n\n\n\n<p>Assim que recebermos e inspecionarmos sua devolu\u00e7\u00e3o, enviaremos um e-mail para notific\u00e1-lo(a) de que recebemos o item devolvido. Tamb\u00e9m o(a) notificaremos sobre a aprova\u00e7\u00e3o ou rejei\u00e7\u00e3o do seu reembolso.<\/p>\n\n\n\n<p>Se sua solicita\u00e7\u00e3o for aprovada, seu reembolso ser\u00e1 processado e o cr\u00e9dito ser\u00e1 automaticamente aplicado ao seu cart\u00e3o de cr\u00e9dito ou m\u00e9todo de pagamento original dentro de alguns dias.<\/p>\n\n\n\n<h2 class=\"wp-block-heading\"><strong>Reembolsos atrasados ou n\u00e3o recebidos<\/strong><\/h2>\n\n\n\n<p>Se voc\u00ea ainda n\u00e3o recebeu o reembolso, verifique novamente sua conta banc\u00e1ria.<\/p>\n\n\n\n<p>Em seguida, entre em contato com a sua operadora de cart\u00e3o de cr\u00e9dito. Pode levar algum tempo at\u00e9 que o reembolso seja processado.<\/p>\n\n\n\n<p>Em seguida, entre em contato com seu banco. Geralmente, h\u00e1 um per\u00edodo de processamento antes que o reembolso seja creditado.<\/p>\n\n\n\n<p>Se voc\u00ea j\u00e1 fez tudo isso e ainda n\u00e3o recebeu seu reembolso, entre em contato conosco pelo endere\u00e7o:\u00a0<a href=\"\/pt\/support@vivinaillab.com\/\">support@vivinaillab.com<\/a>\u00a0<\/p>\n\n\n\n<h2 class=\"wp-block-heading\"><strong>Itens em promo\u00e7\u00e3o<\/strong><\/h2>\n\n\n\n<p>Apenas itens com pre\u00e7o normal podem ser reembolsados. Itens em promo\u00e7\u00e3o n\u00e3o podem ser reembolsados.<\/p>\n\n\n\n<p>S\u00f3 substitu\u00edmos artigos se estiverem defeituosos ou danificados. Se precisar de trocar o artigo pelo mesmo produto, envie-nos um e-mail para\u00a0<a href=\"\/pt\/support@vivinaillab.com\/\">support@vivinaillab.com<\/a>\u00a0<\/p>\n\n\n\n<p>Se o item foi marcado como presente no momento da compra e enviado diretamente para voc\u00ea, voc\u00ea receber\u00e1 um cr\u00e9dito no valor da sua devolu\u00e7\u00e3o. Assim que o item devolvido for recebido, um vale-presente ser\u00e1 enviado para o seu endere\u00e7o.<\/p>\n\n\n\n<p>Se o item n\u00e3o foi marcado como presente no momento da compra, ou se quem deu o presente pediu que o pedido fosse enviado para si mesmo para entregar a voc\u00ea posteriormente, enviaremos o reembolso para quem deu o presente e essa pessoa ficar\u00e1 sabendo da sua devolu\u00e7\u00e3o.<\/p>\n\n\n\n<p>Voc\u00ea ser\u00e1 respons\u00e1vel pelo pagamento dos custos de envio para a devolu\u00e7\u00e3o do seu produto. Os custos de envio n\u00e3o s\u00e3o reembols\u00e1veis. Caso receba um reembolso, o custo do frete de devolu\u00e7\u00e3o ser\u00e1 deduzido do valor reembolsado.<\/p>\n\n\n\n<p>Dependendo de onde voc\u00ea mora, o tempo que seu produto trocado levar\u00e1 para chegar at\u00e9 voc\u00ea pode variar.<\/p>\n\n\n\n<p>Se estiver devolvendo itens mais caros, considere usar um servi\u00e7o de envio rastre\u00e1vel ou contratar um seguro de envio. N\u00e3o garantimos o recebimento do item devolvido.<\/p>\n\n\n\n<p>Entre em contato conosco em\u00a0<a href=\"\/pt\/support@vivinaillab.com\/\">support@vivinaillab.com<\/a>\u00a0Para d\u00favidas relacionadas a reembolsos e devolu\u00e7\u00f5es.<\/p>","protected":false},"excerpt":{"rendered":"<p>Vis\u00e3o geral Nossa pol\u00edtica de reembolso e devolu\u00e7\u00e3o tem dura\u00e7\u00e3o de 60 dias. Se j\u00e1 se passaram 60 dias desde a sua compra, n\u00e3o podemos oferecer um reembolso total ou uma troca.<span class=\"excerpt-hellip\"> [\u2026]<\/span><\/p>","protected":false},"author":1,"featured_media":0,"parent":0,"menu_order":0,"comment_status":"closed","ping_status":"closed","template":"","meta":{"footnotes":""},"class_list":["post-527","page","type-page","status-publish","hentry"],"yoast_head":"<!-- This site is optimized with the Yoast SEO plugin v26.6 - https:\/\/yoast.com\/wordpress\/plugins\/seo\/ -->\n<title>Refund and Returns Policy - ViviNail - Professional Nail Gel Supply<\/title>\n<meta name=\"robots\" content=\"index, follow, max-snippet:-1, max-image-preview:large, max-video-preview:-1\" \/>\n<link rel=\"canonical\" href=\"https:\/\/vivinaillab.com\/pt\/refund-and-returns-policy\/\" \/>\n<meta property=\"og:locale\" content=\"pt_BR\" \/>\n<meta property=\"og:type\" content=\"article\" \/>\n<meta property=\"og:title\" content=\"Refund and Returns Policy - ViviNail - Professional Nail Gel Supply\" \/>\n<meta property=\"og:description\" content=\"Overview Our refund and returns policy lasts 60 days. If 60 days have passed since your purchase, we can\u2019t offer you a full refund or exchange. [\u2026]\" \/>\n<meta property=\"og:url\" content=\"https:\/\/vivinaillab.com\/pt\/refund-and-returns-policy\/\" \/>\n<meta property=\"og:site_name\" content=\"ViviNail - Professional Nail Gel Supply\" \/>\n<meta property=\"article:modified_time\" content=\"2026-01-28T07:14:37+00:00\" \/>\n<meta name=\"twitter:card\" content=\"summary_large_image\" \/>\n<meta name=\"twitter:label1\" content=\"Est. tempo de leitura\" \/>\n\t<meta name=\"twitter:data1\" content=\"3 minutos\" \/>\n<script type=\"application\/ld+json\" class=\"yoast-schema-graph\">{\"@context\":\"https:\/\/schema.org\",\"@graph\":[{\"@type\":\"WebPage\",\"@id\":\"https:\/\/vivinaillab.com\/refund-and-returns-policy\/\",\"url\":\"https:\/\/vivinaillab.com\/refund-and-returns-policy\/\",\"name\":\"Refund and Returns Policy - ViviNail - Professional Nail Gel Supply\",\"isPartOf\":{\"@id\":\"https:\/\/vivinaillab.com\/#website\"},\"datePublished\":\"2026-01-28T07:14:36+00:00\",\"dateModified\":\"2026-01-28T07:14:37+00:00\",\"breadcrumb\":{\"@id\":\"https:\/\/vivinaillab.com\/refund-and-returns-policy\/#breadcrumb\"},\"inLanguage\":\"pt-BR\",\"potentialAction\":[{\"@type\":\"ReadAction\",\"target\":[\"https:\/\/vivinaillab.com\/refund-and-returns-policy\/\"]}]},{\"@type\":\"BreadcrumbList\",\"@id\":\"https:\/\/vivinaillab.com\/refund-and-returns-policy\/#breadcrumb\",\"itemListElement\":[{\"@type\":\"ListItem\",\"position\":1,\"name\":\"Home\",\"item\":\"https:\/\/vivinaillab.com\/\"},{\"@type\":\"ListItem\",\"position\":2,\"name\":\"Refund and Returns Policy\"}]},{\"@type\":\"WebSite\",\"@id\":\"https:\/\/vivinaillab.com\/#website\",\"url\":\"https:\/\/vivinaillab.com\/\",\"name\":\"ViviNail - Professional Nail Gel Supply\",\"description\":\"ViviNail - Professional Nail Gel Supply\",\"potentialAction\":[{\"@type\":\"SearchAction\",\"target\":{\"@type\":\"EntryPoint\",\"urlTemplate\":\"https:\/\/vivinaillab.com\/?s={search_term_string}\"},\"query-input\":{\"@type\":\"PropertyValueSpecification\",\"valueRequired\":true,\"valueName\":\"search_term_string\"}}],\"inLanguage\":\"pt-BR\"}]}<\/script>\n<!-- \/ Yoast SEO plugin. -->","yoast_head_json":{"title":"Refund and Returns Policy - ViviNail - Professional Nail Gel Supply","robots":{"index":"index","follow":"follow","max-snippet":"max-snippet:-1","max-image-preview":"max-image-preview:large","max-video-preview":"max-video-preview:-1"},"canonical":"https:\/\/vivinaillab.com\/pt\/refund-and-returns-policy\/","og_locale":"pt_BR","og_type":"article","og_title":"Refund and Returns Policy - ViviNail - Professional Nail Gel Supply","og_description":"Overview Our refund and returns policy lasts 60 days. If 60 days have passed since your purchase, we can\u2019t offer you a full refund or exchange. [\u2026]","og_url":"https:\/\/vivinaillab.com\/pt\/refund-and-returns-policy\/","og_site_name":"ViviNail - Professional Nail Gel Supply","article_modified_time":"2026-01-28T07:14:37+00:00","twitter_card":"summary_large_image","twitter_misc":{"Est. tempo de leitura":"3 minutos"},"schema":{"@context":"https:\/\/schema.org","@graph":[{"@type":"WebPage","@id":"https:\/\/vivinaillab.com\/refund-and-returns-policy\/","url":"https:\/\/vivinaillab.com\/refund-and-returns-policy\/","name":"Refund and Returns Policy - ViviNail - Professional Nail Gel Supply","isPartOf":{"@id":"https:\/\/vivinaillab.com\/#website"},"datePublished":"2026-01-28T07:14:36+00:00","dateModified":"2026-01-28T07:14:37+00:00","breadcrumb":{"@id":"https:\/\/vivinaillab.com\/refund-and-returns-policy\/#breadcrumb"},"inLanguage":"pt-BR","potentialAction":[{"@type":"ReadAction","target":["https:\/\/vivinaillab.com\/refund-and-returns-policy\/"]}]},{"@type":"BreadcrumbList","@id":"https:\/\/vivinaillab.com\/refund-and-returns-policy\/#breadcrumb","itemListElement":[{"@type":"ListItem","position":1,"name":"Home","item":"https:\/\/vivinaillab.com\/"},{"@type":"ListItem","position":2,"name":"Refund and Returns Policy"}]},{"@type":"WebSite","@id":"https:\/\/vivinaillab.com\/#website","url":"https:\/\/vivinaillab.com\/","name":"ViviNail - Professional Nail Gel Supply","description":"ViviNail - Professional Nail Gel Supply","potentialAction":[{"@type":"SearchAction","target":{"@type":"EntryPoint","urlTemplate":"https:\/\/vivinaillab.com\/?s={search_term_string}"},"query-input":{"@type":"PropertyValueSpecification","valueRequired":true,"valueName":"search_term_string"}}],"inLanguage":"pt-BR"}]}},"_links":{"self":[{"href":"https:\/\/vivinaillab.com\/pt\/wp-json\/wp\/v2\/pages\/527","targetHints":{"allow":["GET"]}}],"collection":[{"href":"https:\/\/vivinaillab.com\/pt\/wp-json\/wp\/v2\/pages"}],"about":[{"href":"https:\/\/vivinaillab.com\/pt\/wp-json\/wp\/v2\/types\/page"}],"author":[{"embeddable":true,"href":"https:\/\/vivinaillab.com\/pt\/wp-json\/wp\/v2\/users\/1"}],"replies":[{"embeddable":true,"href":"https:\/\/vivinaillab.com\/pt\/wp-json\/wp\/v2\/comments?post=527"}],"version-history":[{"count":1,"href":"https:\/\/vivinaillab.com\/pt\/wp-json\/wp\/v2\/pages\/527\/revisions"}],"predecessor-version":[{"id":528,"href":"https:\/\/vivinaillab.com\/pt\/wp-json\/wp\/v2\/pages\/527\/revisions\/528"}],"wp:attachment":[{"href":"https:\/\/vivinaillab.com\/pt\/wp-json\/wp\/v2\/media?parent=527"}],"curies":[{"name":"wp","href":"https:\/\/api.w.org\/{rel}","templated":true}]}}